{"id":206,"date":"2019-01-28T11:07:20","date_gmt":"2019-01-28T10:07:20","guid":{"rendered":"http:\/\/wordpress.nibis.de\/gymlox\/?page_id=206"},"modified":"2025-05-19T17:12:16","modified_gmt":"2025-05-19T15:12:16","slug":"bibliothek","status":"publish","type":"page","link":"https:\/\/wordpress.nibis.de\/gymlox\/bibliothek\/","title":{"rendered":"Bibliothek"},"content":{"rendered":"\n<p><strong>Die Schulbibliothek des Schulzentrums Loxstedt<\/strong><\/p>\n\n\n\n<p>Wir haben t\u00e4glich in der 2. gro\u00dfen Pause (11:10-11:30 Uhr) ge\u00f6ffnet!<\/p>\n\n\n\n<p>Unsere Schulbibliothek ist f\u00fcr alle Sch\u00fcler des Schulzentrums offen. Die Ausleihe ist prinzipiell kostenfrei, erst bei versp\u00e4teter R\u00fcckgabe k\u00f6nnen Geb\u00fchren entstehen.<\/p>\n\n\n\n<p>Wir haben einen gro\u00dfen Bestand an Medien: \u00fcber 2000 B\u00fccher und auch \u00fcber 100 H\u00f6rb\u00fccher.<\/p>\n\n\n\n<p>Unsere zwei gr\u00f6\u00dften Abteilungen sind \u201e5.1: Erz\u00e4hlungen f\u00fcr Kinder von 9 bis 12\u201c und \u201e5.2: Erz\u00e4hlungen und Romane f\u00fcr Kinder ab 13\u201c. Die B\u00fccher sind unterteilt in verschiedene Kategorien wie zum Beispiel \u201eFantasy\u201c, \u201eDetektivgeschichten\u201c, \u201eFu\u00dfball\u201c, \u201ePferde\u201c, \u201eMinecraft\u201c und viele mehr.&nbsp;<\/p>\n\n\n\n<p>Aber neben den Romanen stehen auch Nachschlagewerke wie Duden und Lexika zur Verf\u00fcgung. Unser Bestand an Sachb\u00fcchern ist ebenfalls umfangreich. Hier findet man etwas zu Themen wie \u201eTiere\u201c, \u201eGeschichte\u201c, \u201eNatur\u201c, \u201eTechnik\u201c, usw. Au\u00dferdem bieten wir eine Auswahl englischer Lekt\u00fcren in verschiedenen Schwierigkeitsgraden.<\/p>\n\n\n\n<p>In verschiedenen Jahrgangsstufen f\u00fchren wir regelm\u00e4\u00dfig Autorenlesungen durch.<\/p>\n\n\n\n<p>Zum Bibliotheksteam geh\u00f6ren Frau Henning und Herr Witte von der HRS sowie Frau Dreher und Frau Wolthoff vom Gymnasium.&nbsp;<\/p>\n\n\n\n<p>Einmal im Monat findet in der zweiten gro\u00dfen Pause eine \u201eLesepause\u201c statt, in der Sch\u00fcler ihr Lieblingsbuch anderen Sch\u00fclern vorlesen. Den n\u00e4chsten Termin findet man auf dem aktuellen Aushang.&nbsp;<\/p>\n\n\n\n<p>Wir versuchen, unser Angebot attraktiv f\u00fcr die Sch\u00fclerinnen und Sch\u00fcler zu gestalten. Deshalb haben wir am Tresen eine Box, in die man Anschaffungsw\u00fcnsche legen kann.<\/p>\n\n\n\n<p>Also, liebe Sch\u00fclerinnen und Sch\u00fcler!<br>Lasst ihr euch gerne in fantastische Welten, auf den Reiterhof oder in eine spannende Detektivgeschichte entf\u00fchren?<br>Oder interessiert ihr euch f\u00fcr Tiere, Fu\u00dfball, Angeln oder Liebesgeschichten?<br>M\u00fcsst ihr in Biologie ein Referat zum Thema Insekten oder in Erdkunde eins zum Thema W\u00fcsten halten?<br><\/p>\n\n\n\n<p>Schaut gerne mal bei uns rein, denn lesen macht Spa\u00df!<\/p>\n\n\n\n<p>Wir freuen uns auf euch!<\/p>\n\n\n\n<p>Das Bibliotheksteam<\/p>\n\n\n\n<figure class=\"wp-block-image size-full is-resized\"><img loading=\"lazy\" decoding=\"async\" src=\"https:\/\/wordpress.nibis.de\/gymlox\/files\/2022\/10\/IMG_8665-rotated.jpg\" alt=\"\" class=\"wp-image-1729\" width=\"667\" height=\"500\" \/><figcaption>Pause in der Bibliothek, Oktober 2022<\/figcaption><\/figure>\n\n\n\n<figure class=\"wp-block-image\"><img decoding=\"async\" src=\"https:\/\/wordpress.nibis.de\/gymlox\/files\/2019\/08\/IMG_4306-1.jpg\" alt=\"\" class=\"wp-image-420\" \/><figcaption>Das ist ein Foto der Autorenlesung mit Susanne Rauchhaus in der Gemeindebibliothek mit den 6. Klassen im November 2018<\/figcaption><\/figure>\n\n\n\n<figure class=\"wp-block-image\"><img decoding=\"async\" src=\"https:\/\/wordpress.nibis.de\/gymlox\/files\/2019\/08\/IMG_4645-1200x675.jpg\" alt=\"\" class=\"wp-image-422\" \/><figcaption>Das Bibliotheksteam dankt dem Schulverein, der die Anschaffung von zwei neuen Sitzs\u00e4cken f\u00fcr die Bibliothek erm\u00f6glicht hat.<br>Diese erfreuen sich speziell bei den F\u00fcnftkl\u00e4sslern gro\u00dfer Beliebtheit.<\/figcaption><\/figure>\n","protected":false},"excerpt":{"rendered":"<p>Die Schulbibliothek des Schulzentrums Loxstedt Wir haben t\u00e4glich in der 2. gro\u00dfen Pause (11:10-11:30 Uhr) ge\u00f6ffnet! Unsere Schulbibliothek ist f\u00fcr alle Sch\u00fcler des Schulzentrums offen. Die Ausleihe ist prinzipiell kostenfrei, erst bei versp\u00e4teter R\u00fcckgabe k\u00f6nnen Geb\u00fchren entstehen. Wir haben einen &hellip; <a href=\"https:\/\/wordpress.nibis.de\/gymlox\/bibliothek\/\">Weiterlesen <span class=\"meta-nav\">&rarr;<\/span><\/a><\/p>\n","protected":false},"author":1356,"featured_media":0,"parent":0,"menu_order":0,"comment_status":"closed","ping_status":"closed","template":"","meta":{"footnotes":""},"class_list":["post-206","page","type-page","status-publish","hentry"],"_links":{"self":[{"href":"https:\/\/wordpress.nibis.de\/gymlox\/wp-json\/wp\/v2\/pages\/206","targetHints":{"allow":["GET"]}}],"collection":[{"href":"https:\/\/wordpress.nibis.de\/gymlox\/wp-json\/wp\/v2\/pages"}],"about":[{"href":"https:\/\/wordpress.nibis.de\/gymlox\/wp-json\/wp\/v2\/types\/page"}],"author":[{"embeddable":true,"href":"https:\/\/wordpress.nibis.de\/gymlox\/wp-json\/wp\/v2\/users\/1356"}],"replies":[{"embeddable":true,"href":"https:\/\/wordpress.nibis.de\/gymlox\/wp-json\/wp\/v2\/comments?post=206"}],"version-history":[{"count":8,"href":"https:\/\/wordpress.nibis.de\/gymlox\/wp-json\/wp\/v2\/pages\/206\/revisions"}],"predecessor-version":[{"id":2276,"href":"https:\/\/wordpress.nibis.de\/gymlox\/wp-json\/wp\/v2\/pages\/206\/revisions\/2276"}],"wp:attachment":[{"href":"https:\/\/wordpress.nibis.de\/gymlox\/wp-json\/wp\/v2\/media?parent=206"}],"curies":[{"name":"wp","href":"https:\/\/api.w.org\/{rel}","templated":true}]}}