{"id":208,"date":"2019-01-28T11:07:55","date_gmt":"2019-01-28T10:07:55","guid":{"rendered":"http:\/\/wordpress.nibis.de\/gymlox\/?page_id=208"},"modified":"2019-11-10T21:09:48","modified_gmt":"2019-11-10T20:09:48","slug":"gemeinde-schule","status":"publish","type":"page","link":"https:\/\/wordpress.nibis.de\/gymlox\/gemeinde-schule\/","title":{"rendered":"Gemeinde und Schule"},"content":{"rendered":"\n<p>Unsere Schule arbeitet eng mit der <a href=\"https:\/\/duene4.de\/\" target=\"_blank\" rel=\"noreferrer noopener\" aria-label=\"Jugendpflege der Gemeinde Loxstedt (\u00f6ffnet in neuem Tab)\">Jugendpflege der Gemeinde Loxstedt<\/a> zusammen.<\/p>\n\n\n\n<p class=\"has-large-font-size\">JUGENDFORUM &#8211; JUFO<\/p>\n\n\n\n<p>St\u00f6rt dich was?<br>In Loxstedt ist der beste Ort f\u00fcr Kinder und Jugendliche, zu \u00e4ndern, was sie st\u00f6rt, das Jugendforum.  <br>Das Jugendforum ist ein Treffen zwischen den Entscheider*innen in der Gemeinde und euch. \u00a0<br>Einmal im Jahr k\u00f6nnt ihr dort sagen, was anders laufen muss. Und die Erwachsenen m\u00fcssen euch zuh\u00f6ren.\u00a0<br>Zur Vorbereitung des Jugendforums braucht es ein Orgateam aus Kindern und Jugendlichen. \u00a0<br>Los geht&#8217;s mit dem KickOff in der Schule. Ab da arbeitet das Orgateam ungef\u00e4hr ein halbes Jahr. Auf dem Plakat jufo kochen kannst du sehen, was gemacht wird.\u00a0<br>St\u00f6rt dich was und kannst du das allein nicht \u00e4ndern? Dann melde dich f\u00fcr&#8217;s Orgateam!<\/p>\n\n\n\n<figure class=\"wp-block-image\"><img decoding=\"async\" src=\"https:\/\/wordpress.nibis.de\/gymlox\/files\/2019\/08\/19-jufo-kochen-A0.jpg\" alt=\"\" class=\"wp-image-520\" \/><\/figure>\n\n\n\n<p>Wir wollen dich an den Entscheidungsprozessen der Gemeinde beteiligen! Schlie\u00dflich ist es gesetzlich festgelegt, dass Kinder und Jugendliche bei politischen Entscheidungen gefragt werden m\u00fcssen. Dazu haben Sch\u00fcler*innen aus der Gemeinde und die Jugendpflege das Jugendforum ins Leben gerufen, das nun schon seit 2008 besteht.<\/p>\n\n\n\n<h2 class=\"wp-block-heading\"><strong>GO SPORTS<\/strong><\/h2>\n\n\n\n<p>Bereits achtmal, erstmals 2003, veranstaltete die Jugendpflege Loxstedt \u201e<a href=\"https:\/\/duene4.de\/go\/sports\/\" target=\"_blank\" rel=\"noreferrer noopener\" aria-label=\"Loxstedt go sports (\u00f6ffnet in neuem Tab)\">Loxstedt go sports<\/a>\u201c. Das sportliche Event begeisterte regelm\u00e4\u00dfig \u00fcber 7.000 Kinder, Jugendliche und Erwachsene. Die etwa 350 Helfer aus den Vereinen, den Schulen und Kinderg\u00e4rten, der Polizei, der Gemeinde, der Kirche und den Gewerbetreibenden haben ein buntes Programm auf die Beine gestellt, welches weit \u00fcber die Gemeindegrenzen hinweg f\u00fcr Furore sorgte.<br>Die Erfolgsstory wird 2019 fortgesetzt. Wie immer unter dem Motto \u201eLoxstedt go sports 2019\u201c Aktiv gegen Gewalt, Drogen, Alkohol und Rauchen w\u00fcnschen wir uns, dass es auch in diesem Jahr zu einem Event f\u00fcr die ganze Familie wird.<br>Sport h\u00e4lt Kopf und K\u00f6rper fit, wirkt positiv auf Selbstbewusstsein und Wohlbefinden und st\u00e4rkt gleichzeitig den gesellschaftlichen Zusammenhalt zwischen Menschen verschiedenen Alters oder Herkunft.<br>Der Ortskern von Loxstedt wird f\u00fcr den Verkehr gesperrt. Auf der Bahnhofstra\u00dfe, dem Marktplatz, dem Gertrudenpark und \u201eumzu\u201c wird auf \u201eFelsen\u201c und Kisten geklettert und Inline-Hockey, Street-Soccer und Menschenkicker gespielt. Man wird wieder Bogen schie\u00dfen, Bungee-Trampolin springen oder am Bobby-Car-Rennen teilnehmen k\u00f6nnen. Zu viel um hier alles aufzuz\u00e4hlen. Daneben gibt es ein tolles und abwechslungsreiches B\u00fchnenprogramm mit Musik und Vorf\u00fchrungen aller Art.<\/p>\n\n\n\n<p>Sowohl der Fachbereich Sport, als auch der Kunstbereich beteiligen sich jedes Jahr mit tollen Aktionen und Projekten. So gab es beispielsweise &#8222;Action-Painting&#8220; zum Mitmachen, Akrobatik oder Kunstwerke nach David Hockney, welche als Nachklang auf die Veranstaltung in den Gesch\u00e4ften der Bahnhofstra\u00dfe ausgestellt wurden.<\/p>\n\n\n\n<p><br><\/p>\n","protected":false},"excerpt":{"rendered":"<p>Unsere Schule arbeitet eng mit der Jugendpflege der Gemeinde Loxstedt zusammen. JUGENDFORUM &#8211; JUFO St\u00f6rt dich was?In Loxstedt ist der beste Ort f\u00fcr Kinder und Jugendliche, zu \u00e4ndern, was sie st\u00f6rt, das Jugendforum. Das Jugendforum ist ein Treffen zwischen den &hellip; <a href=\"https:\/\/wordpress.nibis.de\/gymlox\/gemeinde-schule\/\">Weiterlesen <span class=\"meta-nav\">&rarr;<\/span><\/a><\/p>\n","protected":false},"author":1356,"featured_media":0,"parent":0,"menu_order":0,"comment_status":"closed","ping_status":"closed","template":"","meta":{"footnotes":""},"class_list":["post-208","page","type-page","status-publish","hentry"],"_links":{"self":[{"href":"https:\/\/wordpress.nibis.de\/gymlox\/wp-json\/wp\/v2\/pages\/208","targetHints":{"allow":["GET"]}}],"collection":[{"href":"https:\/\/wordpress.nibis.de\/gymlox\/wp-json\/wp\/v2\/pages"}],"about":[{"href":"https:\/\/wordpress.nibis.de\/gymlox\/wp-json\/wp\/v2\/types\/page"}],"author":[{"embeddable":true,"href":"https:\/\/wordpress.nibis.de\/gymlox\/wp-json\/wp\/v2\/users\/1356"}],"replies":[{"embeddable":true,"href":"https:\/\/wordpress.nibis.de\/gymlox\/wp-json\/wp\/v2\/comments?post=208"}],"version-history":[{"count":9,"href":"https:\/\/wordpress.nibis.de\/gymlox\/wp-json\/wp\/v2\/pages\/208\/revisions"}],"predecessor-version":[{"id":908,"href":"https:\/\/wordpress.nibis.de\/gymlox\/wp-json\/wp\/v2\/pages\/208\/revisions\/908"}],"wp:attachment":[{"href":"https:\/\/wordpress.nibis.de\/gymlox\/wp-json\/wp\/v2\/media?parent=208"}],"curies":[{"name":"wp","href":"https:\/\/api.w.org\/{rel}","templated":true}]}}