{"id":212,"date":"2019-01-28T11:08:48","date_gmt":"2019-01-28T10:08:48","guid":{"rendered":"http:\/\/wordpress.nibis.de\/gymlox\/?page_id=212"},"modified":"2022-09-25T07:14:33","modified_gmt":"2022-09-25T05:14:33","slug":"sanitaetsdienst","status":"publish","type":"page","link":"https:\/\/wordpress.nibis.de\/gymlox\/sanitaetsdienst\/","title":{"rendered":"Sanit\u00e4tsdienst"},"content":{"rendered":"\n<p><strong>Geschafft!<\/strong><\/p>\n\n\n\n<figure class=\"wp-block-image size-large\"><img loading=\"lazy\" decoding=\"async\" width=\"1200\" height=\"675\" src=\"https:\/\/wordpress.nibis.de\/gymlox\/files\/2022\/09\/IMG_1381-1-1200x675.jpeg\" alt=\"\" class=\"wp-image-1714\" srcset=\"https:\/\/wordpress.nibis.de\/gymlox\/files\/2022\/09\/IMG_1381-1-1200x675.jpeg 1200w, https:\/\/wordpress.nibis.de\/gymlox\/files\/2022\/09\/IMG_1381-1-850x478.jpeg 850w, https:\/\/wordpress.nibis.de\/gymlox\/files\/2022\/09\/IMG_1381-1-250x141.jpeg 250w\" sizes=\"auto, (max-width: 1200px) 100vw, 1200px\" \/><\/figure>\n\n\n\n<p>Im Lehrerzimmer erleidet eine Lehrkraft einen Herzinfarkt, gleichzeitig st\u00fcrzt ein Sch\u00fcler die Treppe in der Pausenhalle herunter.<\/p>\n\n\n\n<p>F\u00fcr die Sanit\u00e4ter:innen, die mit ihrem Einsatzmaterial zur Einsatzstelle kommen, eine echte Herausforderung! Aber nicht wegen der zu versorgenden Krankheiten und Verletzungen \u2013&nbsp;&nbsp;hier wissen sie, was zu tun ist. Die Spannung entsteht, weil sie wissen, dass ein aufmerksamer Pr\u00fcfer (auf dem Bild im Hintergrund) in der N\u00e4he steht und sie genau bei der Arbeit beobachtet. Hin und wieder macht er sich Notizen.<\/p>\n\n\n\n<p>Erst, nachdem er in die Rolle des Rettungsdienstes geschl\u00fcpft ist und sich die Patienten \u00fcbergeben l\u00e4sst und dabei ihr Einsatzprotokoll sorgf\u00e4ltig liest \u2013 erst danach wird die Situation pl\u00f6tzlich entspannter. \u201eGut gemacht!\u201c So sein Urteil, nachdem der Einsatz noch einmal nach erlerntem Muster gemeinsam analysiert wurde.<\/p>\n\n\n\n<p>Noch ist die Pr\u00fcfung nicht vorbei! Erst nachdem die angehenden Einsatzkr\u00e4fte in einem Pr\u00fcfungsgespr\u00e4ch ihr Fachwissen unter Beweis gestellt haben und auch hier der Beatmungsbeutel und das Sauerstoffger\u00e4t unter seinem kritischen Blick richtig bedient wurden ist es endlich geschafft!<\/p>\n\n\n\n<p>Alle Vier halten nun \u2013 nachdem alle drei Pr\u00fcfungsteile erfolgreich gemeistert wurden \u2013 voller Stolz ihre Urkunde in der Hand.<\/p>\n\n\n\n<p>Unsere Sanit\u00e4tskr\u00e4fte werden nicht nur in der Schule eingesetzt, sondern werden auch zu Sanit\u00e4tsdiensten au\u00dferhalb gerufen. Die Sanit\u00e4tsdienste der DLRG und des DRK sind dankbar, wenn sie durch die ausgebildeten Kr\u00e4fte aus dem Gymnasium Loxstedt Verst\u00e4rkung bekommen.<\/p>\n\n\n\n<p>Herzlichen Gl\u00fcckwunsch!<\/p>\n\n\n\n<p>Detlef Niesche<\/p>\n\n\n\n<p>22.9.22<\/p>\n\n\n\n<p><strong>Sanit\u00e4tslehrgang am Gymnasium Loxstedt<\/strong><\/p>\n\n\n\n<p>In der Woche vor den Ferien ist f\u00fcr viele Lernende de Schule nicht mehr ganz so viel zu tun wie im \u00fcbrigen Schuljahr. Allerdings nicht f\u00fcr f\u00fcnf Sch\u00fclerinne und Sch\u00fcler, die in dieser Woche noch einmal einen Endspurt hinlegten. Vom 4.7. bis zum 9.7. nahmen sie -fast jeden Tag ganzt\u00e4gig- am Sanit\u00e4tslehrgang teil. Hier wurden sie zu vollwertigen Sanit\u00e4ter:innen ausgebildet, die ab jetzt mit Sauerstoffger\u00e4t, Schienen und EKG-Monitor Leben retten k\u00f6nnen und auch bei schweren Verletzungen oder ernsthaften Erkrankungen eine fachgerechte Versorgung gew\u00e4hrleisten k\u00f6nnen. Wenn die Covid-19 Pandemie es zul\u00e4sst, werden sie, wie ihre Vorg\u00e4nger:innen auch, bei Sanit\u00e4tsdiensten au\u00dferhalb der Schule ihr Fachwissen einbringen. Die theoretische Pr\u00fcfung haben alle bereits bestanden. Aus organisatorischen Gr\u00fcnden (der externe Pr\u00fcfer hatte leider keinen Termin frei) legen die Sch\u00fcler;innen die praktische Pr\u00fcfung in den Sommerferien ab. Die Schule dankt den f\u00fcnf Lehrgangsteilnehmer:innen f\u00fcr ihr Engagement!&#8220;<\/p>\n\n\n\n<p> <\/p>\n\n\n\n<figure class=\"wp-block-image size-large\"><img loading=\"lazy\" decoding=\"async\" width=\"1200\" height=\"675\" src=\"https:\/\/wordpress.nibis.de\/gymlox\/files\/2022\/07\/IMG_1016-1200x675.jpg\" alt=\"\" class=\"wp-image-1598\" srcset=\"https:\/\/wordpress.nibis.de\/gymlox\/files\/2022\/07\/IMG_1016-1200x675.jpg 1200w, https:\/\/wordpress.nibis.de\/gymlox\/files\/2022\/07\/IMG_1016-850x478.jpg 850w, https:\/\/wordpress.nibis.de\/gymlox\/files\/2022\/07\/IMG_1016-250x141.jpg 250w\" sizes=\"auto, (max-width: 1200px) 100vw, 1200px\" \/><\/figure>\n\n\n\n<p><strong>Der Sanit\u00e4tsdienst (ab Jahrgang 9<\/strong>)&nbsp;&nbsp;&nbsp;&nbsp;&nbsp;&nbsp;&nbsp;&nbsp;&nbsp;&nbsp;&nbsp;&nbsp;&nbsp;&nbsp;&nbsp;&nbsp;&nbsp;&nbsp;&nbsp;&nbsp;&nbsp;&nbsp;&nbsp;&nbsp;&nbsp;&nbsp;&nbsp;&nbsp;&nbsp;&nbsp;&nbsp;&nbsp; <\/p>\n\n\n\n<figure class=\"wp-block-image\"><img decoding=\"async\" src=\"https:\/\/wordpress.nibis.de\/gymlox\/files\/2019\/08\/Sani-6-1200x675.jpg\" alt=\"\" class=\"wp-image-661\" \/><\/figure>\n\n\n\n<ul class=\"wp-block-list\"><li>Du bist ein richtiger Sanit\u00e4tshelfer (so ist die offizielle Bezeichnung)!      <\/li><li>Jetzt bist du der\/diejenige, der\/die gerufen wird, wenn sich die Ersthelfer unsicher sind und kannst beraten. Und du wei\u00dft sicher, wo deine F\u00e4higkeiten aufh\u00f6ren und du professionelle Hilfe alarmieren musst. Aber vor allem: Du wei\u00dft jetzt, dass \u201eHilfe organisieren\u201c kein Zeichen von \u201eSchw\u00e4che\u201c ist, sondern zu einer guten Versorgung dazugeh\u00f6rt!<\/li><li>Zu den Donnerstags-Stunden kommst du nicht mehr regelm\u00e4\u00dfig, stattdessen gibt es in gr\u00f6\u00dferen Abst\u00e4nden (etwa viermal im Jahr) ein l\u00e4ngeres Sanit\u00e4tstraining, an dem du das Gelernte auffrischst und trainierst.<\/li><li>Ach ja\u2026. Ab und zu kann es auch mal vorkommen, dass sich ein Alarm als \u00dcbung      herausstellt und die besonders schwere Verletzung doch nur geschminkt war.<\/li><li>Die gemeinsame Nachbesprechung ist dann aber genauso gr\u00fcndlich wie bei den      echten Notrufen\u2026<\/li><\/ul>\n\n\n\n<p><strong><br>\nDas machen wir:<\/strong><\/p>\n\n\n\n<ul class=\"wp-block-list\"><li>Wir versorgen mit unseren <a href=\"..\/Downloads\/San-Rucksack.doc\">Ger\u00e4ten<\/a><br> &#8211; Patienten mit schweren Verletzungen<br> &#8211; oder akuten Erkrankungen.<br><\/li><\/ul>\n\n\n\n<figure class=\"wp-block-image\"><img loading=\"lazy\" decoding=\"async\" width=\"761\" height=\"675\" src=\"https:\/\/wordpress.nibis.de\/gymlox\/files\/2019\/08\/rucksack-1-761x675.jpg\" alt=\"\" class=\"wp-image-630\" \/><\/figure>\n\n\n\n<ul class=\"wp-block-list\"><li>Wir sichern die Vitalfunktionen<br> (Atmung, Kreislauf, Bewusstsein)<br><\/li><\/ul>\n\n\n\n<figure class=\"wp-block-image\"><img decoding=\"async\" src=\"https:\/\/wordpress.nibis.de\/gymlox\/files\/2019\/08\/Sani-2-2-1200x675.jpg\" alt=\"\" class=\"wp-image-668\" \/><\/figure>\n\n\n\n<ul class=\"wp-block-list\"><li>F\u00fchren eine erweiterte Erstversorgung durch, <br><\/li><li>dokumentieren das Ereignis f\u00fcr den Rettungsdienst, die Rettungsstelle, bzw. die\/den weiterbehandelnden \u00c4rztin\/Arzt.<\/li><\/ul>\n\n\n\n<figure class=\"wp-block-image\"><img decoding=\"async\" src=\"https:\/\/wordpress.nibis.de\/gymlox\/files\/2019\/08\/Sani-5-1-1200x675.jpg\" alt=\"\" class=\"wp-image-669\" \/><\/figure>\n\n\n\n<p>Alarmiert werden wir direkt von Lehrkr\u00e4ften, dem Sekretariat oder Ersthelfern. In der Schule erkennt man uns an unseren roten Westen.<br>Wir treffen uns einmal in der Woche zu einer Kurzbesprechung, um aktuelle Dinge zu besprechen.<\/p>\n\n\n\n<p>Unseren Notfallkoffer \u00fcberpr\u00fcfen wir selbstst\u00e4ndig, unsere Dienstpl\u00e4ne machen wir alleine. <br> <br> <\/p>\n\n\n\n<figure class=\"wp-block-image\"><img decoding=\"async\" src=\"https:\/\/wordpress.nibis.de\/gymlox\/files\/2019\/08\/Sani-3-1-1200x675.jpg\" alt=\"\" class=\"wp-image-670\" \/><\/figure>\n\n\n\n<p><br>\n<strong>Qualit\u00e4tssicherung<\/strong><\/p>\n\n\n\n<p>Aufgrund unserer Ausbildung\nsind wir ein vollwertiger Sanit\u00e4tsdienst, daher \u00fcbernehmen wir mehr\nVerantwortung als ein \u201e<em>Schul<\/em>sanit\u00e4tsdienst\u201c.\nUm dieser Verantwortung gerecht zu werden halten wir uns auch nach unserer\nPr\u00fcfung \u201efit\u201c.<\/p>\n\n\n\n<ul class=\"wp-block-list\"><li>Wir besprechen jeden gr\u00f6\u00dferen Einsatz im Team nach.<\/li><li>Wir suchen den Kontakt mit den Kliniken der Umgebung,\num R\u00fcckmeldungen \u00fcber unsere Ma\u00dfnahmen zu erhalten.<\/li><li>Satt des vorgeschriebenen zweit\u00e4gigen\n\u201eSanit\u00e4tstraining\u201c nach vier Jahren treffen wir uns \u00f6fter zu einem\nKurztraining. Hier trainieren wir mit den Ger\u00e4ten, die wir (zum Gl\u00fcck f\u00fcr\nunsere Mitsch\u00fcler und Lehrer) selten brauchen, beispielsweise die Absauganlage,\ndas Sauerstoffger\u00e4t, den Beatmungsbeutel und den AED.<br>\nAu\u00dferdem bilden wir uns \u00fcber Erkrankungen oder Verletzungen fort, die nicht\nimmer auf dem Ausbildungsplan stehen.<\/li><li>Hin und wieder \u201e\u00fcberrascht\u201c uns der AG-Leiter mit\n\u00dcbungseins\u00e4tzen. Sie laufen wie richtige Eins\u00e4tze ab, nur dass hier die\ngeschminkten Verletzungen oder Erkrankungen schwerer als \u00fcblich sind. Manchmal\nl\u00e4uft hier auch eine Kamera mit, die dann bei der Nachbesprechung (siehe oben)\neingesetzt wird.<\/li><li>&nbsp;Wir nehmen an\n\u00dcbungen der Hilfsorganisationen teil.<\/li><\/ul>\n\n\n\n<p><\/p>\n\n\n\n<p><\/p>\n\n\n\n<p><strong>Der\nSanit\u00e4tslehrgang<\/strong><\/p>\n\n\n\n<p>Dieses Bild kennt man: Am Sportplatz oder bei Gro\u00dfveranstaltungen sieht man Sanit\u00e4ter der Hilfsorganisationen (ASB &#8211; DLRG &#8211; DRK- JUH &#8211; MHD) stehen. Die \u201eSanit\u00e4tshelfer\u201c dieser Organisationen haben die gleiche Ausbildung und mussten alle eine \u00e4hnliche praktische und theoretische Pr\u00fcfung absolvieren. Die Mitglieder unseres Sanit\u00e4tsdienstes machen die gleiche Ausbildung und die gleiche Pr\u00fcfung. (Aus diesem Grund hatten wir auch schon \u201eG\u00e4ste\u201c des DRK und der DLRG bei uns, die ihre Ausbildung hier machten.) Bevor du am Sanit\u00e4tslehrgang teilnehmen darfst, musst du dich in der AG bew\u00e4hrt haben. <br> Du musst nicht nur die Erste-Hilfe-Ma\u00dfnahmen sicher beherrschen, sondern auch gezeigt haben, dass man sich auf dich verlassen kann.<br> Etwas Flei\u00df wird schon erwartet, denn allein der Lehrgang dauert vier volle Tage (1. bis zur 9.&nbsp;Stunde) am f\u00fcnften Tag ist die Pr\u00fcfung. Nach dem Lehrgang wird in regelm\u00e4\u00dfigen Abst\u00e4nden (nach der Schule) ge\u00fcbt und dein Wissen vertieft. <br> <br> Klingt furchtbar? Ist es aber nicht: Durch deine Arbeit in der AG kannst du schon eine Menge Vorwissen aufweisen und im Lehrgang \u00fcben wir mit dir so lange, bis du es kannst! <br> Dann bist du fit f\u00fcr den Einsatz und somit auch fit f\u00fcr die Pr\u00fcfung!<\/p>\n\n\n\n<figure class=\"wp-block-image\"><img decoding=\"async\" src=\"https:\/\/wordpress.nibis.de\/gymlox\/files\/2019\/08\/Sani-1-1200x675.jpg\" alt=\"\" class=\"wp-image-671\" \/><\/figure>\n\n\n\n<p>Im Lehrgang lernst du (z.B.)<\/p>\n\n\n\n<ul class=\"wp-block-list\"><li>die Atemwege mit Hilfsmitteln freizumachen und\nfreizuhalten<\/li><li>die\nSauerstoffanlage zu bedienen,<\/li><li>mit\nGer\u00e4ten zu beatmen,<\/li><li>Knochenbr\u00fcche\nmit besonderen Schienen ruhig zu stellen,<\/li><li>bedrohliche\nBlutungen mit Hilfsmitteln zu stoppen,<\/li><\/ul>\n\n\n\n<ul class=\"wp-block-list\"><li>lebensgef\u00e4hrliche\nErkrankungen zu erkennen und richtig zu versorgen,<\/li><\/ul>\n\n\n\n<ul class=\"wp-block-list\"><li>und, und,\nund\u2026.<\/li><\/ul>\n\n\n\n<p>Inhalte:<\/p>\n\n\n\n<ul class=\"wp-block-list\"><li>Definition \u201eNotfall\u201c<\/li><li>Rettungskette<\/li><li>Notruf<\/li><li>Grunds\u00e4tzliche Verhaltensweisen des\n     Sanit\u00e4tshelfers im Einsatz<\/li><li>Auffinden eines Notfallpatienten<\/li><li>Bewusstsein\/Bewusstseinsst\u00f6rungen<\/li><li>Nervensystem<\/li><li>Feststellen der Bewusstseinslage<\/li><li>Schnelle orientierende Ganzk\u00f6rperuntersuchung\n     (\u201eBodycheck\u201c)<\/li><li>Sanit\u00e4ts- und Notfallrucksack<\/li><li>Anatomie und Physiologie der Atmung<\/li><li>St\u00f6rungen der Atmung<\/li><li>Verlegung der Atemwege<\/li><li>Technische Unterweisung und Sicherheitsregeln bei\n     der <br>\n     Benutzung von Sauerstoffeinheiten<\/li><li>Anwendung des Guedeltubus<\/li><li>Beatmung mit Beatmungsbeutel und\n     Sauerstoffanreicherung<\/li><li>Sauerstoffinhalation<\/li><li>Anatomie\/Physiologie des Herzens,<br>\n     inkl. Reizleitungssystem<\/li><li>Elektrische Defibrillation<\/li><li>Automatisierte Elektrische Defibrillation<\/li><li>Reanimation mit AED<\/li><li>Reanimation bei Kindern<\/li><li>Herz-Kreislaufst\u00f6rungen<\/li><li>Schock<\/li><li>Akute Krankheitsbilder<br>\n     &#8211; Schlaganfall<br>\n     &#8211; Zerebrale Krampfanf\u00e4lle<br>\n     &#8211; Blutzuckerentgleisung<br>\n     &#8211; Akutes Abdomen<br>\n     &#8211; Arterielle und ven\u00f6se<br>\n     &nbsp; Gef\u00e4\u00dfverschl\u00fcsse<\/li><li>Thermische Sch\u00e4den<br>\n     &#8211; Sonnenstich<br>\n     &#8211; Hitzschlag<br>\n     &#8211; Hitzeersch\u00f6pfung<br>\n     &#8211; Verbrennungen\/Verbr\u00fchungen<br>\n     &#8211; Unterk\u00fchlung<br>\n     &#8211; Erfrierungen<\/li><li>&nbsp;St\u00fctz- und\n     Bewegungsapparat<\/li><li>Gelenkverletzung<\/li><li>Verletzung der Muskulatur<\/li><li>Knochenbruch<\/li><li>Alu-Polster Schiene (Sam Splint)<\/li><li>Halswirbels\u00e4ulenbruch (HWS-Fraktur)<\/li><li>HWS-St\u00fctzkragen (Stifneck)<br>\n     Verletzungen durch Nesseltiere<\/li><li>Zecken-\/Insektenstiche<\/li><li>Wunden<\/li><li>Bedrohliche Blutungen<\/li><li>Notverband<\/li><li>Tourniquet<\/li><li>Infektionskrankheiten<\/li><li>Infektionswege<\/li><li>Infektionsverh\u00fctung<\/li><li>Hygiene<\/li><li>Transportieren<\/li><li>St\u00fctzhilfe beim Gehen<\/li><li>Aufnehmen und Tragen<\/li><li>Schultertragegriff nach Rautek<\/li><li>Rettungstuch<\/li><li>Krankentrage<\/li><\/ul>\n","protected":false},"excerpt":{"rendered":"<p>Geschafft! Im Lehrerzimmer erleidet eine Lehrkraft einen Herzinfarkt, gleichzeitig st\u00fcrzt ein Sch\u00fcler die Treppe in der Pausenhalle herunter. F\u00fcr die Sanit\u00e4ter:innen, die mit ihrem Einsatzmaterial zur Einsatzstelle kommen, eine echte Herausforderung! Aber nicht wegen der zu versorgenden Krankheiten und Verletzungen &hellip; <a href=\"https:\/\/wordpress.nibis.de\/gymlox\/sanitaetsdienst\/\">Weiterlesen <span class=\"meta-nav\">&rarr;<\/span><\/a><\/p>\n","protected":false},"author":1356,"featured_media":0,"parent":0,"menu_order":0,"comment_status":"closed","ping_status":"closed","template":"","meta":{"footnotes":""},"class_list":["post-212","page","type-page","status-publish","hentry"],"_links":{"self":[{"href":"https:\/\/wordpress.nibis.de\/gymlox\/wp-json\/wp\/v2\/pages\/212","targetHints":{"allow":["GET"]}}],"collection":[{"href":"https:\/\/wordpress.nibis.de\/gymlox\/wp-json\/wp\/v2\/pages"}],"about":[{"href":"https:\/\/wordpress.nibis.de\/gymlox\/wp-json\/wp\/v2\/types\/page"}],"author":[{"embeddable":true,"href":"https:\/\/wordpress.nibis.de\/gymlox\/wp-json\/wp\/v2\/users\/1356"}],"replies":[{"embeddable":true,"href":"https:\/\/wordpress.nibis.de\/gymlox\/wp-json\/wp\/v2\/comments?post=212"}],"version-history":[{"count":15,"href":"https:\/\/wordpress.nibis.de\/gymlox\/wp-json\/wp\/v2\/pages\/212\/revisions"}],"predecessor-version":[{"id":1715,"href":"https:\/\/wordpress.nibis.de\/gymlox\/wp-json\/wp\/v2\/pages\/212\/revisions\/1715"}],"wp:attachment":[{"href":"https:\/\/wordpress.nibis.de\/gymlox\/wp-json\/wp\/v2\/media?parent=212"}],"curies":[{"name":"wp","href":"https:\/\/api.w.org\/{rel}","templated":true}]}}