{"id":277,"date":"2019-01-28T15:11:04","date_gmt":"2019-01-28T14:11:04","guid":{"rendered":"http:\/\/wordpress.nibis.de\/gymlox\/?page_id=277"},"modified":"2025-06-11T11:46:22","modified_gmt":"2025-06-11T09:46:22","slug":"erasmus","status":"publish","type":"page","link":"https:\/\/wordpress.nibis.de\/gymlox\/erasmus\/","title":{"rendered":"Erasmus+"},"content":{"rendered":"\n<p>Erasmus+ AG<\/p>\n\n\n\n<p>Die Erasmus+ Projekte werden in einer AG am Nachmittag vorbereitet. Sch\u00fclerinnen und Sch\u00fcler der 7. Klassen k\u00f6nnen sich j\u00e4hrlich f\u00fcr die AG anmelden. Im 7. Jahrgang finden noch keine Reisen statt, sondern die Sch\u00fcler entwickeln ihr Projekt und suchen eine Partnerschule.<\/p>\n\n\n\n<p>Im 8. Jahrgang geht es dann auf die Reise \u2013 in diesem Schuljahr nach Bilbao im Baskenland (Spanien)<\/p>\n\n\n\n<p>Die Erasmus+ Gruppe machte sich am 21.9.2024 auf die Reise nach Bilbao. Am Flughafen wurden wir mit traditionellen T\u00e4nzen begr\u00fc\u00dft. Danach begann f\u00fcr alle ein Wochenende in den Gastfamilien. W\u00e4hrend der Woche in Bilbao gab es eine abwechslungsreiches Programm:&nbsp;&nbsp;u.a. viele tolle Sehensw\u00fcrdigkeiten gesehen, Stadterkundungen, eine Wanderung nach Gaztelugatxe, bekannt von der Serie&nbsp;<em>Game of Thrones,&nbsp;<\/em>eine Eindruck des Stadions von&nbsp;<em>Athletic Bilbao<\/em>mitten in der Stadt und<em>&nbsp;<\/em>nat\u00fcrlich ein Besuch im weltber\u00fchmten Guggenheim Museum. Die 24 Sch\u00fclerinnen und Sch\u00fcler, sowie die begleitenden Lehrerinnen Frau Tienken und Frau Nighbert hatten eine unvergessliche Reise. Unsere baskischen Freunde waren dann in der Woche vor den Osterferien 2025 zu Besuch hier in Loxstedt. Wir waren gemeinsam Wattwandern, im Klimahaus, haben eine Picture Challenge in Bremen gemacht und an einem Workshop zu unserem Thema \u201e<em>Don\u2019t lose it, reuse it<\/em>\u201c in Bremerhaven teilgenommen.&nbsp;<\/p>\n\n\n\n<p><\/p>\n\n\n\n<figure class=\"wp-block-image size-full\"><img loading=\"lazy\" decoding=\"async\" width=\"1588\" height=\"2245\" src=\"https:\/\/wordpress.nibis.de\/gymlox\/files\/2025\/05\/Erasmus-Foto-Projekte.png\" alt=\"\" class=\"wp-image-2270\" srcset=\"https:\/\/wordpress.nibis.de\/gymlox\/files\/2025\/05\/Erasmus-Foto-Projekte.png 1588w, https:\/\/wordpress.nibis.de\/gymlox\/files\/2025\/05\/Erasmus-Foto-Projekte-768x1086.png 768w, https:\/\/wordpress.nibis.de\/gymlox\/files\/2025\/05\/Erasmus-Foto-Projekte-1086x1536.png 1086w, https:\/\/wordpress.nibis.de\/gymlox\/files\/2025\/05\/Erasmus-Foto-Projekte-1449x2048.png 1449w\" sizes=\"auto, (max-width: 1588px) 100vw, 1588px\" \/><\/figure>\n\n\n\n<figure class=\"wp-block-gallery has-nested-images columns-default is-cropped wp-block-gallery-1 is-layout-flex wp-block-gallery-is-layout-flex\">\n<figure class=\"wp-block-image size-large\"><img loading=\"lazy\" decoding=\"async\" width=\"640\" height=\"480\" data-id=\"2271\" src=\"https:\/\/wordpress.nibis.de\/gymlox\/files\/2025\/05\/Erasmus-Foto1.jpg\" alt=\"\" class=\"wp-image-2271\" \/><\/figure>\n\n\n\n<figure class=\"wp-block-image size-large\"><img loading=\"lazy\" decoding=\"async\" width=\"640\" height=\"480\" data-id=\"2272\" src=\"https:\/\/wordpress.nibis.de\/gymlox\/files\/2025\/05\/Erasmus-Foto2.jpg\" alt=\"\" class=\"wp-image-2272\" \/><\/figure>\n<\/figure>\n\n\n\n<figure class=\"wp-block-image size-full\"><img loading=\"lazy\" decoding=\"async\" width=\"1200\" height=\"1600\" src=\"https:\/\/wordpress.nibis.de\/gymlox\/files\/2024\/11\/2024-Erasmus-Guggenheim-Bilbao.jpg\" alt=\"\" class=\"wp-image-2131\" srcset=\"https:\/\/wordpress.nibis.de\/gymlox\/files\/2024\/11\/2024-Erasmus-Guggenheim-Bilbao.jpg 1200w, https:\/\/wordpress.nibis.de\/gymlox\/files\/2024\/11\/2024-Erasmus-Guggenheim-Bilbao-768x1024.jpg 768w, https:\/\/wordpress.nibis.de\/gymlox\/files\/2024\/11\/2024-Erasmus-Guggenheim-Bilbao-1152x1536.jpg 1152w\" sizes=\"auto, (max-width: 1200px) 100vw, 1200px\" \/><\/figure>\n\n\n\n<p><em>Maria Nighbert<\/em><\/p>\n\n\n<p><a href=\"https:\/\/www.erasmusplus.de\/\"><img loading=\"lazy\" decoding=\"async\" class=\"aligncenter wp-image-263 size-full\" src=\"http:\/\/wordpress.nibis.de\/gymlox\/files\/2019\/01\/200px-Erasmus_Logo.svg_.png\" alt=\"\" width=\"200\" height=\"57\" \/><\/a><\/p>\n\n\n<p><strong><u>Erasmus+: Power Patrol (Projekte zur Windenergie)<\/u><\/strong><\/p>\n\n\n\n<p>Vier von uns&nbsp;<em>Power Patrols<\/em>&nbsp;waren in der Grundschule Loxstedt in der Klasse 4c von Frau Milz. Dort haben wir einen Vortrag \u00fcber Windr\u00e4der gehalten.&nbsp;<\/p>\n\n\n\n<p>Wir haben den Kindern erkl\u00e4rt, wie Windr\u00e4der funktionieren. Dazu haben wir ihnen auch<\/p>\n\n\n\n<p>einen kurzen Film gezeigt.<\/p>\n\n\n\n<p>Im Anschluss konnten die Kinder in einem Quiz, das wir selbst erstellt haben, ihr Wissen testen. Dann haben wir zusammen mit den Sch\u00fclern kleine Windr\u00e4der gebaut, die sie mit nach Hause nehmen durften.<\/p>\n\n\n\n<p>Wir haben ein gutes Feedback bekommen und die Kinder haben uns auch noch ein paar Fragen zu Erasmus gestellt, die wir alle beantworten konnten.<\/p>\n\n\n\n<p>Nick Junge (7c), Jan Marggraf (7c), Mya Wagner (7b)<\/p>\n\n\n\n<p>Film Quelle: https:\/\/www.youtube.com\/watch?v=k1Rw_pi2RDY&amp;pp=0gcJCdgAo7VqN5tD<\/p>\n\n\n\n<p>(siehe YouTube: F\u00fcr Kinder erkl\u00e4rt: Windkraft &#8211; wie entsteht Strom?)<\/p>\n","protected":false},"excerpt":{"rendered":"<p>Erasmus+ AG Die Erasmus+ Projekte werden in einer AG am Nachmittag vorbereitet. Sch\u00fclerinnen und Sch\u00fcler der 7. Klassen k\u00f6nnen sich j\u00e4hrlich f\u00fcr die AG anmelden. Im 7. Jahrgang finden noch keine Reisen statt, sondern die Sch\u00fcler entwickeln ihr Projekt und &hellip; <a href=\"https:\/\/wordpress.nibis.de\/gymlox\/erasmus\/\">Weiterlesen <span class=\"meta-nav\">&rarr;<\/span><\/a><\/p>\n","protected":false},"author":1356,"featured_media":0,"parent":0,"menu_order":0,"comment_status":"closed","ping_status":"closed","template":"","meta":{"footnotes":""},"class_list":["post-277","page","type-page","status-publish","hentry"],"_links":{"self":[{"href":"https:\/\/wordpress.nibis.de\/gymlox\/wp-json\/wp\/v2\/pages\/277","targetHints":{"allow":["GET"]}}],"collection":[{"href":"https:\/\/wordpress.nibis.de\/gymlox\/wp-json\/wp\/v2\/pages"}],"about":[{"href":"https:\/\/wordpress.nibis.de\/gymlox\/wp-json\/wp\/v2\/types\/page"}],"author":[{"embeddable":true,"href":"https:\/\/wordpress.nibis.de\/gymlox\/wp-json\/wp\/v2\/users\/1356"}],"replies":[{"embeddable":true,"href":"https:\/\/wordpress.nibis.de\/gymlox\/wp-json\/wp\/v2\/comments?post=277"}],"version-history":[{"count":9,"href":"https:\/\/wordpress.nibis.de\/gymlox\/wp-json\/wp\/v2\/pages\/277\/revisions"}],"predecessor-version":[{"id":2291,"href":"https:\/\/wordpress.nibis.de\/gymlox\/wp-json\/wp\/v2\/pages\/277\/revisions\/2291"}],"wp:attachment":[{"href":"https:\/\/wordpress.nibis.de\/gymlox\/wp-json\/wp\/v2\/media?parent=277"}],"curies":[{"name":"wp","href":"https:\/\/api.w.org\/{rel}","templated":true}]}}