{"id":304,"date":"2019-02-01T14:48:27","date_gmt":"2019-02-01T13:48:27","guid":{"rendered":"http:\/\/wordpress.nibis.de\/gymlox\/?page_id=304"},"modified":"2020-09-10T19:18:05","modified_gmt":"2020-09-10T17:18:05","slug":"kalender","status":"publish","type":"page","link":"https:\/\/wordpress.nibis.de\/gymlox\/kalender\/","title":{"rendered":"Kalender"},"content":{"rendered":"<div class=\"r34ics-ajax-container loading\" id=\"r69e07144a57bb31\" data-view=\"month\" data-view-is-list-style=\"0\" data-view-is-list-long=\"0\" data-args=\"3783555146d3a2a8d998f0251676c1c4828e5be1\" data-js-args=\"{&quot;debug&quot;:null}\">&nbsp;<\/div>\n\n\n<p><em>Hinweis: Testbetrieb &#8211; eventuell werden nicht alle Termine aus dem \u00f6ffentlichen IServ-Kalender \u00fcbernommen. Wir bitten um Ihr Verst\u00e4ndnis.<\/em><\/p>\n","protected":false},"excerpt":{"rendered":"<p>Hinweis: Testbetrieb &#8211; eventuell werden nicht alle Termine aus dem \u00f6ffentlichen IServ-Kalender \u00fcbernommen. Wir bitten um Ihr Verst\u00e4ndnis.<\/p>\n","protected":false},"author":1356,"featured_media":0,"parent":0,"menu_order":0,"comment_status":"closed","ping_status":"closed","template":"","meta":{"footnotes":""},"class_list":["post-304","page","type-page","status-publish","hentry"],"_links":{"self":[{"href":"https:\/\/wordpress.nibis.de\/gymlox\/wp-json\/wp\/v2\/pages\/304","targetHints":{"allow":["GET"]}}],"collection":[{"href":"https:\/\/wordpress.nibis.de\/gymlox\/wp-json\/wp\/v2\/pages"}],"about":[{"href":"https:\/\/wordpress.nibis.de\/gymlox\/wp-json\/wp\/v2\/types\/page"}],"author":[{"embeddable":true,"href":"https:\/\/wordpress.nibis.de\/gymlox\/wp-json\/wp\/v2\/users\/1356"}],"replies":[{"embeddable":true,"href":"https:\/\/wordpress.nibis.de\/gymlox\/wp-json\/wp\/v2\/comments?post=304"}],"version-history":[{"count":6,"href":"https:\/\/wordpress.nibis.de\/gymlox\/wp-json\/wp\/v2\/pages\/304\/revisions"}],"predecessor-version":[{"id":1271,"href":"https:\/\/wordpress.nibis.de\/gymlox\/wp-json\/wp\/v2\/pages\/304\/revisions\/1271"}],"wp:attachment":[{"href":"https:\/\/wordpress.nibis.de\/gymlox\/wp-json\/wp\/v2\/media?parent=304"}],"curies":[{"name":"wp","href":"https:\/\/api.w.org\/{rel}","templated":true}]}}