{"id":365,"date":"2019-08-01T20:14:31","date_gmt":"2019-08-01T18:14:31","guid":{"rendered":"https:\/\/wordpress.nibis.de\/gymlox\/?page_id=365"},"modified":"2019-08-01T20:14:31","modified_gmt":"2019-08-01T18:14:31","slug":"fachcurriculum-latein-gymnasium-loxstedt","status":"publish","type":"page","link":"https:\/\/wordpress.nibis.de\/gymlox\/fachcurriculum-latein-gymnasium-loxstedt\/","title":{"rendered":"Fachcurriculum Latein &#8211; Gymnasium Loxstedt"},"content":{"rendered":"\n<p>Schuleigener Arbeitsplan in Bezug auf das Lehrwerk\n\u201eAdeamus\u201c <\/p>\n\n\n\n<p>Schulbuchverlag&nbsp;\nOldenbourg, M\u00fcnchen, 2016<\/p>\n\n\n\n<p class=\"has-medium-font-size\"><strong>Jahrgang\n6 bis 9<\/strong><\/p>\n\n\n\n<p>Die Erstellung des Fachcurriculums ist ein Prozess, die\nregelm\u00e4\u00dfige \u00dcberpr\u00fcfung und Weiterentwicklung dient der Qualit\u00e4tssicherung.<\/p>\n\n\n\n<p>Sequenz 1 &nbsp;&nbsp; (Lektionen\n1-5) &nbsp;&nbsp;&nbsp;&nbsp;&nbsp;&nbsp;&nbsp;&nbsp;&nbsp;&nbsp;&nbsp;&nbsp;&nbsp;&nbsp;&nbsp;&nbsp;&nbsp;&nbsp; &nbsp;&nbsp;&nbsp;&nbsp;&nbsp;&nbsp;&nbsp;&nbsp;&nbsp;&nbsp;&nbsp;&nbsp;&nbsp;&nbsp;&nbsp;&nbsp;&nbsp;&nbsp;&nbsp;&nbsp;&nbsp;&nbsp;&nbsp;&nbsp;&nbsp;&nbsp;&nbsp;&nbsp;&nbsp;&nbsp;&nbsp;&nbsp;&nbsp;&nbsp;&nbsp;&nbsp;&nbsp;&nbsp;&nbsp;&nbsp;&nbsp;&nbsp;&nbsp;&nbsp;&nbsp;&nbsp; Oktober&nbsp;&nbsp; 2017<\/p>\n\n\n\n<p>Sequenz 2&nbsp;&nbsp;&nbsp; (Lektion\n6-10)&nbsp;&nbsp;&nbsp;&nbsp;&nbsp;&nbsp;&nbsp;&nbsp;&nbsp;&nbsp;&nbsp;&nbsp;&nbsp;&nbsp;&nbsp;&nbsp;&nbsp;&nbsp;&nbsp;&nbsp;&nbsp;&nbsp;&nbsp;&nbsp;&nbsp;&nbsp;&nbsp;&nbsp;&nbsp;&nbsp;&nbsp;&nbsp;&nbsp;&nbsp;&nbsp;&nbsp;&nbsp;&nbsp;&nbsp;&nbsp;&nbsp;&nbsp;&nbsp;&nbsp;&nbsp;&nbsp;&nbsp;&nbsp;&nbsp;&nbsp;&nbsp;&nbsp;&nbsp;&nbsp;&nbsp;&nbsp;&nbsp;&nbsp;&nbsp;&nbsp;&nbsp;&nbsp;&nbsp;&nbsp;&nbsp;&nbsp;&nbsp;&nbsp;&nbsp; April\n&nbsp;&nbsp; &nbsp;&nbsp;&nbsp;&nbsp;&nbsp;2018<\/p>\n\n\n\n<p>Sequenz 3&nbsp;&nbsp;&nbsp; (Lektion 11-15)&nbsp;&nbsp;&nbsp;&nbsp;&nbsp;&nbsp;&nbsp;&nbsp;&nbsp;&nbsp;&nbsp;&nbsp;&nbsp;&nbsp;&nbsp;&nbsp;&nbsp;&nbsp;&nbsp;&nbsp;&nbsp;&nbsp;&nbsp;&nbsp;&nbsp;&nbsp;&nbsp;&nbsp;&nbsp;&nbsp;&nbsp;&nbsp;&nbsp;&nbsp;&nbsp;&nbsp;&nbsp;&nbsp;&nbsp;&nbsp;&nbsp;&nbsp;&nbsp;&nbsp;&nbsp;&nbsp;&nbsp;&nbsp;&nbsp;&nbsp;&nbsp;&nbsp;&nbsp;&nbsp;&nbsp;&nbsp;&nbsp;&nbsp;&nbsp;&nbsp;&nbsp;&nbsp;&nbsp;&nbsp;&nbsp;&nbsp; November\n2018<\/p>\n\n\n\n<p>Sequenz 4&nbsp;&nbsp;&nbsp; (Lektion\n16-20)&nbsp;&nbsp;&nbsp;&nbsp;&nbsp;&nbsp;&nbsp;&nbsp;&nbsp;&nbsp;&nbsp;&nbsp;&nbsp;&nbsp;&nbsp;&nbsp;&nbsp;&nbsp;&nbsp;&nbsp;&nbsp;&nbsp;&nbsp;&nbsp;&nbsp;&nbsp;&nbsp;&nbsp;&nbsp;&nbsp;&nbsp;&nbsp;&nbsp;&nbsp;&nbsp;&nbsp;&nbsp;&nbsp;&nbsp;&nbsp;&nbsp;&nbsp;&nbsp;&nbsp;&nbsp;&nbsp;&nbsp;&nbsp;&nbsp;&nbsp;&nbsp;&nbsp;&nbsp;&nbsp;&nbsp;&nbsp;&nbsp;&nbsp;&nbsp;&nbsp;&nbsp;&nbsp;&nbsp;&nbsp;&nbsp;&nbsp; November\n2018<\/p>\n\n\n\n<p><\/p>\n\n\n\n<p class=\"has-medium-font-size\"><strong>Jahrgang 10<\/strong><\/p>\n\n\n\n<p>Schuleigener Arbeitsplan in Bezug auf die Lekt\u00fcrephase<\/p>\n\n\n\n<p>Die Erstellung des Fachcurriculums ist ein Prozess, die\nregelm\u00e4\u00dfige \u00dcberpr\u00fcfung und Weiterentwicklung dient der Qualit\u00e4tssicherung.<\/p>\n\n\n\n<p><strong>Inhalte\/Themen:<\/strong><\/p>\n\n\n\n<p>Ber\u00fchmte Personen: Curtius Rufus (Alexander der Gro\u00dfe),\nNepos (Hannibal), nach Cicero und Livius: Archimedes<\/p>\n\n\n\n<p>Caesar: Bellum Gallicum<\/p>\n\n\n\n<p>Augustus \u2013 der Friedenskaiser (Imperium Romanum \/\nRomanisierung)<\/p>\n\n\n\n<p>Phaedrus: Fabeln (Sklavenfrage)<\/p>\n\n\n\n<p>Martial: Epigramme<\/p>\n\n\n\n<p>Sprachkompetenz:<\/p>\n\n\n\n<p>Lexik:<\/p>\n\n\n\n<p>Wortschatz (etwa 1000 W\u00f6rter und Wendungen): Kenntnis der\nwesentlichen und unterschiedlichen Bedeutungen nach Ma\u00dfgabe der\nOriginallekt\u00fcre, Erschlie\u00dfung der Wortbedeutung aus Fremdw\u00f6rtern und modernen\nFremdsprachen, Erstellung von textbezogenen semantischen Feldern, Nutzung des\nzweisprachigen Lexikons f\u00fcr die selbst\u00e4ndige \u00dcbersetzung<\/p>\n\n\n\n<p>Morphologie:<\/p>\n\n\n\n<p>Erweiterung der Formenkenntnisse: Futur II, unregelm\u00e4\u00dfige\nSteigerung, Deponentien, Semideponentien, Indefinitpronomina<\/p>\n\n\n\n<p>Syntax:<\/p>\n\n\n\n<p>Strukturierung und \u00dcbersetzung von komplexeren lateinischen\nS\u00e4tzen, Kenntnis der nd-Formen, nd- Formen mit esse und Dativus auctoris,\nInfinitiv der Nachzeitigkeit Aktiv im AcI, Kenntnis der Konditionals\u00e4tze,\nVergleich der Sprachen<\/p>\n\n\n\n<p>Textkompetenz:<\/p>\n\n\n\n<p>Erschlie\u00dfen:<\/p>\n\n\n\n<p>Erschlie\u00dfung und \u00dcbersetzung leichter Originaltexte und\nInterpretation, Einblick in Themen, Gattungen und Epochen der lateinischen\nLiteratur, Erarbeitung der Grob- und Feinstruktur des Textes, grafische\nDarstellungstechniken,Recherche zum Kontext (Autor, Thema)<\/p>\n\n\n\n<p>\u00dcbersetzen: <\/p>\n\n\n\n<p>Anwendung verschiedener \u00dcbersetzungsstrategien, Verwendung\nfachlicher Hilfsmittel (W\u00f6rterbuch, Systemgrammatik), Diskurs \u00fcber\n\u00dcbersetzungen<\/p>\n\n\n\n<p>Interpretieren:<\/p>\n\n\n\n<p>Gliederung der Texte, Benennung der zentralen Aspekte,\nKenntnis der stilistischen Gestaltungsmittel (Parallelismus, Chiasmus,\nAntithese, Klimax, Trikolon) und deren Wirkung, Kenntnis der autoren- und\ngattungsspezifischen Merkmale, Vergleich der \u00dcbersetzung mit anderen\nMaterialien<\/p>\n\n\n\n<p>Kulturkompetenz:<\/p>\n\n\n\n<p>Kenntnis der Biografien der behandelten Autoren und\nwichtiger antiker Pers\u00f6nlichkeiten, Imperium Romanum (Romanisierung),\nSklavenfrage, Staatsarchitektur (Triumphbogen, Obelisken, Grabm\u00e4ler)<\/p>\n\n\n\n<p>Fakten- und Sachwissen:<\/p>\n\n\n\n<p>Eigenst\u00e4ndige und kritische Nutzung des Internets und\nanderer Medien<\/p>\n\n\n\n<p>Historischer Diskurs und ethische Wertsch\u00e4tzung:<\/p>\n\n\n\n<p>Aufzeigen der kulturellen Unterschiede und Gemeinsamkeiten\nzwischen Antike und Gegenwart, Reflexion von Fragestellungen z.B. <em>bellum iustum, <\/em>Erl\u00e4uterung der eigenen\nWertvorstellungen<\/p>\n\n\n\n<p>\u00c4sthetische Wertsch\u00e4tzung:<\/p>\n\n\n\n<p>Deutung der Artefakte als eigene Ausdrucksformen r\u00f6mischer\nKunst und Kultur<\/p>\n\n\n\n<p>Rezeption und Tradition:<\/p>\n\n\n\n<p>Vergleich der erarbeiteten Texte mit Rezeptionszeugnissen\n(z.B. Text, Bild, Skulptur)<\/p>\n\n\n\n<p><strong>Zusammenf\u00fchrung\nder Kompetenzen:<\/strong><\/p>\n\n\n\n<p>Die Kompetenzbereiche durchdringen sich wechselseitig und\nwerden in einem komplexen Prozess erworben. Nach dem Erwerb der angegebenen\nKompetenzen erhalten die Sch\u00fcler am Ende des Schuljahrgangs 10 mit\nausreichender Note das Kleine Latinum.<\/p>\n","protected":false},"excerpt":{"rendered":"<p>Schuleigener Arbeitsplan in Bezug auf das Lehrwerk \u201eAdeamus\u201c Schulbuchverlag&nbsp; Oldenbourg, M\u00fcnchen, 2016 Jahrgang 6 bis 9 Die Erstellung des Fachcurriculums ist ein Prozess, die regelm\u00e4\u00dfige \u00dcberpr\u00fcfung und Weiterentwicklung dient der Qualit\u00e4tssicherung. Sequenz 1 &nbsp;&nbsp; (Lektionen 1-5) &nbsp;&nbsp;&nbsp;&nbsp;&nbsp;&nbsp;&nbsp;&nbsp;&nbsp;&nbsp;&nbsp;&nbsp;&nbsp;&nbsp;&nbsp;&nbsp;&nbsp;&nbsp; &nbsp;&nbsp;&nbsp;&nbsp;&nbsp;&nbsp;&nbsp;&nbsp;&nbsp;&nbsp;&nbsp;&nbsp;&nbsp;&nbsp;&nbsp;&nbsp;&nbsp;&nbsp;&nbsp;&nbsp;&nbsp;&nbsp;&nbsp;&nbsp;&nbsp;&nbsp;&nbsp;&nbsp;&nbsp;&nbsp;&nbsp;&nbsp;&nbsp;&nbsp;&nbsp;&nbsp;&nbsp;&nbsp;&nbsp;&nbsp;&nbsp;&nbsp;&nbsp;&nbsp;&nbsp;&nbsp; Oktober&nbsp;&nbsp; 2017 &hellip; <a href=\"https:\/\/wordpress.nibis.de\/gymlox\/fachcurriculum-latein-gymnasium-loxstedt\/\">Weiterlesen <span class=\"meta-nav\">&rarr;<\/span><\/a><\/p>\n","protected":false},"author":9193182,"featured_media":0,"parent":0,"menu_order":0,"comment_status":"closed","ping_status":"closed","template":"","meta":{"footnotes":""},"class_list":["post-365","page","type-page","status-publish","hentry"],"_links":{"self":[{"href":"https:\/\/wordpress.nibis.de\/gymlox\/wp-json\/wp\/v2\/pages\/365","targetHints":{"allow":["GET"]}}],"collection":[{"href":"https:\/\/wordpress.nibis.de\/gymlox\/wp-json\/wp\/v2\/pages"}],"about":[{"href":"https:\/\/wordpress.nibis.de\/gymlox\/wp-json\/wp\/v2\/types\/page"}],"author":[{"embeddable":true,"href":"https:\/\/wordpress.nibis.de\/gymlox\/wp-json\/wp\/v2\/users\/9193182"}],"replies":[{"embeddable":true,"href":"https:\/\/wordpress.nibis.de\/gymlox\/wp-json\/wp\/v2\/comments?post=365"}],"version-history":[{"count":1,"href":"https:\/\/wordpress.nibis.de\/gymlox\/wp-json\/wp\/v2\/pages\/365\/revisions"}],"predecessor-version":[{"id":366,"href":"https:\/\/wordpress.nibis.de\/gymlox\/wp-json\/wp\/v2\/pages\/365\/revisions\/366"}],"wp:attachment":[{"href":"https:\/\/wordpress.nibis.de\/gymlox\/wp-json\/wp\/v2\/media?parent=365"}],"curies":[{"name":"wp","href":"https:\/\/api.w.org\/{rel}","templated":true}]}}