{"id":39,"date":"2019-01-28T09:03:54","date_gmt":"2019-01-28T08:03:54","guid":{"rendered":"http:\/\/wordpress.nibis.de\/gymlox\/?page_id=39"},"modified":"2025-04-24T10:36:49","modified_gmt":"2025-04-24T08:36:49","slug":"allgemeines-geschichte","status":"publish","type":"page","link":"https:\/\/wordpress.nibis.de\/gymlox\/allgemeines-geschichte\/","title":{"rendered":"Allgemeines \/ Geschichte"},"content":{"rendered":"\n<p>Das Gymnasium Loxstedt ist eine Schule im s\u00fcdlichen Landkreis\nCuxhaven vor den Toren der Seestadt Bremerhaven. Es wurde 1977 \u2013 zun\u00e4chst 1976\nals Au\u00dfenstelle des aus allen N\u00e4hten platzenden Gymnasiums Weserm\u00fcnde gegr\u00fcndet\n&#8211; selbstst\u00e4ndig. Mit dem Gymnasium Weserm\u00fcnde kooperieren wir bis heute eng im\nBereich der Sekundarstufe 2 \u2013 viele der Loxstedter Sch\u00fclerinnen und Sch\u00fcler\nbesuchen dort die Oberstufe.<\/p>\n\n\n\n<p>An unserem Gymnasium lernen Sch\u00fclerinnen und Sch\u00fcler von Klasse 5\nbis Klasse 10 \u2013 damit ist es eines der kleineren Gymnasien in Niedersachsen,\nwobei wir die \u201efamili\u00e4re\u201c Gr\u00f6\u00dfe unseres Hauses als Vorteil sehen, um f\u00fcr die\nuns anvertrauten Kinder eine m\u00f6glichst f\u00f6rderliche Lernatmosph\u00e4re zu\ngew\u00e4hrleisten. &nbsp;Unsere Sch\u00fcler sind\numg\u00e4nglich, freundlich, kooperativ, in der Regel diszipliniert, lernwillig und\nnicht gewaltbereit.<\/p>\n\n\n\n<p>Seit seiner Gr\u00fcndung hat das Gymnasium Loxstedt vier Schulleiter\ngehabt: &nbsp;J\u00fcrgen Dzemski, Ulrich Heimrath,\nThomas Tr\u00fcmper, Barbara Werner und seit 2016 Uwe Stockmeier. F\u00fcr sie alle\nstanden und stehen die Konsolidierung der Schule und die Unterrichtsqualit\u00e4t\nimmer an vorderster Stelle. Die Schule hat sich in den letzten Jahren &#8211;\nverst\u00e4rkt seit der Schulstrukturreform \u2013 ausgesprochen erfolgreich auf den Weg\nzur Verbesserung der Schulqualit\u00e4t gemacht.&nbsp;\nAuch das Kollegium nimmt die anstehenden Aufgaben mit gro\u00dfem Engagement\nwahr.<\/p>\n\n\n\n<p>Das Gymnasium teilt sich das Geb\u00e4ude des Schulzentrums Loxstedt\nmit der Haupt- und Realschule, mit der nach 2016 eine gute und erfolgreiche\nZusammenarbeit etabliert worden ist. Die Fachr\u00e4ume, die Zug um Zug renoviert\nwerden, werden von beiden Schulen gemeinsam genutzt. Schultr\u00e4ger ist der <a href=\"http:\/\/www.landkreis-cuxhaven.de\/\" target=\"_blank\" rel=\"noreferrer noopener\">Landkreis Cuxhaven<\/a>.<\/p>\n\n\n\n<p>Seit der Jahrtausendwende hat sich das Gymnasium erheblich\nver\u00e4ndert. Bestand das Gymnasium 1999 noch aus 210 Sch\u00fclern (10 Klassen) und 16\nKollegen, so besuchen jetzt \u00fcber 360 Sch\u00fclerinnen und Sch\u00fcler in 16 Klassen die\nSchule, Tendenz weiterhin steigend. Das Lehrerkollegium besteht derzeit aus 29\nLehrkr\u00e4ften. Es geh\u00f6ren nur noch zwei Kollegen aus dem Jahr 1999 dem jetzigen\nKollegium an.<\/p>\n\n\n\n<p>Das Gymnasium Loxstedt ist eine offene Ganztagsschule. Das\nbedeutet, dass wir an vier Tagen in der Woche (Montag bis Donnerstag) ganzt\u00e4gig\n&#8211; d.h. bis 15.20 Uhr &#8211; in unserer Schule Angebote f\u00fcr unsere Sch\u00fclerinnen und\nSch\u00fcler vorhalten. Seit dem Schuljahr 2018\/2019 haben wir in diesem Bereich\neine Kooperation mit der HRS im gleichen Geb\u00e4ude, um f\u00fcr die Kinder an beiden\nSchulen das Angebot zu optimieren und zu erweitern. Seit dem 1. Februar 2010\nhaben wir im Schulzentrum eine Mensa, die gut besucht wird.<\/p>\n\n\n\n<p>Loxstedt ist eine Einheitsgemeinde mit ca. 17.000 Einwohnern in 21\nOrtschaften, die vorwiegend l\u00e4ndlich strukturiert sind. Die Sch\u00fcler am Gymnasium\nLoxstedt sind zu etwa zwei Dritteln Fahrsch\u00fcler. Die Busverbindungen sind auch\nin die entlegeneren Ortschaften gut. <\/p>\n\n\n\n<p><strong>Daten zur\nGeschichte aus den ersten 15 Jahren der Schule<\/strong><\/p>\n\n\n\n<p>1976\/1977&nbsp;&nbsp;&nbsp;&nbsp;&nbsp;&nbsp; Gr\u00fcndung des Gymnasiums Loxstedt als\nAu\u00dfenstelle des Gymnasiums Weserm\u00fcnde, da die Sch\u00fclerzahlen anders nicht zu\nbew\u00e4ltigen sind <\/p>\n\n\n\n<p>14.02.1977&nbsp;&nbsp;&nbsp;&nbsp;&nbsp;&nbsp; Genehmigung der Errichtung eines\nselbstst\u00e4ndigen Gymnasiums f\u00fcr die Sekundarstufe 1 in Loxstedt durch den\nRegierungspr\u00e4sidenten in Stade<\/p>\n\n\n\n<p>01.08.1977&nbsp;&nbsp;&nbsp;&nbsp;&nbsp;&nbsp; <strong>Er\u00f6ffnung des &nbsp;Gymnasiums Loxstedt als selbstst\u00e4ndige Schule<\/strong>\n<\/p>\n\n\n\n<p>1978\/1979&nbsp;&nbsp;&nbsp;&nbsp;&nbsp;&nbsp; wir\nbekommen einen Sportplatz<\/p>\n\n\n\n<p>1980&nbsp;&nbsp;&nbsp;&nbsp;&nbsp;&nbsp;&nbsp;&nbsp;&nbsp;&nbsp;&nbsp;&nbsp;&nbsp;&nbsp;&nbsp; erster\nFrankreichaustausch<\/p>\n\n\n\n<p>1981\/1982&nbsp;&nbsp;&nbsp;&nbsp;&nbsp;&nbsp; erste\nProjektwoche<\/p>\n\n\n\n<p>1983\/1984&nbsp;&nbsp;&nbsp;&nbsp;&nbsp;&nbsp; Verabschiedung\neiner eigenen Schulordnung (ohne Anleihen an Weserm\u00fcnde)<\/p>\n\n\n\n<p>1985\/1986&nbsp;&nbsp;&nbsp;&nbsp;&nbsp;&nbsp; zum\nersten Mal gibt es ein Betriebspraktikum f\u00fcr alle Sch\u00fcler des 9.Jahrgangs<\/p>\n\n\n\n<p>01.09.1988&nbsp;&nbsp;&nbsp;&nbsp;&nbsp;&nbsp; Baubeginn\ndes Neubaus ( I-Trakts) (Einweihung 02.05.1990)<\/p>\n\n\n\n<p>1990\/1991 &nbsp;&nbsp;&nbsp;&nbsp;&nbsp; unsere\nSchule ist erstmals dreiz\u00fcgig (in Jahrgang 7)<\/p>\n\n\n\n<p>10.11.1992&nbsp;&nbsp;&nbsp;&nbsp;&nbsp;&nbsp; Einf\u00fchrung\nder 5-Tage-Woche in der Schule, der Samstag ist frei <\/p>\n\n\n\n<p><strong>Kuriose\nKonferenzentscheidungen aus der Fr\u00fchphase des Gymnasiums Loxstedt<\/strong><\/p>\n\n\n\n<p>19.07.1978&nbsp;&nbsp;&nbsp;&nbsp;&nbsp;&nbsp; Schneeballwerfen ist auf dem Schulgel\u00e4nde\nverboten; es ist nur erlaubt, wenn ein Lehrer die Klasse zur Schneeballschlacht\neinl\u00e4dt<\/p>\n\n\n\n<p>29.03.1979&nbsp;&nbsp;&nbsp;&nbsp;&nbsp;&nbsp; Beschluss zur Bestellung der Schallplatte\n\u201eDeutschlandlied\u201c &#8211; darf bestellt werden<\/p>\n\n\n\n<p>17.01.1980&nbsp;&nbsp;&nbsp;&nbsp;&nbsp;&nbsp; Antrag auf Rauchverbot bei Konferenzen\nund Dienstbesprechungen wird abgelehnt<\/p>\n\n\n\n<p>19.06.1980&nbsp;&nbsp;&nbsp;&nbsp;&nbsp;&nbsp; im Lehrerzimmer gilt ab sofort von der\nersten bis zur vierten Stunde ein Rauchverbot, ab der f\u00fcnften Stunde darf\ngeraucht werden<\/p>\n\n\n\n<p>08.10.1991&nbsp;&nbsp;&nbsp;&nbsp;&nbsp;&nbsp;  Neuanstrich der Schule soll nicht \u201eblau\u201c\nwerden, sondern die urspr\u00fcnglichen Farben des Architekten wieder verwenden<\/p>\n\n\n\n<p>14.06.1993&nbsp;&nbsp;&nbsp;&nbsp;&nbsp;&nbsp;  Schule erstattet Anzeige wegen\nSchulpflichtsverletzung: ein Sch\u00fcler verkaufte von Montag bis Freitag zur\nUnterrichtszeit&nbsp; Erdbeeren und blieb\ndeshalb der Schule fern<\/p>\n","protected":false},"excerpt":{"rendered":"<p>Das Gymnasium Loxstedt ist eine Schule im s\u00fcdlichen Landkreis Cuxhaven vor den Toren der Seestadt Bremerhaven. Es wurde 1977 \u2013 zun\u00e4chst 1976 als Au\u00dfenstelle des aus allen N\u00e4hten platzenden Gymnasiums Weserm\u00fcnde gegr\u00fcndet &#8211; selbstst\u00e4ndig. Mit dem Gymnasium Weserm\u00fcnde kooperieren wir &hellip; <a href=\"https:\/\/wordpress.nibis.de\/gymlox\/allgemeines-geschichte\/\">Weiterlesen <span class=\"meta-nav\">&rarr;<\/span><\/a><\/p>\n","protected":false},"author":1356,"featured_media":0,"parent":0,"menu_order":0,"comment_status":"closed","ping_status":"closed","template":"","meta":{"footnotes":""},"class_list":["post-39","page","type-page","status-publish","hentry"],"_links":{"self":[{"href":"https:\/\/wordpress.nibis.de\/gymlox\/wp-json\/wp\/v2\/pages\/39","targetHints":{"allow":["GET"]}}],"collection":[{"href":"https:\/\/wordpress.nibis.de\/gymlox\/wp-json\/wp\/v2\/pages"}],"about":[{"href":"https:\/\/wordpress.nibis.de\/gymlox\/wp-json\/wp\/v2\/types\/page"}],"author":[{"embeddable":true,"href":"https:\/\/wordpress.nibis.de\/gymlox\/wp-json\/wp\/v2\/users\/1356"}],"replies":[{"embeddable":true,"href":"https:\/\/wordpress.nibis.de\/gymlox\/wp-json\/wp\/v2\/comments?post=39"}],"version-history":[{"count":3,"href":"https:\/\/wordpress.nibis.de\/gymlox\/wp-json\/wp\/v2\/pages\/39\/revisions"}],"predecessor-version":[{"id":2205,"href":"https:\/\/wordpress.nibis.de\/gymlox\/wp-json\/wp\/v2\/pages\/39\/revisions\/2205"}],"wp:attachment":[{"href":"https:\/\/wordpress.nibis.de\/gymlox\/wp-json\/wp\/v2\/media?parent=39"}],"curies":[{"name":"wp","href":"https:\/\/api.w.org\/{rel}","templated":true}]}}