{"id":45,"date":"2019-01-28T09:09:37","date_gmt":"2019-01-28T08:09:37","guid":{"rendered":"http:\/\/wordpress.nibis.de\/gymlox\/?page_id=45"},"modified":"2019-11-10T15:04:59","modified_gmt":"2019-11-10T14:04:59","slug":"schulleitung","status":"publish","type":"page","link":"https:\/\/wordpress.nibis.de\/gymlox\/schulleitung\/","title":{"rendered":"Schulleitung"},"content":{"rendered":"\n<figure class=\"wp-block-image\"><img loading=\"lazy\" decoding=\"async\" width=\"960\" height=\"640\" src=\"https:\/\/wordpress.nibis.de\/gymlox\/files\/2019\/11\/St.jpg\" alt=\"\" class=\"wp-image-834\" srcset=\"https:\/\/wordpress.nibis.de\/gymlox\/files\/2019\/11\/St.jpg 960w, https:\/\/wordpress.nibis.de\/gymlox\/files\/2019\/11\/St-768x512.jpg 768w\" sizes=\"auto, (max-width: 960px) 100vw, 960px\" \/><figcaption>Uwe Stockmeier<br>Schulleiter<br>Deutsch \/ Geschichte<\/figcaption><\/figure>\n\n\n\n<p><strong>Uwe Stockmeier,\nStudiendirektor (StD)<\/strong><\/p>\n\n\n\n<p>Biographisches<\/p>\n\n\n\n<p>Studium der F\u00e4cher Deutsch, Geschichte, Deutsch als\nFremdsprache, Englisch und Kunstgeschichte in Marburg\/Lahn, Fribourg\/Schweiz\n(Forschungsstipendium) und Mainz<\/p>\n\n\n\n<p>Abschl\u00fcsse: M.A. &nbsp;in\nMedi\u00e4vistik, Lizentiatsexamen (Schweiz) in Altgermanistik, 1. und 2.\nStaatsexamen f\u00fcr Deutsch und Geschichte, Postgraduiertenzertifikat in Deutsch\nals Fremdsprache<\/p>\n\n\n\n<p>Sprecher f\u00fcr Literaturaufnahmen und f\u00fcr den Bereich\nAktuelles (Rundfunk und Regionalfernsehen)<\/p>\n\n\n\n<p>Lehrer an der Edith-Stein-Schule Darmstadt, am Gymnasium\nRothenburg\/Nei\u00dfe, an der&nbsp; Annenschule in\nG\u00f6rlitz und am Gymnasium Niesky\/Oberlausitz<\/p>\n\n\n\n<p>Mitglied der Staatlichen Kommission f\u00fcr die Lehrpl\u00e4ne an\nGymnasien f\u00fcr das Fach Deutsch beim&nbsp;\nS\u00e4chsischen Staatsministerium f\u00fcr Kultus; Mitglied der Kommission f\u00fcr\nVergleichsarbeiten f\u00fcr das Fach Deutsch beim Comenius-Institut; Mitglied im\nP\u00e4dagogischen Beirat der Deutschen Auslandsschulen f\u00fcr Lehrerfortbildungen,\nRegion Nordeuropa<\/p>\n\n\n\n<p>&nbsp;T\u00e4tigkeit als\nHochschuldozent und Lektor an verschiedenen Universit\u00e4ten im Inland\n(Marburg\/Lahn, L\u00fcneburg, Bremen) und im Ausland (Schottland, Slowakei,\nAlbanien)<\/p>\n\n\n\n<p>Schulleiter am Evangelischen Gymnasium Johanneum in\nHoyerswerda, am Gymnasium Hamburger Stra\u00dfe in Bremen, an der Deutschen Schule\nDublin\/Irland (incl. Leitung des Eurocampus) und am Gymnasium Loxstedt<\/p>\n\n\n\n<p>Gutachtert\u00e4tigkeit; Publikationen zur Kinder- und\nJugendliteratur, Deutsch als Fremdsprache&nbsp;\nund Sprachwissenschaft; Rezensionen; Referentent\u00e4tigkeit f\u00fcr die\nBundesanstalt f\u00fcr politische Bildung<\/p>\n\n\n\n<p>Aufgaben als Schulleiter<\/p>\n\n\n\n<ul class=\"wp-block-list\"><li>Au\u00dfenvertretung der Schule in allen Belangen<\/li><li>Personalplanung und Personalf\u00fchrung<\/li><li>Koordination des Angebots im Bereich des Unterrichts\nund der Bildungswege<\/li><li>Lehrereinsatzplanung, Klassenbildung<\/li><li>Verantwortlicher im Bereich Qualit\u00e4tsentwicklung\nder Schule <\/li><li>Steuerung der Organisation und Verwaltung<\/li><li>Evaluation und Entwicklung der Schule als System<\/li><li>Wahrnehmung der Kompetenzen im Bereich der\neigenverantwortlichen Schule<\/li><li>Haushalt und Verwendung der Ressourcen<\/li><li>Planung und Genehmigung von Fort- und\nWeiterbildungsma\u00dfnahmen<\/li><li>Kooperation mit schulischen und au\u00dferschulischen\nPartnern<\/li><li>Zusammenarbeit mit allen schulischen Gremien<\/li><li>Lern- und Schullaufbahnberatung<\/li><li>Ma\u00dfnahmen zur Arbeitssicherheit und zur\nGesundheitsf\u00f6rderung<\/li><li>Schulstatistik<\/li><li>Schulentwicklungsplanung<\/li><\/ul>\n\n\n\n<figure class=\"wp-block-image\"><img loading=\"lazy\" decoding=\"async\" width=\"640\" height=\"675\" src=\"https:\/\/wordpress.nibis.de\/gymlox\/files\/2019\/11\/Do-640x675.jpg\" alt=\"\" class=\"wp-image-832\" \/><figcaption>Jens Domasch<br>St\u00e4ndiger Vertreter der Schulleitung<br>Mathematik \/ Physik<br>Jahrgangsleitung 8-10, Beratung Oberstufe<\/figcaption><\/figure>\n\n\n\n<figure class=\"wp-block-image\"><img loading=\"lazy\" decoding=\"async\" width=\"960\" height=\"640\" src=\"https:\/\/wordpress.nibis.de\/gymlox\/files\/2019\/11\/Ha.jpg\" alt=\"\" class=\"wp-image-833\" srcset=\"https:\/\/wordpress.nibis.de\/gymlox\/files\/2019\/11\/Ha.jpg 960w, https:\/\/wordpress.nibis.de\/gymlox\/files\/2019\/11\/Ha-768x512.jpg 768w\" sizes=\"auto, (max-width: 960px) 100vw, 960px\" \/><figcaption>Bettina Hahn<br>Chemie \/ Sport<br>Schulfachliche Koordination<br>Fachgruppenbereich C<\/figcaption><\/figure>\n\n\n\n<figure class=\"wp-block-image\"><img loading=\"lazy\" decoding=\"async\" width=\"640\" height=\"675\" src=\"https:\/\/wordpress.nibis.de\/gymlox\/files\/2019\/11\/Ty-640x675.jpg\" alt=\"\" class=\"wp-image-835\" \/><figcaption>Antje Tienken<br>Englisch \/ Religion \/ Latein<br>Koordination Ganztag \/ AG&#8217;s<br>Fachgruppenbereich A&amp;B<\/figcaption><\/figure>\n\n\n<p><\/p>","protected":false},"excerpt":{"rendered":"<p>Uwe Stockmeier, Studiendirektor (StD) Biographisches Studium der F\u00e4cher Deutsch, Geschichte, Deutsch als Fremdsprache, Englisch und Kunstgeschichte in Marburg\/Lahn, Fribourg\/Schweiz (Forschungsstipendium) und Mainz Abschl\u00fcsse: M.A. &nbsp;in Medi\u00e4vistik, Lizentiatsexamen (Schweiz) in Altgermanistik, 1. und 2. Staatsexamen f\u00fcr Deutsch und Geschichte, Postgraduiertenzertifikat in &hellip; <a href=\"https:\/\/wordpress.nibis.de\/gymlox\/schulleitung\/\">Weiterlesen <span class=\"meta-nav\">&rarr;<\/span><\/a><\/p>\n","protected":false},"author":1356,"featured_media":0,"parent":0,"menu_order":0,"comment_status":"closed","ping_status":"closed","template":"","meta":{"footnotes":""},"class_list":["post-45","page","type-page","status-publish","hentry"],"_links":{"self":[{"href":"https:\/\/wordpress.nibis.de\/gymlox\/wp-json\/wp\/v2\/pages\/45","targetHints":{"allow":["GET"]}}],"collection":[{"href":"https:\/\/wordpress.nibis.de\/gymlox\/wp-json\/wp\/v2\/pages"}],"about":[{"href":"https:\/\/wordpress.nibis.de\/gymlox\/wp-json\/wp\/v2\/types\/page"}],"author":[{"embeddable":true,"href":"https:\/\/wordpress.nibis.de\/gymlox\/wp-json\/wp\/v2\/users\/1356"}],"replies":[{"embeddable":true,"href":"https:\/\/wordpress.nibis.de\/gymlox\/wp-json\/wp\/v2\/comments?post=45"}],"version-history":[{"count":6,"href":"https:\/\/wordpress.nibis.de\/gymlox\/wp-json\/wp\/v2\/pages\/45\/revisions"}],"predecessor-version":[{"id":836,"href":"https:\/\/wordpress.nibis.de\/gymlox\/wp-json\/wp\/v2\/pages\/45\/revisions\/836"}],"wp:attachment":[{"href":"https:\/\/wordpress.nibis.de\/gymlox\/wp-json\/wp\/v2\/media?parent=45"}],"curies":[{"name":"wp","href":"https:\/\/api.w.org\/{rel}","templated":true}]}}