{"id":47,"date":"2019-01-28T09:10:00","date_gmt":"2019-01-28T08:10:00","guid":{"rendered":"http:\/\/wordpress.nibis.de\/gymlox\/?page_id=47"},"modified":"2025-04-27T18:15:57","modified_gmt":"2025-04-27T16:15:57","slug":"sekretariat","status":"publish","type":"page","link":"https:\/\/wordpress.nibis.de\/gymlox\/sekretariat\/","title":{"rendered":"Sekretariat"},"content":{"rendered":"\n\n\n<figure class=\"wp-block-image size-large\"><img loading=\"lazy\" decoding=\"async\" width=\"1200\" height=\"675\" src=\"https:\/\/wordpress.nibis.de\/gymlox\/files\/2025\/04\/IMG_4230-1200x675.jpeg\" alt=\"\" class=\"wp-image-2230\" srcset=\"https:\/\/wordpress.nibis.de\/gymlox\/files\/2025\/04\/IMG_4230-1200x675.jpeg 1200w, https:\/\/wordpress.nibis.de\/gymlox\/files\/2025\/04\/IMG_4230-850x478.jpeg 850w, https:\/\/wordpress.nibis.de\/gymlox\/files\/2025\/04\/IMG_4230-250x141.jpeg 250w\" sizes=\"auto, (max-width: 1200px) 100vw, 1200px\" \/><figcaption>Dana R\u00f6\u00dfler, Sekret\u00e4rin am Gymnasium Loxstedt<\/figcaption><\/figure>\n\n\n\n<p>Im Schulsekretariat fallen viele verschiedene Aufgaben an:<\/p>\n\n\n\n<ul class=\"wp-block-list\"><li>Pflege der Sch\u00fclerdatenbank und Erstellung von verschiedenen Listen aus diesen Daten<\/li><li>Verwaltung der Sch\u00fclerakten<\/li><li>Bestellung von Fahrkarten zur Sch\u00fclerbef\u00f6rderung<\/li><li>Ausgabe von Coolpacks und Pflaster, Alarmierung der Schulsanit\u00e4ter bei Kranken und Verletzten<\/li><li>Alles rund um die Anmeldung der Sch\u00fcler<\/li><li>Allgemeine Schreibarbeiten<\/li><li>Kopieren von Elternbriefen etc.<\/li><li>Telefonbetreuung<\/li><li>\u00d6ffnen und Verteilen der Post<\/li><li>Beantwortung und Weiterleitung von E-Mails<\/li><li>Verwaltung des schulischen Archives<\/li><li>Bestellung und Verwaltung des B\u00fcromaterials<\/li><li>Mithilfe bei der Statistik<\/li><li>Mithilfe bei der F\u00fchrung des Schulgirokontos<\/li><li>F\u00fchren von Haushalts\u00fcberwachungslisten<\/li><li>Zuarbeiten bei der Erstellung von Zeugnissen<\/li><li>Mithilfe in der schulischen B\u00fccherei<\/li><li>Koordinierung von Terminen<\/li><\/ul>\n","protected":false},"excerpt":{"rendered":"<p>Im Schulsekretariat fallen viele verschiedene Aufgaben an: Pflege der Sch\u00fclerdatenbank und Erstellung von verschiedenen Listen aus diesen Daten Verwaltung der Sch\u00fclerakten Bestellung von Fahrkarten zur Sch\u00fclerbef\u00f6rderung Ausgabe von Coolpacks und Pflaster, Alarmierung der Schulsanit\u00e4ter bei Kranken und Verletzten Alles rund &hellip; <a href=\"https:\/\/wordpress.nibis.de\/gymlox\/sekretariat\/\">Weiterlesen <span class=\"meta-nav\">&rarr;<\/span><\/a><\/p>\n","protected":false},"author":1356,"featured_media":0,"parent":0,"menu_order":0,"comment_status":"closed","ping_status":"closed","template":"","meta":{"footnotes":""},"class_list":["post-47","page","type-page","status-publish","hentry"],"_links":{"self":[{"href":"https:\/\/wordpress.nibis.de\/gymlox\/wp-json\/wp\/v2\/pages\/47","targetHints":{"allow":["GET"]}}],"collection":[{"href":"https:\/\/wordpress.nibis.de\/gymlox\/wp-json\/wp\/v2\/pages"}],"about":[{"href":"https:\/\/wordpress.nibis.de\/gymlox\/wp-json\/wp\/v2\/types\/page"}],"author":[{"embeddable":true,"href":"https:\/\/wordpress.nibis.de\/gymlox\/wp-json\/wp\/v2\/users\/1356"}],"replies":[{"embeddable":true,"href":"https:\/\/wordpress.nibis.de\/gymlox\/wp-json\/wp\/v2\/comments?post=47"}],"version-history":[{"count":7,"href":"https:\/\/wordpress.nibis.de\/gymlox\/wp-json\/wp\/v2\/pages\/47\/revisions"}],"predecessor-version":[{"id":2231,"href":"https:\/\/wordpress.nibis.de\/gymlox\/wp-json\/wp\/v2\/pages\/47\/revisions\/2231"}],"wp:attachment":[{"href":"https:\/\/wordpress.nibis.de\/gymlox\/wp-json\/wp\/v2\/media?parent=47"}],"curies":[{"name":"wp","href":"https:\/\/api.w.org\/{rel}","templated":true}]}}