{"id":53,"date":"2019-01-28T09:12:19","date_gmt":"2019-01-28T08:12:19","guid":{"rendered":"http:\/\/wordpress.nibis.de\/gymlox\/?page_id=53"},"modified":"2026-02-16T17:28:41","modified_gmt":"2026-02-16T16:28:41","slug":"lehrkraefte","status":"publish","type":"page","link":"https:\/\/wordpress.nibis.de\/gymlox\/lehrkraefte\/","title":{"rendered":"Lehrkr\u00e4fte"},"content":{"rendered":"\n\n\n<figure class=\"wp-block-image size-full is-resized is-style-tw-rounded-corners\"><img loading=\"lazy\" decoding=\"async\" width=\"2560\" height=\"1920\" src=\"https:\/\/wordpress.nibis.de\/gymlox\/files\/2025\/10\/IMG_6979-scaled.jpeg\" alt=\"\" class=\"wp-image-2378\" style=\"width:670px;height:502px\" srcset=\"https:\/\/wordpress.nibis.de\/gymlox\/files\/2025\/10\/IMG_6979-scaled.jpeg 2560w, https:\/\/wordpress.nibis.de\/gymlox\/files\/2025\/10\/IMG_6979-768x576.jpeg 768w, https:\/\/wordpress.nibis.de\/gymlox\/files\/2025\/10\/IMG_6979-1536x1152.jpeg 1536w, https:\/\/wordpress.nibis.de\/gymlox\/files\/2025\/10\/IMG_6979-2048x1536.jpeg 2048w\" sizes=\"auto, (max-width: 2560px) 100vw, 2560px\" \/><figcaption class=\"wp-element-caption\">Hinten von links: Detlef Niesche, Susanne Seifert, Gunnar Benzing, Lutz Pollmann, Elisabeth R\u00f6mer, Antje Tienken, Michaela Pape, Stefan Brunschede \/ Mitte von links: Sandra Schwarze, Gunnar B\u00fcsch, Marcus Koch, Nils Kempa, Anna Kaczmarczyk, Laura Herffs, Sientje Clau\u00dfen, Enne Wendemuth \/ Vorne von links: Kira Cassens, Jens Domasch (Schulleitung), Anika Frommann, Bettina Hahn, Torsten Meyer, Helga Wolthoff \/ es fehlen: Marcus Braatz, Wiebke Wetzel, Maria Nighbert, Thomas Kothe, Janina Otto, Uwe Schr\u00f6der, Britta Quaiser, Andre Will, Uwe Stockmeier (Schulleitung)<\/figcaption><\/figure>\n\n\n\n<h2 class=\"wp-block-heading\"><strong>Unterrichtende im Schuljahr 2025\/2026<\/strong><\/h2>\n\n\n\n<table style=\"width: 103.58%;height: 717px\">\n<tbody>\n<tr style=\"height: 45px\">\n<td style=\"width: 31.7089%;height: 45px\" data-sheets-value=\"{ &quot;1&quot;: 2, &quot;2&quot;: &quot;Herr Gunnar Benzing&quot;}\">\n<p><strong>Name<\/strong><\/p>\n<\/td>\n<td style=\"width: 71.724%;height: 45px\" data-sheets-value=\"{ &quot;1&quot;: 2, &quot;2&quot;: &quot;Biologie, Geschichte, Politik-Wirtschaft&quot;}\">\n<p><strong>F\u00e4cher<\/strong><\/p>\n<\/td>\n<\/tr>\n<tr style=\"height: 24px\">\n<td style=\"width: 31.7089%;height: 24px\" data-sheets-value=\"{ &quot;1&quot;: 2, &quot;2&quot;: &quot;Herr Gunnar Benzing&quot;}\">Herr Gunnar Benzing<\/td>\n<td style=\"width: 71.724%;height: 24px\" data-sheets-value=\"{ &quot;1&quot;: 2, &quot;2&quot;: &quot;Biologie, Geschichte, Politik-Wirtschaft&quot;}\">Biologie, Geschichte, Politik-Wirtschaft<\/td>\n<\/tr>\n<tr style=\"height: 24px\">\n<td style=\"width: 31.7089%;height: 24px\" data-sheets-value=\"{ &quot;1&quot;: 2, &quot;2&quot;: &quot;Herr Andre Will&quot;}\">Herr Marcus Braatz<\/td>\n<td style=\"width: 71.724%;height: 24px\" data-sheets-value=\"{ &quot;1&quot;: 2, &quot;2&quot;: &quot;Erdkunde, Sport&quot;}\">Englisch, Mathematik<\/td>\n<\/tr>\n<tr style=\"height: 24px\">\n<td style=\"width: 31.7089%;height: 24px\" data-sheets-value=\"{ &quot;1&quot;: 2, &quot;2&quot;: &quot;Frau Helga Wolthoff&quot;}\">Herr Stefan Brunschede<\/td>\n<td style=\"width: 71.724%;height: 24px\" data-sheets-value=\"{ &quot;1&quot;: 2, &quot;2&quot;: &quot;Deutsch, Englisch&quot;}\">Franz\u00f6sisch, Geschichte<\/td>\n<\/tr>\n<tr style=\"height: 24px\">\n<td style=\"width: 31.7089%;height: 24px\" data-sheets-value=\"{ &quot;1&quot;: 2, &quot;2&quot;: &quot;Herr Gunnar B\u00fcsch&quot;}\">Herr Gunnar B\u00fcsch<\/td>\n<td style=\"width: 71.724%;height: 24px\" data-sheets-value=\"{ &quot;1&quot;: 2, &quot;2&quot;: &quot;Latein, Religion&quot;}\">Latein, Religion<\/td>\n<\/tr>\n<tr style=\"height: 24px\">\n<td style=\"width: 31.7089%;height: 24px\" data-sheets-value=\"{ &quot;1&quot;: 2, &quot;2&quot;: &quot;Frau Kira Cassens&quot;}\">Frau Kira Cassens<\/td>\n<td style=\"width: 71.724%;height: 24px\" data-sheets-value=\"{ &quot;1&quot;: 2, &quot;2&quot;: &quot;Deutsch, Geschichte&quot;}\">Deutsch, Geschichte<\/td>\n<\/tr>\n<tr style=\"height: 24px\">\n<td style=\"width: 31.7089%;height: 24px\" data-sheets-value=\"{ &quot;1&quot;: 2, &quot;2&quot;: &quot;Frau Sientje Clau\u00dfen&quot;}\">Frau Sientje Clau\u00dfen<\/td>\n<td style=\"width: 71.724%;height: 24px\" data-sheets-value=\"{ &quot;1&quot;: 2, &quot;2&quot;: &quot;Deutsch, Franz\u00f6sisch&quot;}\">Deutsch, Franz\u00f6sisch<\/td>\n<\/tr>\n<tr style=\"height: 24px\">\n<td style=\"width: 31.7089%;height: 24px\" data-sheets-value=\"{ &quot;1&quot;: 2, &quot;2&quot;: &quot;Herr Jens Domasch&quot;}\">Herr Jens Domasch<\/td>\n<td style=\"width: 71.724%;height: 24px\" data-sheets-value=\"{ &quot;1&quot;: 2, &quot;2&quot;: &quot;Mathematik, Physik&quot;}\">Mathematik, Physik<\/td>\n<\/tr>\n<tr style=\"height: 24px\">\n<td style=\"width: 31.7089%;height: 24px\" data-sheets-value=\"{ &quot;1&quot;: 2, &quot;2&quot;: &quot;Frau Anika Frommann&quot;}\">Frau Anika Frommann<\/td>\n<td style=\"width: 71.724%;height: 24px\" data-sheets-value=\"{ &quot;1&quot;: 2, &quot;2&quot;: &quot;Deutsch, Religion, Werte und Normen&quot;}\">Deutsch, Religion, Werte und Normen<\/td>\n<\/tr>\n<tr style=\"height: 24px\">\n<td style=\"width: 31.7089%;height: 24px\" data-sheets-value=\"{ &quot;1&quot;: 2, &quot;2&quot;: &quot;Frau Bettina Hahn&quot;}\">Frau Bettina Hahn<\/td>\n<td style=\"width: 71.724%;height: 24px\" data-sheets-value=\"{ &quot;1&quot;: 2, &quot;2&quot;: &quot;Chemie, Sport&quot;}\">Chemie, Sport<\/td>\n<\/tr>\n<tr style=\"height: 24px\">\n<td style=\"width: 31.7089%;height: 24px\" data-sheets-value=\"{ &quot;1&quot;: 2, &quot;2&quot;: &quot;Frau Laura Herffs&quot;}\">Frau Laura Herffs<\/td>\n<td style=\"width: 71.724%;height: 24px\" data-sheets-value=\"{ &quot;1&quot;: 2, &quot;2&quot;: &quot;Englisch, Kunst&quot;}\">Englisch, Kunst<\/td>\n<\/tr>\n<tr style=\"height: 24px\">\n<td style=\"width: 31.7089%;height: 24px\" data-sheets-value=\"{ &quot;1&quot;: 2, &quot;2&quot;: &quot;Frau Anna Kaczmarczyk&quot;}\">Frau Anna Kaczmarczyk<\/td>\n<td style=\"width: 71.724%;height: 24px\" data-sheets-value=\"{ &quot;1&quot;: 2, &quot;2&quot;: &quot;Englisch, Kunst&quot;}\">Englisch, Kunst<\/td>\n<\/tr>\n<tr style=\"height: 24px\">\n<td style=\"width: 31.7089%;height: 24px\" data-sheets-value=\"{ &quot;1&quot;: 2, &quot;2&quot;: &quot;Herr Nils Kempa&quot;}\">Herr Nils Kempa<\/td>\n<td style=\"width: 71.724%;height: 24px\" data-sheets-value=\"{ &quot;1&quot;: 2, &quot;2&quot;: &quot;Mathematik, Musik&quot;}\">Mathematik, Musik<\/td>\n<\/tr>\n<tr style=\"height: 24px\">\n<td style=\"width: 31.7089%;height: 24px\" data-sheets-value=\"{ &quot;1&quot;: 2, &quot;2&quot;: &quot;Herr Marcus Koch&quot;}\">Herr Marcus Koch<\/td>\n<td style=\"width: 71.724%;height: 24px\" data-sheets-value=\"{ &quot;1&quot;: 2, &quot;2&quot;: &quot;Erdkunde, Geschichte, Politik-Wirtschaft&quot;}\">Erdkunde, Geschichte, Politik-Wirtschaft<\/td>\n<\/tr>\n<tr style=\"height: 24px\">\n<td style=\"width: 31.7089%;height: 24px\" data-sheets-value=\"{ &quot;1&quot;: 2, &quot;2&quot;: &quot;Herr Thomas Kothe&quot;}\">Herr Thomas Kothe<\/td>\n<td style=\"width: 71.724%;height: 24px\" data-sheets-value=\"{ &quot;1&quot;: 2, &quot;2&quot;: &quot;Chemie, Physik&quot;}\">Chemie, Physik<\/td>\n<\/tr>\n<tr style=\"height: 24px\">\n<td style=\"width: 31.7089%;height: 24px\" data-sheets-value=\"{ &quot;1&quot;: 2, &quot;2&quot;: &quot;Herr Torsten Meyer&quot;}\">Herr Torsten Meyer<\/td>\n<td style=\"width: 71.724%;height: 24px\" data-sheets-value=\"{ &quot;1&quot;: 2, &quot;2&quot;: &quot;Geschichte, Politik-Wirtschaft, Religion, Werte und Normen&quot;}\">Geschichte, Politik-Wirtschaft, Religion, Werte und Normen<\/td>\n<\/tr>\n<tr style=\"height: 24px\">\n<td style=\"width: 31.7089%;height: 24px\" data-sheets-value=\"{ &quot;1&quot;: 2, &quot;2&quot;: &quot;Herr Detlef Niesche&quot;}\">Herr Detlef Niesche<\/td>\n<td style=\"width: 71.724%;height: 24px\" data-sheets-value=\"{ &quot;1&quot;: 2, &quot;2&quot;: &quot;Biologie, Erdkunde, Werte und Normen&quot;}\">Biologie, Erdkunde, Werte und Normen<\/td>\n<\/tr>\n<tr style=\"height: 24px\">\n<td style=\"width: 31.7089%;height: 24px\" data-sheets-value=\"{ &quot;1&quot;: 2, &quot;2&quot;: &quot;Frau Maria Nighbert&quot;}\">Frau Maria Nighbert<\/td>\n<td style=\"width: 71.724%;height: 24px\" data-sheets-value=\"{ &quot;1&quot;: 2, &quot;2&quot;: &quot;Englisch, Politik-Wirtschaft&quot;}\">Englisch, Politik-Wirtschaft<\/td>\n<\/tr>\n<tr style=\"height: 24px\">\n<td style=\"width: 31.7089%;height: 24px\" data-sheets-value=\"{ &quot;1&quot;: 2, &quot;2&quot;: &quot;Frau Michaela Pape&quot;}\">Frau Michaela Pape<\/td>\n<td style=\"width: 71.724%;height: 24px\" data-sheets-value=\"{ &quot;1&quot;: 2, &quot;2&quot;: &quot;Mathematik, Sport&quot;}\">Mathematik, Sport<\/td>\n<\/tr>\n<tr style=\"height: 24px\">\n<td style=\"width: 31.7089%;height: 24px\" data-sheets-value=\"{ &quot;1&quot;: 2, &quot;2&quot;: &quot;Herr Lutz Pollmann&quot;}\">Herr Lutz Pollmann<\/td>\n<td style=\"width: 71.724%;height: 24px\" data-sheets-value=\"{ &quot;1&quot;: 2, &quot;2&quot;: &quot;Deutsch, Sport&quot;}\">Deutsch, Sport<\/td>\n<\/tr>\n<tr style=\"height: 24px\">\n<td style=\"width: 31.7089%;height: 24px\" data-sheets-value=\"{ &quot;1&quot;: 2, &quot;2&quot;: &quot;Frau Britta Quaiser&quot;}\">Frau Britta Quaiser<\/td>\n<td style=\"width: 71.724%;height: 24px\" data-sheets-value=\"{ &quot;1&quot;: 2, &quot;2&quot;: &quot;Geschichte, Musik&quot;}\">Geschichte, Musik<\/td>\n<\/tr>\n<tr style=\"height: 24px\">\n<td style=\"width: 31.7089%;height: 24px\" data-sheets-value=\"{ &quot;1&quot;: 2, &quot;2&quot;: &quot;Herr Uwe Schr\u00f6der&quot;}\">Herr Uwe Schr\u00f6der<\/td>\n<td style=\"width: 71.724%;height: 24px\" data-sheets-value=\"{ &quot;1&quot;: 2, &quot;2&quot;: &quot;Mathematik, Informatik, Physik&quot;}\">Mathematik, Informatik, Physik<\/td>\n<\/tr>\n<tr style=\"height: 24px\">\n<td style=\"width: 31.7089%;height: 24px\" data-sheets-value=\"{ &quot;1&quot;: 2, &quot;2&quot;: &quot;Frau Sandra Schwarze&quot;}\">Frau Sandra Schwarze<\/td>\n<td style=\"width: 71.724%;height: 24px\" data-sheets-value=\"{ &quot;1&quot;: 2, &quot;2&quot;: &quot;Englisch, Kunst&quot;}\">Englisch, Kunst<\/td>\n<\/tr>\n<tr style=\"height: 24px\">\n<td style=\"width: 31.7089%;height: 24px\" data-sheets-value=\"{ &quot;1&quot;: 2, &quot;2&quot;: &quot;Frau Susanne Seifert&quot;}\">Frau Susanne Seifert<\/td>\n<td style=\"width: 71.724%;height: 24px\" data-sheets-value=\"{ &quot;1&quot;: 2, &quot;2&quot;: &quot;Deutsch, Englisch, Werte und Normen&quot;}\">Deutsch, Englisch, Werte und Normen<\/td>\n<\/tr>\n<tr style=\"height: 24px\">\n<td style=\"width: 31.7089%;height: 24px\" data-sheets-value=\"{ &quot;1&quot;: 2, &quot;2&quot;: &quot;Frau Antje Tienken&quot;}\">Frau Antje Tienken<\/td>\n<td style=\"width: 71.724%;height: 24px\" data-sheets-value=\"{ &quot;1&quot;: 2, &quot;2&quot;: &quot;Englisch, Religion&quot;}\">Englisch, Religion<\/td>\n<\/tr>\n<tr style=\"height: 24px\">\n<td style=\"width: 31.7089%;height: 24px\" data-sheets-value=\"{ &quot;1&quot;: 2, &quot;2&quot;: &quot;Frau Enne Wendemuth&quot;}\">Frau Enne Wendemuth<\/td>\n<td style=\"width: 71.724%;height: 24px\" data-sheets-value=\"{ &quot;1&quot;: 2, &quot;2&quot;: &quot;Mathematik, Biologie&quot;}\">Mathematik, Biologie<\/td>\n<\/tr>\n<tr style=\"height: 24px\">\n<td style=\"width: 31.7089%;height: 24px\" data-sheets-value=\"{ &quot;1&quot;: 2, &quot;2&quot;: &quot;Frau Wiebke Wetzel&quot;}\">Frau Wiebke Wetzel<\/td>\n<td style=\"width: 71.724%;height: 24px\" data-sheets-value=\"{ &quot;1&quot;: 2, &quot;2&quot;: &quot;Englisch, Religion, Werte und Normen&quot;}\">Englisch, Geschichte, Religion<\/td>\n<\/tr>\n<tr style=\"height: 24px\">\n<td style=\"width: 31.7089%;height: 24px\" data-sheets-value=\"{ &quot;1&quot;: 2, &quot;2&quot;: &quot;Herr Andre Will&quot;}\">Herr Andre Will<\/td>\n<td style=\"width: 71.724%;height: 24px\" data-sheets-value=\"{ &quot;1&quot;: 2, &quot;2&quot;: &quot;Erdkunde, Sport&quot;}\">Erdkunde, Sport<\/td>\n<\/tr>\n<tr style=\"height: 24px\">\n<td style=\"width: 31.7089%;height: 24px\" data-sheets-value=\"{ &quot;1&quot;: 2, &quot;2&quot;: &quot;Frau Helga Wolthoff&quot;}\">Frau Helga Wolthoff<\/td>\n<td style=\"width: 71.724%;height: 24px\" data-sheets-value=\"{ &quot;1&quot;: 2, &quot;2&quot;: &quot;Deutsch, Englisch&quot;}\">Deutsch, Englisch<\/td>\n<\/tr>\n<\/tbody>\n<\/table>\n\n\n\n\n\n<p>Sie k\u00f6nnen alle Lehrkr\u00e4fte per E-Mail erreichen. Die Adresse setzt sich zusammen aus dem Vornamen, einem Punkt, dem Nachnamen und @gymlox.de. Dabei wird alles klein geschrieben und Umlaute werden aufgel\u00f6st, also zum Beispiel: &#x75;&#119;e&#x2e;&#x73;&#99;h&#x72;&#x6f;&#101;d&#x65;&#x72;&#64;g&#x79;&#x6d;&#108;o&#x78;&#46;&#100;e<\/p>\n\n\n\n\n","protected":false},"excerpt":{"rendered":"<p>Unterrichtende im Schuljahr 2025\/2026 Name F\u00e4cher Herr Gunnar Benzing Biologie, Geschichte, Politik-Wirtschaft Herr Marcus Braatz Englisch, Mathematik Herr Stefan Brunschede Franz\u00f6sisch, Geschichte Herr Gunnar B\u00fcsch Latein, Religion Frau Kira Cassens Deutsch, Geschichte Frau Sientje Clau\u00dfen Deutsch, Franz\u00f6sisch Herr Jens Domasch &hellip; <a href=\"https:\/\/wordpress.nibis.de\/gymlox\/lehrkraefte\/\">Weiterlesen <span class=\"meta-nav\">&rarr;<\/span><\/a><\/p>\n","protected":false},"author":1356,"featured_media":0,"parent":0,"menu_order":0,"comment_status":"closed","ping_status":"closed","template":"","meta":{"footnotes":""},"class_list":["post-53","page","type-page","status-publish","hentry"],"_links":{"self":[{"href":"https:\/\/wordpress.nibis.de\/gymlox\/wp-json\/wp\/v2\/pages\/53","targetHints":{"allow":["GET"]}}],"collection":[{"href":"https:\/\/wordpress.nibis.de\/gymlox\/wp-json\/wp\/v2\/pages"}],"about":[{"href":"https:\/\/wordpress.nibis.de\/gymlox\/wp-json\/wp\/v2\/types\/page"}],"author":[{"embeddable":true,"href":"https:\/\/wordpress.nibis.de\/gymlox\/wp-json\/wp\/v2\/users\/1356"}],"replies":[{"embeddable":true,"href":"https:\/\/wordpress.nibis.de\/gymlox\/wp-json\/wp\/v2\/comments?post=53"}],"version-history":[{"count":28,"href":"https:\/\/wordpress.nibis.de\/gymlox\/wp-json\/wp\/v2\/pages\/53\/revisions"}],"predecessor-version":[{"id":2710,"href":"https:\/\/wordpress.nibis.de\/gymlox\/wp-json\/wp\/v2\/pages\/53\/revisions\/2710"}],"wp:attachment":[{"href":"https:\/\/wordpress.nibis.de\/gymlox\/wp-json\/wp\/v2\/media?parent=53"}],"curies":[{"name":"wp","href":"https:\/\/api.w.org\/{rel}","templated":true}]}}