{"id":55,"date":"2019-01-28T09:12:47","date_gmt":"2019-01-28T08:12:47","guid":{"rendered":"http:\/\/wordpress.nibis.de\/gymlox\/?page_id=55"},"modified":"2019-08-01T20:57:52","modified_gmt":"2019-08-01T18:57:52","slug":"ganztag","status":"publish","type":"page","link":"https:\/\/wordpress.nibis.de\/gymlox\/ganztag\/","title":{"rendered":"Ganztag"},"content":{"rendered":"<p>Das Gymnasium Loxstedt ist offene Ganztagsschule. Wir bieten, z. T. in Kooperation mit der Haupt- und Realschule Loxstedt, im Nachmittagsbereich ein\u00a0 <strong><u>freiwilliges Angebot an Arbeitsgemeinschaften (AGs) an. <\/u><\/strong><\/p>\n<p>Im Schuljahr 2018\/19 standen folgende AGs zum Angebot:<\/p>\n<p>Hausaufgabenbetreuung Mathematik (Jg 7 \u2013 9), Segeln, Erasmus (Internationales Austauschprogramm), Erste Hilfe, Theater, Sch\u00fclerfirma LoxFactory, Musik, Imkerei<\/p>\n<p><u>in Kooperation mit der HRS Loxstedt au\u00dferdem:<\/u> Parkour, Singen, Judo, Fu\u00dfball, Mofa, Tanzen<\/p>\n<p>Alle AGs finden <em>von montags bis donnerstags<\/em> nach der Mittagspause in der Zeit von <strong><u>13.50 bis 15.20 Uhr<\/u><\/strong> statt.<\/p>\n<p>W\u00e4hrend der Mittagspause haben die Kinder die M\u00f6glichkeit, in unserer schuleigenen Mensa eine warme Mahlzeit einzunehmen.<\/p>\n<p>Die <strong><u>Anmeldung<\/u><\/strong> zur Teilnahme an den AGs ist <strong><u>freiwillig<\/u><\/strong>. Ein Kind kann auch an mehreren AGs teilnehmen.<\/p>\n<p>Die Freiwilligkeit bezieht sich ausschlie\u00dflich auf das Ganztagsangebot, nicht auf den am Nachmittag\u00a0 stattfindenden Pflichtunterricht. <strong><u>An dem Tag, an dem ein\/e Sch\u00fcler\/in nachmittags Pflichtunterricht hat, kann sie\/er nicht an einer AG teilnehmen.<\/u><\/strong><\/p>\n<p>Eine <strong><u>Anmeldung<\/u><\/strong> verpflichtet zur regelm\u00e4\u00dfigen Teilnahme und ist <strong><u>f\u00fcr ein Schulhalbjahr verbindlich<\/u><\/strong>.<\/p>\n<p>Die Anmeldung zu den AGs findet jeweils zu Beginn eines neuen Schuljahres bzw. Schulhalbjahres statt.<\/p>\n","protected":false},"excerpt":{"rendered":"<p>Das Gymnasium Loxstedt ist offene Ganztagsschule. Wir bieten, z. T. in Kooperation mit der Haupt- und Realschule Loxstedt, im Nachmittagsbereich ein\u00a0 freiwilliges Angebot an Arbeitsgemeinschaften (AGs) an. Im Schuljahr 2018\/19 standen folgende AGs zum Angebot: Hausaufgabenbetreuung Mathematik (Jg 7 \u2013 &hellip; <a href=\"https:\/\/wordpress.nibis.de\/gymlox\/ganztag\/\">Weiterlesen <span class=\"meta-nav\">&rarr;<\/span><\/a><\/p>\n","protected":false},"author":1356,"featured_media":0,"parent":0,"menu_order":0,"comment_status":"closed","ping_status":"closed","template":"","meta":{"footnotes":""},"class_list":["post-55","page","type-page","status-publish","hentry"],"_links":{"self":[{"href":"https:\/\/wordpress.nibis.de\/gymlox\/wp-json\/wp\/v2\/pages\/55","targetHints":{"allow":["GET"]}}],"collection":[{"href":"https:\/\/wordpress.nibis.de\/gymlox\/wp-json\/wp\/v2\/pages"}],"about":[{"href":"https:\/\/wordpress.nibis.de\/gymlox\/wp-json\/wp\/v2\/types\/page"}],"author":[{"embeddable":true,"href":"https:\/\/wordpress.nibis.de\/gymlox\/wp-json\/wp\/v2\/users\/1356"}],"replies":[{"embeddable":true,"href":"https:\/\/wordpress.nibis.de\/gymlox\/wp-json\/wp\/v2\/comments?post=55"}],"version-history":[{"count":2,"href":"https:\/\/wordpress.nibis.de\/gymlox\/wp-json\/wp\/v2\/pages\/55\/revisions"}],"predecessor-version":[{"id":390,"href":"https:\/\/wordpress.nibis.de\/gymlox\/wp-json\/wp\/v2\/pages\/55\/revisions\/390"}],"wp:attachment":[{"href":"https:\/\/wordpress.nibis.de\/gymlox\/wp-json\/wp\/v2\/media?parent=55"}],"curies":[{"name":"wp","href":"https:\/\/api.w.org\/{rel}","templated":true}]}}