{"id":615,"date":"2019-08-14T16:53:34","date_gmt":"2019-08-14T14:53:34","guid":{"rendered":"https:\/\/wordpress.nibis.de\/gymlox\/?page_id=615"},"modified":"2024-06-09T18:05:40","modified_gmt":"2024-06-09T16:05:40","slug":"erste-hilfe-ag","status":"publish","type":"page","link":"https:\/\/wordpress.nibis.de\/gymlox\/erste-hilfe-ag\/","title":{"rendered":"Erste-Hilfe-AG"},"content":{"rendered":"\n<p style=\"font-weight: 400\">Die\u00a0<strong>Arbeitsgemeinschaft Erste-Hilfe<\/strong>\u00a0ist kein Ort, an dem man den \u201eErste\u2011Hilfe\u201c\u2011Schein macht und dann wieder aufh\u00f6rt, sondern eine Gruppe von Sch\u00fclerinnen und Sch\u00fclern, die w\u00e4hrend ihrer Zeit am Gymnasium Loxstedt etwas Besonderes leisten.<\/p>\n<p style=\"font-weight: 400\"><strong>Die Arbeitsgemeinschaft Erste-Hilfe (Jahrgang 6 \u2013 8)<\/strong><\/p>\n<p style=\"font-weight: 400\"><strong>Das machen wir:<\/strong><\/p>\n<p style=\"font-weight: 400\">&#8211; In den gro\u00dfen Pausen stehen wir im Sanit\u00e4tsraum bereit, um verletzte oder erkrankte Sch\u00fclerinnen und Sch\u00fcler oder Lehrkr\u00e4fte zu versorgen.<\/p>\n<p style=\"font-weight: 400\">&#8211; Wir dokumentieren alle Verletzungen im Verbandbuch.<\/p>\n<p style=\"font-weight: 400\">&#8211; Bei Schulveranstaltungen (z.B. Brennballturnier, Bundesjugendspiele) organisieren wir den Sanit\u00e4tsdienst.<\/p>\n<p style=\"font-weight: 400\">&#8211; Wenn der Rettungsdienst in unser Geb\u00e4ude kommt, bringen wir Not\u00e4rztin und Rettungsassistentinnen zum Einsatzort. (Wer wei\u00df schon, wo \u201eD4\u201c ist!)<\/p>\n<p style=\"font-weight: 400\">&#8211; Wir halten unser Material selbstst\u00e4ndig in Ordnung. (Wenn das unsere Eltern w\u00fcssten\u2026)<\/p>\n<p style=\"font-weight: 400\">&#8211; Wir schreiben unsere Dienstpl\u00e4ne und organisieren unsere Eins\u00e4tze selbst.<\/p>\n<p style=\"font-weight: 400\">Ihr erkennt uns an unseren gelben Westen.<\/p>\n<p style=\"font-weight: 400\">Wir k\u00f6nnen nicht nur \u201eErste-Hilfe\u201c leisten, sondern wissen auch, wie man richtig mit unseren Funkger\u00e4ten umgeht, Blutdruck misst und jemanden auf der Trage richtig lagert und transportiert. Unsere Trage ist \u00fcbrigens eine richtige Krankentransport-Trage, die uns freundlicherweise vom\u00a0Schulverein Loxstedt\u00a0gespendet wurde.<br \/><br \/><\/p>\n<p style=\"font-weight: 400\">Was wir hier lernen, n\u00fctzt uns sp\u00e4ter bei der\u00a0Sanit\u00e4tsausbildung, denn wir wollen sp\u00e4ter in den\u00a0Sanit\u00e4tsdienst\u00a0wechseln\u2026<\/p>\n<p style=\"font-weight: 400\">\u00a0<\/p>\n<p style=\"font-weight: 400\">Jahrgang 6\/7:<\/p>\n<p style=\"font-weight: 400\">&#8211; Du lernst in den AG-Stunden (Donnerstagnachmittag) Inhalte aus dem klassischen Erste\u2011Hilfe Lehrgang. Du \u00fcbst die Ma\u00dfnahmen so lange, bis du sie kannst, ohne nachdenken zu m\u00fcssen.<\/p>\n<p style=\"font-weight: 400\">&#8211; Nach einigen Monaten lernst du, wie man sich im Sanit\u00e4tsraum verhalten muss und wie man das Verbandbuch richtig f\u00fchrt.<\/p>\n<p style=\"font-weight: 400\">&#8211; Bald wirst du in den Pausen Dienst im Sani-Raum machen und zusammen mit \u00e4lteren Sch\u00fclerinnen und Sch\u00fclern die ersten Verletzungen selbst versorgen.<\/p>\n<p style=\"font-weight: 400\">Sp\u00e4ter kommen neue Dinge dazu:<\/p>\n<p style=\"font-weight: 400\">&#8211; Wie verh\u00e4lt man sich bei einem Einsatz, z.B. auf einer Sportveranstaltung<\/p>\n<p style=\"font-weight: 400\">&#8211; Wie benutzt man die Funkger\u00e4te richtig<\/p>\n<p style=\"font-weight: 400\">&#8211; Du kannst jemand auf der Trage richtig lagern.<\/p>\n<p style=\"font-weight: 400\">&#8211; Du kannst Puls und Blutdruck messen<\/p>\n<p style=\"font-weight: 400\">&#8211; Du wei\u00dft, wo deine Grenzen sind.<\/p>\n<p style=\"font-weight: 400\">Irgendwann kommt dann dein erster richtiger Einsatz, bei dem du deine gelbe Weste tr\u00e4gst und du die Verantwortung f\u00fcr deinen Bereich \u00fcbernimmst.<\/p>\n<p style=\"font-weight: 400\">\u00a0<\/p>\n<p style=\"font-weight: 400\">Jahrgang 7\/8:<\/p>\n<p style=\"font-weight: 400\">Du bist jetzt ein richtiger Ersthelfer. Du kannst die Dienstpl\u00e4ne f\u00fcr die Pausendienste schreiben, dich als Einsatzleiter um die Organisation von gr\u00f6\u00dferen Veranstaltungen k\u00fcmmern und bist bei der Versorgung von Patienten richtig sicher geworden.<\/p>\n<p style=\"font-weight: 400\">Am Ende des 8. Jahrgangs kannst du -wenn du dich sicher f\u00fchlst- zum Sanit\u00e4tslehrgang zugelassen werden. <br \/><br \/><br \/>Es gibt auch manchmal ruhige Donnerstage, an denen wir uns es mal gutgehen lassen\u2026<\/p>\n<p style=\"font-weight: 400\">\u00a0<\/p>\n","protected":false},"excerpt":{"rendered":"<p>Die\u00a0Arbeitsgemeinschaft Erste-Hilfe\u00a0ist kein Ort, an dem man den \u201eErste\u2011Hilfe\u201c\u2011Schein macht und dann wieder aufh\u00f6rt, sondern eine Gruppe von Sch\u00fclerinnen und Sch\u00fclern, die w\u00e4hrend ihrer Zeit am Gymnasium Loxstedt etwas Besonderes leisten. Die Arbeitsgemeinschaft Erste-Hilfe (Jahrgang 6 \u2013 8) Das machen &hellip; <a href=\"https:\/\/wordpress.nibis.de\/gymlox\/erste-hilfe-ag\/\">Weiterlesen <span class=\"meta-nav\">&rarr;<\/span><\/a><\/p>\n","protected":false},"author":1356,"featured_media":0,"parent":0,"menu_order":0,"comment_status":"closed","ping_status":"closed","template":"","meta":{"footnotes":""},"class_list":["post-615","page","type-page","status-publish","hentry"],"_links":{"self":[{"href":"https:\/\/wordpress.nibis.de\/gymlox\/wp-json\/wp\/v2\/pages\/615","targetHints":{"allow":["GET"]}}],"collection":[{"href":"https:\/\/wordpress.nibis.de\/gymlox\/wp-json\/wp\/v2\/pages"}],"about":[{"href":"https:\/\/wordpress.nibis.de\/gymlox\/wp-json\/wp\/v2\/types\/page"}],"author":[{"embeddable":true,"href":"https:\/\/wordpress.nibis.de\/gymlox\/wp-json\/wp\/v2\/users\/1356"}],"replies":[{"embeddable":true,"href":"https:\/\/wordpress.nibis.de\/gymlox\/wp-json\/wp\/v2\/comments?post=615"}],"version-history":[{"count":7,"href":"https:\/\/wordpress.nibis.de\/gymlox\/wp-json\/wp\/v2\/pages\/615\/revisions"}],"predecessor-version":[{"id":2046,"href":"https:\/\/wordpress.nibis.de\/gymlox\/wp-json\/wp\/v2\/pages\/615\/revisions\/2046"}],"wp:attachment":[{"href":"https:\/\/wordpress.nibis.de\/gymlox\/wp-json\/wp\/v2\/media?parent=615"}],"curies":[{"name":"wp","href":"https:\/\/api.w.org\/{rel}","templated":true}]}}