{"id":63,"date":"2019-01-28T09:21:59","date_gmt":"2019-01-28T08:21:59","guid":{"rendered":"http:\/\/wordpress.nibis.de\/gymlox\/?page_id=63"},"modified":"2024-04-15T10:55:44","modified_gmt":"2024-04-15T08:55:44","slug":"schulordnung-erlasse","status":"publish","type":"page","link":"https:\/\/wordpress.nibis.de\/gymlox\/schulordnung-erlasse\/","title":{"rendered":"Schulordnung &amp; Erlasse"},"content":{"rendered":"\n<h2 class=\"wp-block-heading\">Schulordnung f\u00fcr das Gymnasium Loxstedt<\/h2>\n\n\n\n<ol class=\"wp-block-list\"><li>Faires, soziales Verhalten und respektvoller Umgang aller Schulmitglieder miteinander sind die Grundlagen f\u00fcr ein gutes Schulleben.<\/li><\/ol>\n\n\n\n<ol class=\"wp-block-list\" start=\"2\"><li>Jeder ist daf\u00fcr verantwortlich, dass s\u00e4mtliche R\u00e4ume und Flure sowie das Au\u00dfengel\u00e4nde sauber gehalten und die Einrichtungsgegenst\u00e4nde geschont werden. Wer vors\u00e4tzlich oder fahrl\u00e4ssig Sch\u00e4den verursacht, hat daf\u00fcr aufzukommen (z.B. Geburtstagsrituale).<\/li><\/ol>\n\n\n\n<ol class=\"wp-block-list\" start=\"3\"><li>Ist 10 Minuten nach Unterrichtsbeginn noch kein Lehrer erschienen, hat der Klassensprecher dieses unverz\u00fcglich im Sekretariat zu melden.<\/li><\/ol>\n\n\n\n<ol class=\"wp-block-list\" start=\"4\"><li>Die Klassenr\u00e4ume werden in den gro\u00dfen Pausen abgeschlossen. Es ist darauf zu achten, dass Heizk\u00f6rper und Licht ausgeschaltet sowie die Fenster geschlossen werden, wenn die Klasse ihren Klassenraum verl\u00e4sst. Nach Schulschluss m\u00fcssen alle St\u00fchle hochgestellt werden.<\/li><\/ol>\n\n\n\n<ol class=\"wp-block-list\" start=\"5\"><li>Der Sportbereich (Geb\u00e4ude und Au\u00dfenanlagen) sowie die Fachr\u00e4ume d\u00fcrfen nur in Begleitung eines Lehrers betreten werden. Fachr\u00e4ume werden in allen Pausen abgeschlossen.<\/li><\/ol>\n\n\n\n<ol class=\"wp-block-list\" start=\"6\"><li>W\u00e4hrend der Pausen und in Freistunden ist der Aufenthalt nur im A-\/B-\/F- und G-Bereich und in der Pausenhalle erlaubt, solange der Unterricht nicht gest\u00f6rt wird. Der F-Bereich ist Ruhezone und darf vor Schulbeginn nicht genutzt werden. Toben und L\u00e4rmen findet drau\u00dfen seinen Raum. Die Jahrg\u00e4nge 5 und 6 sollten das Au\u00dfengel\u00e4nde der Schule und die Spielekisten nutzen.<\/li><\/ol>\n\n\n\n<ol class=\"wp-block-list\" start=\"7\"><li>Auf dem Schulhof und auf den Rasenfl\u00e4chen sind Spiele erw\u00fcnscht. Mit gr\u00f6\u00dferen B\u00e4llen darf jedoch nur auf den ausgewiesenen Spielfl\u00e4chen und den Basketballfeldern gespielt werden, um die W\u00e4nde und Fenster zu schonen. Schneeballwerfen ist verboten. Bei Regenwetter wird die Pause abgel\u00e4utet. Dann haben sich alle Sch\u00fcler im Geb\u00e4ude aufzuhalten.<\/li><\/ol>\n\n\n\n<ol class=\"wp-block-list\" start=\"8\"><li>Fahrr\u00e4der und Mopeds d\u00fcrfen auf dem Schulhof nur geschoben werden. Sie sind im Fahrradstand abzustellen.<\/li><\/ol>\n\n\n\n<ol class=\"wp-block-list\" start=\"9\"><li>Das Verlassen des Schulgel\u00e4ndes ohne die Erlaubnis einer Lehrkraft ist w\u00e4hrend der Unterrichtszeit, in den Freistunden und in Pausen grunds\u00e4tzlich verboten. Das gilt auch f\u00fcr Fahrsch\u00fcler, die bei Unterrichtsausfall auf ihre Busse warten m\u00fcssen. Beim Warten auf den Bus und in den Mittagspausen halten sich alle Sch\u00fcler in der Pausenhalle, im Forum oder in dem vom Lehrerzimmer einsehbaren Au\u00dfenbereich zwischen Geb\u00e4ude und Busbahnhof auf. Der Weg von der Hermann-L\u00f6ns-Stra\u00dfe zur gro\u00dfen Turnhalle darf nur als Durchgangsweg zum Sportbereich genutzt werden. Er ist kein Aufenthaltsort in den Pausen! Die R\u00e4ume der GS Loxstedt sind weder als Aufenthaltsbereich noch als Durchgang zu benutzen.<\/li><\/ol>\n\n\n\n<ol class=\"wp-block-list\" start=\"10\"><li>Die Nutzung von elektronischen Kleinger\u00e4ten (Handy, Tablets, usw.) ist w\u00e4hrend der Schulzeit im Innen- und Au\u00dfenbereich der Schule nicht erlaubt, weder h\u00f6rbar noch sichtbar. Im Notfall darf im Beisein eines Lehrers das Handy benutzt werden.<\/li><\/ol>\n\n\n\n<ol class=\"wp-block-list\" start=\"11\"><li>Das Mitbringen und der Konsum von Tabak, Alkohol und sonstiger Drogen ist in der Schule, auf dem Schulgel\u00e4nde und bei Schulveranstaltungen auch au\u00dferhalb der Schule durch Erlass des Kultusministeriums grunds\u00e4tzlich verboten. Wer gegen dieses Verbot verst\u00f6\u00dft, muss damit rechnen, dass die Erziehungsberechtigten benachrichtigt werden und die Polizei eingeschaltet wird. Das Gleiche gilt f\u00fcr das Mitbringen von Waffen und Munition jeglicher Art sowie von Feuerwerksk\u00f6rpern.<\/li><\/ol>\n\n\n\n<ol class=\"wp-block-list\" start=\"12\"><li>Das Mitbringen und der Konsum von Energy-Drinks ist in der Schule untersagt.<\/li><\/ol>\n\n\n\n<ol class=\"wp-block-list\" start=\"13\"><li>Fundsachen nimmt der Hausmeister in Verwahrung. F\u00fcr Geld- und Wertgegenst\u00e4nde (z.B. auch Mobiltelefone oder digitale Speichermedien) wird keine Haftung \u00fcbernommen.<\/li><\/ol>\n\n\n\n<p><em>Stockmeier, StD<br>Schulleiter<\/em><\/p>\n\n\n\n<p>Auf der Seite &#8222;Downloads&#8220; finden Sie die <a href=\"https:\/\/wordpress.nibis.de\/gymlox\/downloads#dokumente\">Schulordnung<\/a> sowie den &#8222;<a href=\"https:\/\/wordpress.nibis.de\/gymlox\/downloads#dokumente\">Waffenerlass<\/a>&#8220; (Erlass &#8222;Verbot des Mitbringens von Waffen, Munition und vergleichbaren Gegenst\u00e4nden sowie von Chemikalien in Schulen&#8220;) als Pdf-Datei zum Download.<\/p>\n","protected":false},"excerpt":{"rendered":"<p>Schulordnung f\u00fcr das Gymnasium Loxstedt Faires, soziales Verhalten und respektvoller Umgang aller Schulmitglieder miteinander sind die Grundlagen f\u00fcr ein gutes Schulleben. Jeder ist daf\u00fcr verantwortlich, dass s\u00e4mtliche R\u00e4ume und Flure sowie das Au\u00dfengel\u00e4nde sauber gehalten und die Einrichtungsgegenst\u00e4nde geschont werden. &hellip; <a href=\"https:\/\/wordpress.nibis.de\/gymlox\/schulordnung-erlasse\/\">Weiterlesen <span class=\"meta-nav\">&rarr;<\/span><\/a><\/p>\n","protected":false},"author":1356,"featured_media":0,"parent":0,"menu_order":0,"comment_status":"closed","ping_status":"closed","template":"","meta":{"footnotes":""},"class_list":["post-63","page","type-page","status-publish","hentry"],"_links":{"self":[{"href":"https:\/\/wordpress.nibis.de\/gymlox\/wp-json\/wp\/v2\/pages\/63","targetHints":{"allow":["GET"]}}],"collection":[{"href":"https:\/\/wordpress.nibis.de\/gymlox\/wp-json\/wp\/v2\/pages"}],"about":[{"href":"https:\/\/wordpress.nibis.de\/gymlox\/wp-json\/wp\/v2\/types\/page"}],"author":[{"embeddable":true,"href":"https:\/\/wordpress.nibis.de\/gymlox\/wp-json\/wp\/v2\/users\/1356"}],"replies":[{"embeddable":true,"href":"https:\/\/wordpress.nibis.de\/gymlox\/wp-json\/wp\/v2\/comments?post=63"}],"version-history":[{"count":6,"href":"https:\/\/wordpress.nibis.de\/gymlox\/wp-json\/wp\/v2\/pages\/63\/revisions"}],"predecessor-version":[{"id":2003,"href":"https:\/\/wordpress.nibis.de\/gymlox\/wp-json\/wp\/v2\/pages\/63\/revisions\/2003"}],"wp:attachment":[{"href":"https:\/\/wordpress.nibis.de\/gymlox\/wp-json\/wp\/v2\/media?parent=63"}],"curies":[{"name":"wp","href":"https:\/\/api.w.org\/{rel}","templated":true}]}}