{"id":69,"date":"2019-01-28T09:27:33","date_gmt":"2019-01-28T08:27:33","guid":{"rendered":"http:\/\/wordpress.nibis.de\/gymlox\/?page_id=69"},"modified":"2020-11-10T21:25:15","modified_gmt":"2020-11-10T20:25:15","slug":"schulelternrat","status":"publish","type":"page","link":"https:\/\/wordpress.nibis.de\/gymlox\/schulelternrat\/","title":{"rendered":"Schulelternrat"},"content":{"rendered":"\n<p>Liebe Eltern,<\/p>\n\n\n\n<p>vielleicht haben Sie mit dem Gedanken\ngespielt, die Aufgabe des Elternsprechers\/der Elternsprecherin f\u00fcr die Klasse\nIhres Kindes zu \u00fcbernehmen. Wir haben nachfolgend die wichtigsten Informationen\nund Anregungen f\u00fcr Sie aufgeschrieben, um Ihnen bei der Entscheidung zu helfen.\nFalls Fragen auftreten, wenden Sie sich bitte an den Schulelternrat. Wir helfen\nIhnen gern weiter.<\/p>\n\n\n\n<p>Mit freundlichen Gr\u00fc\u00dfen<\/p>\n\n\n\n<p>Thorsten Sch\u00fcttler<br>Kirsten Sch\u00e4fer<br>Dr. Magnus Lucassen<\/p>\n\n\n\n<p><\/p>\n\n\n\n<p>E-Mail: <a href=\"&#109;&#x61;&#105;&#x6c;&#116;&#x6f;&#58;&#x73;&#101;&#x72;&#64;&#x67;&#121;&#x6d;&#108;&#x6f;&#120;&#x2e;&#100;&#x65;\">&#x73;&#x65;&#x72;&#x40;&#x67;&#x79;&#x6d;&#x6c;&#x6f;&#x78;&#x2e;&#x64;&#x65;<\/a><\/p>\n\n\n\n<h4 class=\"wp-block-heading\">Aufgaben der Elternvertretung<\/h4>\n\n\n\n<p>Die Elternvertretung k\u00fcmmert sich um\nProbleme, die die Klasse betreffen und die Eltern aus der Klasse vorbringen.\nAufgabe der Elternvertreter\/innen ist es, diese Probleme zu kl\u00e4ren.<\/p>\n\n\n\n<p>Au\u00dferdem werden die Elternvertreter\/innen durch die Schule \u00fcber wesentliche \u00c4nderungen der kerncurricularen Inhalte \/ schuleigenen Arbeitspl\u00e4ne, Neuanschaffungen von Unterrichtsmaterialien sowie grunds\u00e4tzliche Ver\u00e4nderungen in der Unterrichtsarbeit informiert. Diese Informationen werden an die anderen Eltern weitergegeben und bei Bedarf diskutiert.<\/p>\n","protected":false},"excerpt":{"rendered":"<p>Liebe Eltern, vielleicht haben Sie mit dem Gedanken gespielt, die Aufgabe des Elternsprechers\/der Elternsprecherin f\u00fcr die Klasse Ihres Kindes zu \u00fcbernehmen. Wir haben nachfolgend die wichtigsten Informationen und Anregungen f\u00fcr Sie aufgeschrieben, um Ihnen bei der Entscheidung zu helfen. Falls &hellip; <a href=\"https:\/\/wordpress.nibis.de\/gymlox\/schulelternrat\/\">Weiterlesen <span class=\"meta-nav\">&rarr;<\/span><\/a><\/p>\n","protected":false},"author":1356,"featured_media":0,"parent":0,"menu_order":0,"comment_status":"closed","ping_status":"closed","template":"","meta":{"footnotes":""},"class_list":["post-69","page","type-page","status-publish","hentry"],"_links":{"self":[{"href":"https:\/\/wordpress.nibis.de\/gymlox\/wp-json\/wp\/v2\/pages\/69","targetHints":{"allow":["GET"]}}],"collection":[{"href":"https:\/\/wordpress.nibis.de\/gymlox\/wp-json\/wp\/v2\/pages"}],"about":[{"href":"https:\/\/wordpress.nibis.de\/gymlox\/wp-json\/wp\/v2\/types\/page"}],"author":[{"embeddable":true,"href":"https:\/\/wordpress.nibis.de\/gymlox\/wp-json\/wp\/v2\/users\/1356"}],"replies":[{"embeddable":true,"href":"https:\/\/wordpress.nibis.de\/gymlox\/wp-json\/wp\/v2\/comments?post=69"}],"version-history":[{"count":12,"href":"https:\/\/wordpress.nibis.de\/gymlox\/wp-json\/wp\/v2\/pages\/69\/revisions"}],"predecessor-version":[{"id":1323,"href":"https:\/\/wordpress.nibis.de\/gymlox\/wp-json\/wp\/v2\/pages\/69\/revisions\/1323"}],"wp:attachment":[{"href":"https:\/\/wordpress.nibis.de\/gymlox\/wp-json\/wp\/v2\/media?parent=69"}],"curies":[{"name":"wp","href":"https:\/\/api.w.org\/{rel}","templated":true}]}}