{"id":71,"date":"2019-01-28T09:28:33","date_gmt":"2019-01-28T08:28:33","guid":{"rendered":"http:\/\/wordpress.nibis.de\/gymlox\/?page_id=71"},"modified":"2024-09-02T20:06:01","modified_gmt":"2024-09-02T18:06:01","slug":"schuelervertretung","status":"publish","type":"page","link":"https:\/\/wordpress.nibis.de\/gymlox\/schuelervertretung\/","title":{"rendered":"Sch\u00fclervertretung"},"content":{"rendered":"\n<p>Die SV &amp; unser Gymnasium \u2013 Ein starkes Team!<\/p>\n\n\n\n<p>Die Arbeit und das Engagement\nder SV (Sch\u00fclervertretung) am Gymnasium Loxstedt hat eine lange und\nerfolgreiche Tradition. Die Sch\u00fclerinnen und Sch\u00fcler einer jeden Schulform\nhaben durch das Nieders\u00e4chsische Schulgesetz (\u00a772-\u00a787) das Recht auf\nSelbstverwaltung und Gremienvertretung (Schulvorstand, Gesamtkonferenz,\nFachkonferenzen). Sie haben Mitentscheidungsrecht an den pad\u00e4gogischen Belangen\neiner Schule. So hat das SV-Team des Schuljahres 2017\/2018 erreicht, dass die\nGesamtkonferenz das Handyverbot an unserer Schule dahingehend gelockert hat,\ndass die Handynutzung ab Jahrgang 8 in den Mittagspausen in bestimmten\nSchulbereichen erlaubt ist. An unserer Schule \u00fcbernimmt traditionell die\nHauptverantwortung ein SV-Sprecherteam, welches jedes Jahr in einer Wahl von\nALLEN Sch\u00fclerinnen und Sch\u00fcler gew\u00e4hlt wird.<\/p>\n\n\n\n<p>Das SV-Sprecherteam ist in den\nschon oben genannten Gremien vertreten und gestaltet das au\u00dferunterrichtliche\nSchulleben aktiv (wenn nicht sogar federf\u00fchrend\u2026) mit und das seit Gr\u00fcndung\nunseres Gymnasium im Jahr 1977.<\/p>\n\n\n\n<p>Unterst\u00fctzt wird die SV-Arbeit vom SV-Kontaktlehrer, seit 2003 OStR Torsten Meyer, der die SV bei ihrer Arbeit und Ideen unterst\u00fctzt, sowie als Berater, Moderator und \u201ePuffer\u201c zwischen Sch\u00fclern, Kollegium und Schulleitung fungiert. <\/p>\n\n\n\n<p>Dass unser Gymnasium sich in\nBezug auf SV-Arbeit nicht verstecken muss, sondern im Gegenteil Lob und\nAnerkennung von vielen Seiten bekommt, kann z.B. durch die positiven\nErw\u00e4hnungen in den letzten zwei Schulinspektionen und den R\u00fcckmeldungen der\nSV-Landesschulberater bei diversen Fortbildungsseminaren belegt werden. Vor\nallem der hohe Grad an Eigenverantwortung und Selbstst\u00e4ndigkeit seitens der\nSch\u00fclerinnen und Sch\u00fcler wurde hervorgehoben.<\/p>\n\n\n\n<p>Unsere SV versucht durch\nEigeninitiative und Kommunikation mit allen Beteiligten, Traditionen\nweiterleben zu lassen und neue Ideen umzusetzen, um Schule nicht nur zu einem\nOrt werden zu lassen, in dem die unterrichtliche Leistung des Einzelnen im\nVordergrund steht, sondern sie auch zu einem Ort zu machen, an dem gemeinsam\nmit anderen Spa\u00df und Freude erlebt, Gruppendynamik erfahren und soziale\nKompetenzen&nbsp; gest\u00e4rkt werden. <\/p>\n\n\n\n<p>Am besten kann das Loxstedter\nSV-Modell wohl verstanden werden, wenn&nbsp;\naufgezeigt wird, was die SV in den letzten Jahren auf die Beine gestellt\nhat. Zu den traditionellsten Veranstaltungen geh\u00f6ren das Brennballturnier der\n5. &amp; 6. Klassen und&nbsp; das\nHockeyturnier der 7. \u2013 10. Klassen. Auch die von der SV organisierte\nWeihnachtsfeier mit ALLEN Sch\u00fclerinnen und Sch\u00fclern, an der ALLE Klassen aktiv\nbeteiligt sind, geh\u00f6rt zum festen Bestandteil des Schuljahres. Jedes Jahr\nbesuchen diese Veranstaltung viele ehemalige Sch\u00fclerinnen und Sch\u00fcler, was die\nVerbundenheit Ehemaliger mit unserer Schule immer wieder unter Beweis\nstellt.&nbsp; <\/p>\n\n\n\n<figure class=\"wp-block-image\"><img decoding=\"async\" src=\"https:\/\/wordpress.nibis.de\/gymlox\/files\/2019\/09\/Weihnachtsball-der-SV-1-1200x675.jpg\" alt=\"\" class=\"wp-image-753\" \/><\/figure>\n\n\n\n<figure class=\"wp-block-image\"><img decoding=\"async\" src=\"https:\/\/wordpress.nibis.de\/gymlox\/files\/2019\/09\/Weihnachtsball-der-SV-2-1200x675.jpg\" alt=\"\" class=\"wp-image-754\" \/><\/figure>\n\n\n\n<p><em>Jedes Jahr kurz vor den Weihnachtsferien findet am Gymnasium Loxstedt (bei ausreichender Beteiligung) der \u201eWeihnachtsball\u201c f\u00fcr die Jahrg\u00e4nge 5-8 statt, der von der amtierenden SV organisiert und durchgef\u00fchrt wird. Mit dem Einverst\u00e4ndnis der Eltern haben die Sch\u00fclerInnen dieser Jahrg\u00e4nge von 18.00-21.30 Uhr die M\u00f6glichkeit, mal au\u00dferhalb des Klassenzimmers und losgel\u00f6st von Unterricht und Klassenarbeiten mit ihren Klassenkameraden und den Lehrern,<\/em> <em>die sich dankenswerterweise f\u00fcr die Aufsicht dieser Veranstaltung zur Verf\u00fcgung stellen, zu tanzen und Spa\u00df zu haben. Anders als der Name es vermuten l\u00e4sst, ist der Weihnachtsball eher eine Disco mit Eintrittsstempel, Garderobenbereich und \u201eBar\u201c. Ein DJ sorgt mit Musik und Partybeleuchtung f\u00fcr die richtige Stimmung. Die SV f\u00fchrt mit kleinen Spielen, Auszeichnungen f\u00fcr z.B. den besten T\u00e4nzer oder das coolste Outfit und gemeinsamen Aktionen auf der Tanzfl\u00e4che durch den Abend. In der Fotoecke kann man \u2013 h\u00fcbsch dekoriert \u2013 den Abend mit seinen Freunden festhalten (die Bilder k\u00f6nnen danach k\u00e4uflich erworben werden). Bei dieser Veranstaltung hat man als Klasse auch die M\u00f6glichkeit, seine Klassenkasse etwas aufzubessern, indem man einen Stand mit Getr\u00e4nken, W\u00fcrstchen, Kuchen, Waffeln usw. anbietet. Schlussendlich ist der Weihnachtsball immer ein voller Erfolg und bleibt sowohl den Sch\u00fclerInnen als auch den anwesenden Lehrkr\u00e4ften lange in sch\u00f6ner Erinnerung. <\/em><\/p>\n\n\n\n<p><\/p>\n\n\n\n<p>Eine besondere Veranstaltung,\ndie in dieser Form wohl ein Alleinstellungsmerkmal ist, stellt die Durchf\u00fchrung\nUNSERES SOZIALEN TAGES dar. An diesem Tag arbeiten die Sch\u00fclerinnen und Sch\u00fcler\nf\u00fcr einen guten Zweck, der jedes Mal neu von den Sch\u00fclerinnen und Sch\u00fclern\nfestgelegt wird. Die eine H\u00e4lfte des erwirtschafteten Geldes geht immer an eine\nlokale \/ regionale Institution, die andere H\u00e4lfte an eine \u00fcberregional\nausgerichtete Organisation. Lokal wurden so in den letzen Jahren vor allem die\nLoxstedter TAFEL, das Familienzentrum in Stotel oder der ortsans\u00e4ssige\nHospizverein unterst\u00fctzt. \u00dcberregional ist z.B. Geld f\u00fcr die Hinterbliebenen\nder Katastrophe von Fukoshima oder den Bau einer Schule in Angola gespendet\nworden. In den vergangenen Jahren konnten somit sinnvolle soziale Projekte, mit\ndenen sich die Sch\u00fclerinnen und Sch\u00fcler auch identifizieren k\u00f6nnen, angeschoben\nund \/ oder ausgebaut werden. F\u00fcr dieses Engagement hat unser Gymnasium einen\nAnerkennungspreis beim bundesweit durchgef\u00fchrten Wettbewerb \u201eDemokratisch\nhandeln\u201c erhalten. In den letzten drei Jahren ist dieses Projekt allerdings\nvernachl\u00e4ssigt worden. Vielleicht belebt das aktuelle SV-Team diese Idee\nwieder.<\/p>\n\n\n\n<p>In den letzten Jahren ist auch\ndie Zusammenarbeit mit der Jugendpflege der Gemeinde Loxstedt, der D\u00dcNE4,\nbest\u00e4ndig und verl\u00e4sslich ausgebaut worden. Viele Veranstaltungen werden durch\ndie D\u00dcNE4 entweder materiell unterst\u00fctzt (z.B. durch die Bereitstellung der\nMusik- und Lichtanlage, Pavillons f\u00fcr Sportveranstaltungen und \u201eManpower\u201c) oder\nauch gemeinsam durchgef\u00fchrt. Das seit 12 Jahren bestehende Jugendforum der\nGemeinde, in dem die Jugendlichen Loxstedts aktiv an den sie betreffenden\npolitischen Entscheidungen teilnehmen, wird gemeinsam mit den Mitarbeitern der\nD\u00fcne4, dem Gymnasium und der Haupt- und Realschule erfolgreich veranstaltet.<\/p>\n\n\n\n<p>Weitere Aktionen der SV sind\nz.B. die Nikolaus -und Valentinsaktion oder das seit drei Jahren veranstaltete\nFu\u00dfballturnier f\u00fcr alle Jahrg\u00e4nge. Auch ein Spendenlauf, dessen Erl\u00f6s in Pausenm\u00f6bel\nbzw. Gruppenarbeitstische im F-Bereich, sowie in die Unterst\u00fctzung der\nBienen-AG floss, wurde schon erfolgreich durchgef\u00fchrt. Eine Wiederholung, dann\nf\u00fcr einen anderen internen Verwendungszweck, ist denkbar.<\/p>\n\n\n\n<p>Seit drei Jahren organisiert\ndie SV au\u00dferdem die Bestellungen unseres Schulshirts. Dieses Shirt ist ein\npositives \u00e4u\u00dferes Zeichen der Identifikation mit unserer Schule. Allerdings\nbedarf es aktuell einer Auffrischung der Modelle.<\/p>\n\n\n\n<p>Somit wird deutlich: Ohne die\nSV w\u00fcrde unsere Schule \u201egrauer\u201c dastehen. Die Arbeit und das Engagement der\nSch\u00fclerinnen und Sch\u00fcler in der SV, die sich neben den Belastungen des\n\u201enormalen\u201c Schullebens in den Schulalltag einbringen, kann nicht hoch genug\ngew\u00fcrdigt werden.&nbsp;&nbsp;&nbsp;&nbsp;&nbsp;&nbsp;&nbsp;&nbsp;&nbsp;&nbsp;&nbsp;&nbsp;&nbsp;&nbsp;&nbsp;&nbsp;&nbsp;&nbsp;&nbsp;&nbsp;&nbsp;&nbsp;&nbsp;&nbsp;&nbsp; &nbsp; <\/p>\n\n\n\n<p>&nbsp;&nbsp; &nbsp;&nbsp;&nbsp;&nbsp;&nbsp;&nbsp;&nbsp;&nbsp;&nbsp;&nbsp;&nbsp;&nbsp;&nbsp;&nbsp;&nbsp;&nbsp;&nbsp;&nbsp;&nbsp;&nbsp;&nbsp;&nbsp;&nbsp;&nbsp;&nbsp;&nbsp;&nbsp;&nbsp;&nbsp;&nbsp;&nbsp;&nbsp;&nbsp;&nbsp;&nbsp;&nbsp;&nbsp;&nbsp;&nbsp;&nbsp;&nbsp;&nbsp;&nbsp;&nbsp;&nbsp;&nbsp;&nbsp;&nbsp;&nbsp;&nbsp;&nbsp;&nbsp;&nbsp;&nbsp;&nbsp;&nbsp;&nbsp;&nbsp;&nbsp;&nbsp;&nbsp;&nbsp;&nbsp;&nbsp;&nbsp;&nbsp;&nbsp;&nbsp;&nbsp;&nbsp;&nbsp;&nbsp;&nbsp;&nbsp;&nbsp;&nbsp;&nbsp;&nbsp;&nbsp;&nbsp;&nbsp;&nbsp;&nbsp;&nbsp;&nbsp;&nbsp;&nbsp;&nbsp;&nbsp;&nbsp;&nbsp;&nbsp;&nbsp;&nbsp;&nbsp;&nbsp;&nbsp;&nbsp;&nbsp;&nbsp;&nbsp;&nbsp;&nbsp;&nbsp;&nbsp;&nbsp;&nbsp;&nbsp;&nbsp;&nbsp;&nbsp;&nbsp;&nbsp;&nbsp; Torsten\nMeyer<\/p>\n\n\n\n<p><\/p>\n\n\n\n<figure class=\"wp-block-image size-full\"><img loading=\"lazy\" decoding=\"async\" width=\"1390\" height=\"925\" src=\"https:\/\/wordpress.nibis.de\/gymlox\/files\/2024\/09\/Unbenannt-1.jpg\" alt=\"\" class=\"wp-image-2100\" srcset=\"https:\/\/wordpress.nibis.de\/gymlox\/files\/2024\/09\/Unbenannt-1.jpg 1390w, https:\/\/wordpress.nibis.de\/gymlox\/files\/2024\/09\/Unbenannt-1-768x511.jpg 768w\" sizes=\"auto, (max-width: 1390px) 100vw, 1390px\" \/><figcaption><strong>Von links nach rechts: Mariella Marquardt 10b, Zoey Ritter 10b, Nele Joswig 10b, Niklas Niederkrome 10a, Lena S\u00f6rgel 10b, Malte Stau\u00df 10b (st\u00e4ndiger Berater), Julian Lange 10b, Matti Kasper 10b, Michal Otrebus 10b, Max Cappelmann 10b (st\u00e4ndiger Berater)<\/strong><\/figcaption><\/figure>\n\n\n\n<p>Moin!<\/p>\n\n\n\n<p>Wir sind die SV und freuen uns euch dieses Schuljahr\nvertreten zu k\u00f6nnen!<\/p>\n\n\n\n<p>Mithilfe eurer Ideen wollen wir unsere Schule ver\u00e4ndern, umgestalten und ein sch\u00f6nes neues Schuljahr haben. <br>Uns ist es daher Wichtig eure Ideen zu ber\u00fccksichtigen, weshalb ihr viele Wege habt, um uns diese mitzuteilen. <br>Um eure Ideen einzureichen, k\u00f6nnt ihr uns gerne w\u00e4hrend der Pausen ansprechen oder zu unserem Raum kommen. Nat\u00fcrlich k\u00f6nnt ihr auch einen anonymen Zettel in unseren Ideenkasten werfen, welcher in der Pausenhalle, neben dem Schwarzen Brett h\u00e4ngt. Dieser ist jederzeit f\u00fcr euch zug\u00e4nglich und wird jede Woche\ndurchgeschaut, weshalb ihr keine Angst haben braucht, dass wir eure Ideen nicht\nber\u00fccksichtigen.<\/p>\n\n\n\n<p>Falls ihr auch nach der Schule mit uns in Kontakt treten wollt, k\u00f6nnt ihr uns \u00fcber unsere Website <a rel=\"noreferrer noopener\" aria-label=\" (\u00f6ffnet in neuem Tab)\" href=\"http:\/\/svgymlox.de\/\" target=\"_blank\">svgymlox.de<\/a> erreichen und ebenfalls Vorschl\u00e4ge einreichen! <br>Diese Website wurde speziell f\u00fcr euch erstellt um euch m\u00f6glichst viele M\u00f6glichkeiten zu bieten, mit uns in Kontakt zu bleiben.<\/p>\n\n\n\n<p>Wir freuen uns sehr auf eure Vorschl\u00e4ge und gute\nZusammenarbeit.<\/p>\n\n\n\n<p>Eure SV<\/p>\n\n\n\n<figure class=\"wp-block-image\"><img decoding=\"async\" src=\"https:\/\/wordpress.nibis.de\/gymlox\/files\/2019\/12\/SV-Nikolaus.jpg\" alt=\"\" class=\"wp-image-1020\" \/><\/figure>\n","protected":false},"excerpt":{"rendered":"<p>Die SV &amp; unser Gymnasium \u2013 Ein starkes Team! Die Arbeit und das Engagement der SV (Sch\u00fclervertretung) am Gymnasium Loxstedt hat eine lange und erfolgreiche Tradition. Die Sch\u00fclerinnen und Sch\u00fcler einer jeden Schulform haben durch das Nieders\u00e4chsische Schulgesetz (\u00a772-\u00a787) das &hellip; <a href=\"https:\/\/wordpress.nibis.de\/gymlox\/schuelervertretung\/\">Weiterlesen <span class=\"meta-nav\">&rarr;<\/span><\/a><\/p>\n","protected":false},"author":1356,"featured_media":0,"parent":0,"menu_order":0,"comment_status":"closed","ping_status":"closed","template":"","meta":{"footnotes":""},"class_list":["post-71","page","type-page","status-publish","hentry"],"_links":{"self":[{"href":"https:\/\/wordpress.nibis.de\/gymlox\/wp-json\/wp\/v2\/pages\/71","targetHints":{"allow":["GET"]}}],"collection":[{"href":"https:\/\/wordpress.nibis.de\/gymlox\/wp-json\/wp\/v2\/pages"}],"about":[{"href":"https:\/\/wordpress.nibis.de\/gymlox\/wp-json\/wp\/v2\/types\/page"}],"author":[{"embeddable":true,"href":"https:\/\/wordpress.nibis.de\/gymlox\/wp-json\/wp\/v2\/users\/1356"}],"replies":[{"embeddable":true,"href":"https:\/\/wordpress.nibis.de\/gymlox\/wp-json\/wp\/v2\/comments?post=71"}],"version-history":[{"count":13,"href":"https:\/\/wordpress.nibis.de\/gymlox\/wp-json\/wp\/v2\/pages\/71\/revisions"}],"predecessor-version":[{"id":2102,"href":"https:\/\/wordpress.nibis.de\/gymlox\/wp-json\/wp\/v2\/pages\/71\/revisions\/2102"}],"wp:attachment":[{"href":"https:\/\/wordpress.nibis.de\/gymlox\/wp-json\/wp\/v2\/media?parent=71"}],"curies":[{"name":"wp","href":"https:\/\/api.w.org\/{rel}","templated":true}]}}