{"id":767,"date":"2019-09-09T16:19:18","date_gmt":"2019-09-09T14:19:18","guid":{"rendered":"https:\/\/wordpress.nibis.de\/gymlox\/?page_id=767"},"modified":"2025-04-24T10:59:57","modified_gmt":"2025-04-24T08:59:57","slug":"gesundheitserziehung","status":"publish","type":"page","link":"https:\/\/wordpress.nibis.de\/gymlox\/gesundheitserziehung\/","title":{"rendered":"Gesundheitserziehung"},"content":{"rendered":"\n<p class=\"has-medium-font-size\"><strong>Die \u201eObst und Gem\u00fcse-Stunde\u201c in Klasse 5<\/strong><\/p>\n\n\n\n<p>Es\nist bekannt, dass das Essverhalten im Kindesalter f\u00fcr die Gesundheit w\u00e4hrend\ndes ganzen Lebens von gro\u00dfer Bedeutung ist und dass richtige Ern\u00e4hrung\nZivilisationserkrankungen wie \u00dcbergewicht oder Diabetes vorbeugen kann. Bereits\nin der Grundschule lernen die Sch\u00fcler und Sch\u00fclerinnen mit der Aktion \u201e5 am\nTag\u201c, dass empfohlen wird, f\u00fcnf Portionen Obst und Gem\u00fcse t\u00e4glich zu sich zu\nnehmen. <\/p>\n\n\n\n<p>Aber\nwie sieht es mit der Umsetzung im Alltag aus?<\/p>\n\n\n\n<p>Eltern\nwissen, wie frustrierend es ist, wenn das liebevoll geschnittene Obst nach der\nSchule in der Brotdose ungegessen wieder mit nach Hause gebracht wird.<\/p>\n\n\n\n<p>Als\neinen Beitrag zur Gesundheitserziehung und Pr\u00e4vention f\u00fchren die Klassen in\nJahrgangsstufe 5 w\u00f6chentlich eine \u201eObst und Gem\u00fcse-Stunde\u201c mit dem\nKlassenlehrer durch. Dabei wird von den Sch\u00fclern und Sch\u00fclerinnen mitgebrachtes\nObst und Gem\u00fcse gemeinsam gesch\u00e4lt, geschnitten und anschlie\u00dfend verzehrt. Beim\ngemeinsamen \u201eSchnibbeln\u201c haben die Kinder nicht nur viel Spa\u00df, sondern lernen\nauch h\u00e4ufig bisher unbekannte Sorten kennen und sch\u00e4tzen. Au\u00dferdem schmeckt\nselbst Geschnittenes einfach besser. Aus Zeitgr\u00fcnden kann die Vorbereitung\nselbstverst\u00e4ndlich auch bereits zu Hause erfolgen. <\/p>\n\n\n\n<p>Ziel dieser Aktion soll es sein, den Kindern den Spa\u00df an gesunder Ern\u00e4hrung zu vermitteln und sie auf den \u201egesunden Geschmack\u201c zu bringen.<\/p>\n\n\n\n<p><\/p>\n\n\n\n<figure class=\"wp-block-image size-full\"><img loading=\"lazy\" decoding=\"async\" width=\"640\" height=\"480\" src=\"https:\/\/wordpress.nibis.de\/gymlox\/files\/2024\/04\/2024-Obst-und-Gemuesetag-rotated.jpeg\" alt=\"\" class=\"wp-image-2011\" \/><figcaption>Obst- und Gem\u00fcsestunde in der 5a (Sj.2024)<\/figcaption><\/figure>\n\n\n\n<p><strong>Kochen mit den Landfrauen<\/strong><\/p>\n\n\n\n<p>In\nunseren 6. Klassen f\u00fchren wir einmal im Schuljahr einen Aktionstag zum Thema <strong>\u201eGesund, lecker und satt aus der Region\u201c<\/strong>\ndurch. Die Aktion wird von geschulten Landfrauen der Landfrauenvereine des\nKreisverbandes Weserm\u00fcnde durchgef\u00fchrt. <\/p>\n\n\n\n<p>An\ndiesem Tag Die Kinder kochen und essen gemeinsam mit den Landfrauen und erfahren\nWissenswertes \u00fcber die Haltbarkeit und Verarbeitung verschiedener Lebensmittel.<\/p>\n\n\n\n<p>Die\nKinder erhalten im Anschluss alle Rezepte der gemeinsam zubereiteten Gerichte\nzum Nachkochen f\u00fcr zu Hause. <\/p>\n\n\n\n<p>Erg\u00e4nzend\nzu diesem Aktionstag findet eine Betriebserkundung auf einem\nlandwirtschaftlichen Betrieb in der N\u00e4he statt. <\/p>\n\n\n\n<figure class=\"wp-block-image\"><img decoding=\"async\" src=\"https:\/\/wordpress.nibis.de\/gymlox\/files\/2019\/09\/IMG_4521-1-1200x675.jpg\" alt=\"\" class=\"wp-image-777\" \/><figcaption>Betriebserkundung auf dem Bauernhof Tienken in Nesse (Sj.2018\/19)<\/figcaption><\/figure>\n\n\n\n<figure class=\"wp-block-image\"><img decoding=\"async\" src=\"https:\/\/wordpress.nibis.de\/gymlox\/files\/2019\/11\/IMG_8291-1200x675.jpg\" alt=\"\" class=\"wp-image-797\" \/><figcaption>Betriebserkundung auf dem Bauernhof Becken in Hetthorn (Sj.2019\/2020)<\/figcaption><\/figure>\n","protected":false},"excerpt":{"rendered":"<p>Die \u201eObst und Gem\u00fcse-Stunde\u201c in Klasse 5 Es ist bekannt, dass das Essverhalten im Kindesalter f\u00fcr die Gesundheit w\u00e4hrend des ganzen Lebens von gro\u00dfer Bedeutung ist und dass richtige Ern\u00e4hrung Zivilisationserkrankungen wie \u00dcbergewicht oder Diabetes vorbeugen kann. Bereits in der &hellip; <a href=\"https:\/\/wordpress.nibis.de\/gymlox\/gesundheitserziehung\/\">Weiterlesen <span class=\"meta-nav\">&rarr;<\/span><\/a><\/p>\n","protected":false},"author":1356,"featured_media":0,"parent":0,"menu_order":0,"comment_status":"closed","ping_status":"closed","template":"","meta":{"footnotes":""},"class_list":["post-767","page","type-page","status-publish","hentry"],"_links":{"self":[{"href":"https:\/\/wordpress.nibis.de\/gymlox\/wp-json\/wp\/v2\/pages\/767","targetHints":{"allow":["GET"]}}],"collection":[{"href":"https:\/\/wordpress.nibis.de\/gymlox\/wp-json\/wp\/v2\/pages"}],"about":[{"href":"https:\/\/wordpress.nibis.de\/gymlox\/wp-json\/wp\/v2\/types\/page"}],"author":[{"embeddable":true,"href":"https:\/\/wordpress.nibis.de\/gymlox\/wp-json\/wp\/v2\/users\/1356"}],"replies":[{"embeddable":true,"href":"https:\/\/wordpress.nibis.de\/gymlox\/wp-json\/wp\/v2\/comments?post=767"}],"version-history":[{"count":7,"href":"https:\/\/wordpress.nibis.de\/gymlox\/wp-json\/wp\/v2\/pages\/767\/revisions"}],"predecessor-version":[{"id":2217,"href":"https:\/\/wordpress.nibis.de\/gymlox\/wp-json\/wp\/v2\/pages\/767\/revisions\/2217"}],"wp:attachment":[{"href":"https:\/\/wordpress.nibis.de\/gymlox\/wp-json\/wp\/v2\/media?parent=767"}],"curies":[{"name":"wp","href":"https:\/\/api.w.org\/{rel}","templated":true}]}}