{"id":865,"date":"2019-11-10T18:25:44","date_gmt":"2019-11-10T17:25:44","guid":{"rendered":"https:\/\/wordpress.nibis.de\/gymlox\/?page_id=865"},"modified":"2025-04-02T18:00:49","modified_gmt":"2025-04-02T16:00:49","slug":"schulprogramm","status":"publish","type":"page","link":"https:\/\/wordpress.nibis.de\/gymlox\/schulprogramm\/","title":{"rendered":"Schulprogramm"},"content":{"rendered":"\n<p>Unser Schulprogramm steht unter dem Motto &#8222;Vielfalt statt Einfalt&#8220;.<\/p>\n\n\n\n<p>Die Leitziele sind:<\/p>\n\n\n\n<ul class=\"wp-block-list\"><li>Selbstst\u00e4ndigkeit\/Selbstverantwortung: Denken\/Lernen\/Handeln<\/li><li>Toleranz und Respekt\/Verantwortung<\/li><li>Chancengleichheit durch F\u00f6rdern und Fordern<\/li><li>Unterrichtsqualit\u00e4t: Anstrengungen von Sch\u00fclern und Lehrern<\/li><li>Entwicklung der Kreativit\u00e4t<\/li><li>Umweltbewusstsein\/Gesundheit\/&#8220;bewegte\u201c Sch\u00fclerInnen<\/li><\/ul>\n","protected":false},"excerpt":{"rendered":"<p>Unser Schulprogramm steht unter dem Motto &#8222;Vielfalt statt Einfalt&#8220;. Die Leitziele sind: Selbstst\u00e4ndigkeit\/Selbstverantwortung: Denken\/Lernen\/Handeln Toleranz und Respekt\/Verantwortung Chancengleichheit durch F\u00f6rdern und Fordern Unterrichtsqualit\u00e4t: Anstrengungen von Sch\u00fclern und Lehrern Entwicklung der Kreativit\u00e4t Umweltbewusstsein\/Gesundheit\/&#8220;bewegte\u201c Sch\u00fclerInnen<\/p>\n","protected":false},"author":1356,"featured_media":0,"parent":0,"menu_order":0,"comment_status":"closed","ping_status":"closed","template":"","meta":{"footnotes":""},"class_list":["post-865","page","type-page","status-publish","hentry"],"_links":{"self":[{"href":"https:\/\/wordpress.nibis.de\/gymlox\/wp-json\/wp\/v2\/pages\/865","targetHints":{"allow":["GET"]}}],"collection":[{"href":"https:\/\/wordpress.nibis.de\/gymlox\/wp-json\/wp\/v2\/pages"}],"about":[{"href":"https:\/\/wordpress.nibis.de\/gymlox\/wp-json\/wp\/v2\/types\/page"}],"author":[{"embeddable":true,"href":"https:\/\/wordpress.nibis.de\/gymlox\/wp-json\/wp\/v2\/users\/1356"}],"replies":[{"embeddable":true,"href":"https:\/\/wordpress.nibis.de\/gymlox\/wp-json\/wp\/v2\/comments?post=865"}],"version-history":[{"count":4,"href":"https:\/\/wordpress.nibis.de\/gymlox\/wp-json\/wp\/v2\/pages\/865\/revisions"}],"predecessor-version":[{"id":2196,"href":"https:\/\/wordpress.nibis.de\/gymlox\/wp-json\/wp\/v2\/pages\/865\/revisions\/2196"}],"wp:attachment":[{"href":"https:\/\/wordpress.nibis.de\/gymlox\/wp-json\/wp\/v2\/media?parent=865"}],"curies":[{"name":"wp","href":"https:\/\/api.w.org\/{rel}","templated":true}]}}