{"id":943,"date":"2019-11-11T17:16:20","date_gmt":"2019-11-11T16:16:20","guid":{"rendered":"https:\/\/wordpress.nibis.de\/gymlox\/?page_id=943"},"modified":"2019-11-18T11:11:00","modified_gmt":"2019-11-18T10:11:00","slug":"kuenstlerische-aktivitaeten","status":"publish","type":"page","link":"https:\/\/wordpress.nibis.de\/gymlox\/kuenstlerische-aktivitaeten\/","title":{"rendered":"K\u00fcnstlerische Aktivit\u00e4ten &#8211; Einblicke"},"content":{"rendered":"\n<p>Der Kunstbereich arbeitet eng mit dem Pr\u00e4ventionsrat Loxstedt zusammen. Es gab bereits viele Aktionen, f\u00fcr welche das Fach Kunst z.B. Plakate gestaltet hat. Hierzu geh\u00f6ren u.a. folgende Kampagnen:<\/p>\n\n\n\n<p> &#8222;Keine Kurzen f\u00fcr die Kurzen&#8220; &#8211; Kunst gegen Alkoholkonsum bei Kindern und Jugendlichen<\/p>\n\n\n\n<figure class=\"wp-block-image\"><img decoding=\"async\" src=\"https:\/\/wordpress.nibis.de\/gymlox\/files\/2019\/11\/RIMG0018.jpg\" alt=\"\" class=\"wp-image-984\" \/><figcaption>Entwurf des Gewinnerplakates 2014 von Anika Wilms und Anika Meyer<\/figcaption><\/figure>\n\n\n\n<p>&#8222;Handy aus, Kind an!&#8220; &#8211; Plakatkunst, um Eltern anzuregen, \u00fcber ihren Handykonsum im Beisein ihres Kindes\/ihrer Kinder nachzudenken und einzuschr\u00e4nken.<\/p>\n\n\n\n<figure class=\"wp-block-image\"><img decoding=\"async\" src=\"https:\/\/wordpress.nibis.de\/gymlox\/files\/2019\/11\/19-04-25-Handy-aus-1200x675.jpg\" alt=\"\" class=\"wp-image-985\" \/><figcaption>Gewinnerplakat 2019 von Natalie Zippert<\/figcaption><\/figure>\n\n\n\n<p>Auch das neue Logo des Pr\u00e4ventionsrates unter dem Motto &#8222;Respekt und Toleranz&#8220; wurde im Kunstunterricht im Rahmen des curricula angelegten Themas &#8222;Design-Grafikdesign&#8220; gestaltet.<\/p>\n\n\n\n<p><\/p>\n\n\n\n<p>Dar\u00fcber hinaus nahmen mehrfach SuS des Gymnasiums Loxstedt an dem bundesweiten Wettbewerb &#8222;bunt statt blau&#8220; der DAK teil, bei dem es um Plakate gegen Komasaufen bei Jugendlichen geht. Hier haben zwei ehemalige Sch\u00fcler (Leeve B\u00fcntjen und Thore R\u00fcmper) den 7. Platz unter 72.000 TeilnehmerInnen belegt. Die Plakate wurden anschlie\u00dfend im Loxstedter Rathaus ausgestellt.<\/p>\n\n\n\n<figure class=\"wp-block-image\"><img decoding=\"async\" src=\"https:\/\/wordpress.nibis.de\/gymlox\/files\/2019\/11\/DSC_0380-1200x675.jpg\" alt=\"\" class=\"wp-image-983\" \/><figcaption>Gewinnerplakat 2015 von Leeve B\u00fcntjen und Thore R\u00fcmper: Tatort Alkohol &#8211; Willst du so enden? <\/figcaption><\/figure>\n","protected":false},"excerpt":{"rendered":"<p>Der Kunstbereich arbeitet eng mit dem Pr\u00e4ventionsrat Loxstedt zusammen. Es gab bereits viele Aktionen, f\u00fcr welche das Fach Kunst z.B. Plakate gestaltet hat. Hierzu geh\u00f6ren u.a. folgende Kampagnen: &#8222;Keine Kurzen f\u00fcr die Kurzen&#8220; &#8211; Kunst gegen Alkoholkonsum bei Kindern und &hellip; <a href=\"https:\/\/wordpress.nibis.de\/gymlox\/kuenstlerische-aktivitaeten\/\">Weiterlesen <span class=\"meta-nav\">&rarr;<\/span><\/a><\/p>\n","protected":false},"author":9192942,"featured_media":0,"parent":0,"menu_order":0,"comment_status":"closed","ping_status":"closed","template":"","meta":{"footnotes":""},"class_list":["post-943","page","type-page","status-publish","hentry"],"_links":{"self":[{"href":"https:\/\/wordpress.nibis.de\/gymlox\/wp-json\/wp\/v2\/pages\/943","targetHints":{"allow":["GET"]}}],"collection":[{"href":"https:\/\/wordpress.nibis.de\/gymlox\/wp-json\/wp\/v2\/pages"}],"about":[{"href":"https:\/\/wordpress.nibis.de\/gymlox\/wp-json\/wp\/v2\/types\/page"}],"author":[{"embeddable":true,"href":"https:\/\/wordpress.nibis.de\/gymlox\/wp-json\/wp\/v2\/users\/9192942"}],"replies":[{"embeddable":true,"href":"https:\/\/wordpress.nibis.de\/gymlox\/wp-json\/wp\/v2\/comments?post=943"}],"version-history":[{"count":2,"href":"https:\/\/wordpress.nibis.de\/gymlox\/wp-json\/wp\/v2\/pages\/943\/revisions"}],"predecessor-version":[{"id":986,"href":"https:\/\/wordpress.nibis.de\/gymlox\/wp-json\/wp\/v2\/pages\/943\/revisions\/986"}],"wp:attachment":[{"href":"https:\/\/wordpress.nibis.de\/gymlox\/wp-json\/wp\/v2\/media?parent=943"}],"curies":[{"name":"wp","href":"https:\/\/api.w.org\/{rel}","templated":true}]}}