{"id":10269,"date":"2026-03-25T17:38:54","date_gmt":"2026-03-25T16:38:54","guid":{"rendered":"https:\/\/wordpress.nibis.de\/gymoedeme\/?page_id=10269"},"modified":"2026-03-26T18:17:20","modified_gmt":"2026-03-26T17:17:20","slug":"barrierefreiheit","status":"publish","type":"page","link":"https:\/\/wordpress.nibis.de\/gymoedeme\/barrierefreiheit\/","title":{"rendered":"Erkl\u00e4rung zur Barrierefreiheit"},"content":{"rendered":"\n<h3 class=\"wp-block-heading\">1. Geltungsbereich dieser Erkl\u00e4rung<\/h3>\n\n\n\n<p>Als \u00f6ffentliche Stelle im Sinne des Nieders\u00e4chsischen Behindertengleichstellungsgesetzes (NBGG) ist die Schule bem\u00fcht, ihre Website (https:\/\/wordpress.nibis.de\/gymoedeme\/) im Einklang mit den gesetzlichen Vorgaben barrierefrei zug\u00e4nglich zu machen.<\/p>\n\n\n\n<h3 class=\"wp-block-heading\">2. Stand der Vereinbarkeit mit den Anforderungen<\/h3>\n\n\n\n<p>Diese Website ist derzeit&nbsp;<strong>teilweise vereinbar<\/strong>&nbsp;mit den Anforderungen der Nieders\u00e4chsischen Verordnung \u00fcber barrierefreie Informationstechnik (NBITVO) in Verbindung mit der EN 301 549 sowie den Web Content Accessibility Guidelines (WCAG) 2.1.<\/p>\n\n\n\n<p>Die Bewertung basiert auf einer im Zeitraum vom 06.03.2026 bis 09.03.2026 durchgef\u00fchrten vereinfachten Pr\u00fcfung. Der festgestellte Erf\u00fcllungsgrad der Startseite betrug laut Pr\u00fcfung&nbsp;<strong>68,6 %<\/strong>. Damit gilt das Webangebot derzeit als&nbsp;noch <strong>nicht barrierefrei<\/strong> im Sinne der gesetzlichen Anforderungen.<\/p>\n\n\n\n<h3 class=\"wp-block-heading\">3. Nicht barrierefreie Inhalte<\/h3>\n\n\n\n<p>Die nachstehend aufgef\u00fchrten Inhalte sind derzeit noch nicht barrierefrei:<\/p>\n\n\n\n<h4 class=\"wp-block-heading\">3.1 Wahrnehmbarkeit<\/h4>\n\n\n\n<ul class=\"wp-block-list\">\n<li>Teilweise fehlende oder nicht aussagekr\u00e4ftige Alternativtexte f\u00fcr Bilder und grafische Inhalte<\/li>\n\n\n\n<li>Informationen werden teilweise ausschlie\u00dflich \u00fcber Farben vermittelt<\/li>\n\n\n\n<li>Unzureichende Farbkontraste bei einzelnen Texten und Links<\/li>\n<\/ul>\n\n\n\n<h4 class=\"wp-block-heading\">3.2 Struktur und Darstellung<\/h4>\n\n\n\n<ul class=\"wp-block-list\">\n<li>Fehlerhafte \u00dcberschriftenhierarchie (nicht logisch verschachtelte HTML-Struktur)<\/li>\n\n\n\n<li>Inhalte sind bei starker Vergr\u00f6\u00dferung (200 % bzw. 400 %) teilweise nicht vollst\u00e4ndig nutzbar<\/li>\n\n\n\n<li>Inhalte passen sich nicht vollst\u00e4ndig an kleine Bildschirmbreiten an (fehlendes responsives Verhalten)<\/li>\n<\/ul>\n\n\n\n<h4 class=\"wp-block-heading\">3.3 Bedienbarkeit<\/h4>\n\n\n\n<ul class=\"wp-block-list\">\n<li>Eingeblendete Inhalte (z. B. Navigation) sind nicht vollst\u00e4ndig per Tastatur steuerbar bzw. schlie\u00dfbar<\/li>\n\n\n\n<li>Linktexte sind teilweise nicht aussagekr\u00e4ftig<\/li>\n\n\n\n<li>Fokusanzeige bei Tastaturnavigation ist nicht ausreichend sichtbar<\/li>\n<\/ul>\n\n\n\n<h4 class=\"wp-block-heading\">3.4 Anpassbarkeit und Benutzerpr\u00e4ferenzen<\/h4>\n\n\n\n<ul class=\"wp-block-list\">\n<li>Benutzerdefinierte Einstellungen (z. B. Schriftgr\u00f6\u00dfe oder Farbschemata) werden nicht vollst\u00e4ndig unterst\u00fctzt<\/li>\n<\/ul>\n\n\n\n<h4 class=\"wp-block-heading\">3.5 Dokumentation<\/h4>\n\n\n\n<ul class=\"wp-block-list\">\n<li>Eine Erkl\u00e4rung zur Barrierefreiheit war bisher nicht vorhanden<\/li>\n<\/ul>\n\n\n\n<h3 class=\"wp-block-heading\">4. Gr\u00fcnde f\u00fcr die eingeschr\u00e4nkte Barrierefreiheit<\/h3>\n\n\n\n<p>Die festgestellten Barrieren beruhen insbesondere auf:<\/p>\n\n\n\n<ul class=\"wp-block-list\">\n<li>technischen Einschr\u00e4nkungen des eingesetzten Content-Management-Systems<\/li>\n\n\n\n<li>nicht vollst\u00e4ndig barrierefrei gestalteten Templates und Layout-Komponenten<\/li>\n\n\n\n<li>fehlenden redaktionellen Standards zur barrierefreien Inhaltserstellung<\/li>\n<\/ul>\n\n\n\n<h3 class=\"wp-block-heading\">5. Ma\u00dfnahmen zur Verbesserung der Barrierefreiheit<\/h3>\n\n\n\n<p>Die Schule arbeitet daran, die Barrierefreiheit der Website kontinuierlich zu verbessern. Folgende Ma\u00dfnahmen wurden (Stand: 26.03.2026) bereits umgesetzt:<\/p>\n\n\n\n<ul class=\"wp-block-list\">\n<li>Barrierefreiheits-Einstellungen auf der linken Seite (1. Hohe Kontraste, 2. Schriftvergr\u00f6\u00dferung)<\/li>\n\n\n\n<li>\u00dcberschriften heben sich durch Gr\u00f6\u00dfe und Gro\u00dfbuchstaben noch deutlicher vom \u00fcbrigen Text ab<\/li>\n\n\n\n<li>Links auf Seiten und in Beitr\u00e4gen sind klarer durch Unterstreichung gekennzeichnet<\/li>\n\n\n\n<li>Statt &#8222;&#8230;&#8220; und &#8222;Weiterlesen&#8220; werden bei Links nun die Titel der Beitr\u00e4ge \/ Seiten genannt<\/li>\n\n\n\n<li>Die Tastaturbedienbarkeit und Fokusdarstellung des Hauptmenus \u00fcber Tabs ist jetzt m\u00f6glich<\/li>\n<\/ul>\n\n\n\n<p>Was f\u00fcr zuk\u00fcnftige Beitr\u00e4ge und Seiten geplant ist:<\/p>\n\n\n\n<ul class=\"wp-block-list\">\n<li>Erg\u00e4nzung und Verbesserung von Alternativtexten<\/li>\n<\/ul>\n\n\n\n<p>Nach Umsetzung der Ma\u00dfnahmen ist eine erneute Pr\u00fcfung vorgesehen.<\/p>\n\n\n\n<h3 class=\"wp-block-heading\">6. Erstellung dieser Erkl\u00e4rung zur Barrierefreiheit<\/h3>\n\n\n\n<p>Diese Erkl\u00e4rung wurde am 25.03.2026 erstellt.<\/p>\n\n\n\n<p>Die Bewertung der Website basiert auf einer vereinfachten Pr\u00fcfung durch externe Pr\u00fcfer im Auftrag des Nieders\u00e4chsischen Ministeriums f\u00fcr Soziales, Arbeit, Gesundheit und Gleichstellung.<\/p>\n\n\n\n<h3 class=\"wp-block-heading\">7. Feedback und Kontakt<\/h3>\n\n\n\n<p>Sollten Ihnen M\u00e4ngel in Bezug auf die barrierefreie Gestaltung unserer Website auffallen, k\u00f6nnen Sie sich gerne bei uns melden:<\/p>\n\n\n\n<p>E-Mail:&nbsp;<a href=\"m&#97;&#105;&#x6c;&#x74;&#x6f;:s&#101;&#107;&#x72;&#x65;&#x74;a&#114;&#105;&#97;&#x74;&#x40;&#x67;y&#109;&#110;&#x61;&#x73;&#x69;um&#45;&#111;&#x65;&#x64;&#x65;m&#101;&#46;&#100;&#x65;\">&#114;&#x65;n&#x65;&#x2e;&#106;&#x65;n&#107;&#x65;&#108;&#x40;g&#121;&#x6d;n&#x61;s&#105;&#x75;m&#x2d;&#x6f;&#101;&#x64;e&#109;&#x65;&#46;&#x64;e<\/a><\/p>\n\n\n\n<p>Bitte beschreiben Sie m\u00f6glichst genau, auf welcher Seite und bei welcher Funktion Ihnen Barrieren aufgefallen sind.<\/p>\n\n\n\n<p>Stand: 25.03.2026<\/p>\n","protected":false},"excerpt":{"rendered":"<p>1. Geltungsbereich dieser Erkl\u00e4rung Als \u00f6ffentliche Stelle im Sinne des Nieders\u00e4chsischen Behindertengleichstellungsgesetzes (NBGG) ist die Schule bem\u00fcht, ihre Website (https:\/\/wordpress.nibis.de\/gymoedeme\/) im Einklang mit den gesetzlichen Vorgaben barrierefrei zug\u00e4nglich zu machen. 2. Stand der Vereinbarkeit mit den Anforderungen Diese Website ist derzeit&nbsp;teilweise vereinbar&nbsp;mit den Anforderungen der Nieders\u00e4chsischen Verordnung \u00fcber barrierefreie Informationstechnik (NBITVO) in Verbindung mit der EN 301 549 sowie den Web Content Accessibility Guidelines (WCAG) 2.1. Die Bewertung basiert auf einer im Zeitraum vom 06.03.2026 bis 09.03.2026 durchgef\u00fchrten vereinfachten Pr\u00fcfung.&hellip; <a class=\"continue\" href=\"https:\/\/wordpress.nibis.de\/gymoedeme\/barrierefreiheit\/\">Weiterlesen:<span> Erkl\u00e4rung zur Barrierefreiheit<\/span><\/a><\/p>\n","protected":false},"author":1411,"featured_media":0,"parent":0,"menu_order":0,"comment_status":"closed","ping_status":"closed","template":"","meta":{"footnotes":""},"class_list":["post-10269","page","type-page","status-publish","hentry"],"_links":{"self":[{"href":"https:\/\/wordpress.nibis.de\/gymoedeme\/wp-json\/wp\/v2\/pages\/10269","targetHints":{"allow":["GET"]}}],"collection":[{"href":"https:\/\/wordpress.nibis.de\/gymoedeme\/wp-json\/wp\/v2\/pages"}],"about":[{"href":"https:\/\/wordpress.nibis.de\/gymoedeme\/wp-json\/wp\/v2\/types\/page"}],"author":[{"embeddable":true,"href":"https:\/\/wordpress.nibis.de\/gymoedeme\/wp-json\/wp\/v2\/users\/1411"}],"replies":[{"embeddable":true,"href":"https:\/\/wordpress.nibis.de\/gymoedeme\/wp-json\/wp\/v2\/comments?post=10269"}],"version-history":[{"count":9,"href":"https:\/\/wordpress.nibis.de\/gymoedeme\/wp-json\/wp\/v2\/pages\/10269\/revisions"}],"predecessor-version":[{"id":10288,"href":"https:\/\/wordpress.nibis.de\/gymoedeme\/wp-json\/wp\/v2\/pages\/10269\/revisions\/10288"}],"wp:attachment":[{"href":"https:\/\/wordpress.nibis.de\/gymoedeme\/wp-json\/wp\/v2\/media?parent=10269"}],"curies":[{"name":"wp","href":"https:\/\/api.w.org\/{rel}","templated":true}]}}