{"id":1484,"date":"2019-08-07T10:10:59","date_gmt":"2019-08-07T08:10:59","guid":{"rendered":"https:\/\/wordpress.nibis.de\/gymoedeme\/?page_id=1484"},"modified":"2025-12-05T16:00:47","modified_gmt":"2025-12-05T15:00:47","slug":"stundenplaene","status":"publish","type":"page","link":"https:\/\/wordpress.nibis.de\/gymoedeme\/stundenplaene\/","title":{"rendered":"Stundenpl\u00e4ne"},"content":{"rendered":"<div class=\"wp-block-image\">\n<figure class=\"alignleft size-full is-resized\"><img loading=\"lazy\" decoding=\"async\" width=\"816\" height=\"562\" src=\"https:\/\/wordpress.nibis.de\/gymoedeme\/files\/2019\/08\/gym-oedeme_7680.jpg\" alt=\"\" class=\"wp-image-1485\" style=\"width:200px\" srcset=\"https:\/\/wordpress.nibis.de\/gymoedeme\/files\/2019\/08\/gym-oedeme_7680.jpg 816w, https:\/\/wordpress.nibis.de\/gymoedeme\/files\/2019\/08\/gym-oedeme_7680-205x141.jpg 205w, https:\/\/wordpress.nibis.de\/gymoedeme\/files\/2019\/08\/gym-oedeme_7680-768x529.jpg 768w\" sizes=\"auto, (max-width: 816px) 100vw, 816px\" \/><\/figure>\n<\/div>\n\n\n<p>Der Stundenplan ist ab diesem Schuljahr nur noch \u00fcber iserv zug\u00e4nglich. Der Vertretungsplan kann &#8211; nach wie vor &#8211; \u00fcber die Schulwebseite eingesehen werden.<\/p>\n\n\n\n<p><\/p>\n\n\n\n<h4 class=\"wp-block-heading\">Unterrichtszeiten <\/h4>\n\n\n\n<table align=\"center\" width=\"50%\">\n\t<tbody>\n\t\t<tr>\n\t\t\t<td>\n\t\t\t\t1.\/2. Stunde<\/td>\n\t\t\t<td>\n\t\t\t\t08:00 &#8211; 09:30 Uhr<\/td>\n\t\t<\/tr>\n\t\t<tr>\n\t\t\t<td>\n\t\t\t\t1. (gro\u00dfe) Pause<\/td>\n\t\t\t<td>\n\t\t\t\t09:30 &#8211; 09:50 Uhr<\/td>\n\t\t<\/tr>\n\t\t<tr>\n\t\t\t<td>\n\t\t\t\t3.\/4. Stunde<\/td>\n\t\t\t<td>\n\t\t\t\t09:50 &#8211; 11:20 Uhr<\/td>\n\t\t<\/tr>\n\t\t<tr>\n\t\t\t<td>\n\t\t\t\t2. (gro\u00dfe) Pause<\/td>\n\t\t\t<td>\n\t\t\t\t11:20 &#8211; 11:45 Uhr<\/td>\n\t\t<\/tr>\n\t\t<tr>\n\t\t\t<td>\n\t\t\t\t5.\/6. Stunde<\/td>\n\t\t\t<td>\n\t\t\t\t11:45 &#8211; 13:15 Uhr<\/td>\n\t\t<\/tr>\n\t\t<tr>\n\t\t\t<td>\n\t\t\t\t3. (gro\u00dfe) Pause<\/td>\n\t\t\t<td>\n\t\t\t\t13:15 &#8211; 13:45 Uhr<\/td>\n\t\t<\/tr>\n\t\t<tr>\n\t\t\t<td>\n\t\t\t\t7.\/8. Stunde<\/td>\n\t\t\t<td>\n\t\t\t\t13:45 &#8211; 15:15 Uhr<\/td>\n\t\t<\/tr>\n\t\t<tr>\n\t\t\t<td>\n\t\t\t\t4. (kleine) Pause<\/td>\n\t\t\t<td>\n\t\t\t\t15:15 &#8211; 15:20 Uhr<\/td>\n\t\t<\/tr>\n\t\t<tr>\n\t\t\t<td>\n\t\t\t\t9.\/10. Stunde<\/td>\n\t\t\t<td>\n\t\t\t\t15:20 &#8211; 16:50 Uhr<\/td>\n\t\t<\/tr>\n\t<\/tbody>\n<\/table>\n","protected":false},"excerpt":{"rendered":"<p>Der Stundenplan ist ab diesem Schuljahr nur noch \u00fcber iserv zug\u00e4nglich. Der Vertretungsplan kann &#8211; nach wie vor &#8211; \u00fcber die Schulwebseite eingesehen werden. Unterrichtszeiten 1.\/2. Stunde 08:00 &#8211; 09:30 Uhr 1. (gro\u00dfe) Pause 09:30 &#8211; 09:50 Uhr 3.\/4. Stunde 09:50 &#8211; 11:20 Uhr 2. (gro\u00dfe) Pause 11:20 &#8211; 11:45 Uhr 5.\/6. Stunde 11:45 &#8211; 13:15 Uhr 3. (gro\u00dfe) Pause 13:15 &#8211; 13:45 Uhr 7.\/8. Stunde 13:45 &#8211; 15:15 Uhr 4. (kleine) Pause 15:15 &#8211; 15:20 Uhr 9.\/10. Stunde 15:20&hellip; <a class=\"continue\" href=\"https:\/\/wordpress.nibis.de\/gymoedeme\/stundenplaene\/\">Weiterlesen:<span> Stundenpl\u00e4ne<\/span><\/a><\/p>\n","protected":false},"author":1411,"featured_media":0,"parent":0,"menu_order":27,"comment_status":"closed","ping_status":"closed","template":"","meta":{"footnotes":""},"class_list":["post-1484","page","type-page","status-publish","hentry"],"_links":{"self":[{"href":"https:\/\/wordpress.nibis.de\/gymoedeme\/wp-json\/wp\/v2\/pages\/1484","targetHints":{"allow":["GET"]}}],"collection":[{"href":"https:\/\/wordpress.nibis.de\/gymoedeme\/wp-json\/wp\/v2\/pages"}],"about":[{"href":"https:\/\/wordpress.nibis.de\/gymoedeme\/wp-json\/wp\/v2\/types\/page"}],"author":[{"embeddable":true,"href":"https:\/\/wordpress.nibis.de\/gymoedeme\/wp-json\/wp\/v2\/users\/1411"}],"replies":[{"embeddable":true,"href":"https:\/\/wordpress.nibis.de\/gymoedeme\/wp-json\/wp\/v2\/comments?post=1484"}],"version-history":[{"count":22,"href":"https:\/\/wordpress.nibis.de\/gymoedeme\/wp-json\/wp\/v2\/pages\/1484\/revisions"}],"predecessor-version":[{"id":8992,"href":"https:\/\/wordpress.nibis.de\/gymoedeme\/wp-json\/wp\/v2\/pages\/1484\/revisions\/8992"}],"wp:attachment":[{"href":"https:\/\/wordpress.nibis.de\/gymoedeme\/wp-json\/wp\/v2\/media?parent=1484"}],"curies":[{"name":"wp","href":"https:\/\/api.w.org\/{rel}","templated":true}]}}