{"id":1542,"date":"2019-08-07T11:20:38","date_gmt":"2019-08-07T09:20:38","guid":{"rendered":"https:\/\/wordpress.nibis.de\/gymoedeme\/?page_id=1542"},"modified":"2019-08-07T11:23:05","modified_gmt":"2019-08-07T09:23:05","slug":"fortbildungskonzept","status":"publish","type":"page","link":"https:\/\/wordpress.nibis.de\/gymoedeme\/fortbildungskonzept\/","title":{"rendered":"Fortbildungskonzept"},"content":{"rendered":"\n<p>Fortbildungen dienen der fachlichen und p\u00e4dagogischen Weiterentwicklung der Lehrkr\u00e4fte und damit der F\u00f6rderung der Lehr- und Lernkultur unserer Schule. Durch die Teilnahme an Fortbildungsveranstaltungen sollen die Kolleginnen und Kollegen in die Lage versetzt, ver\u00e4nderten fachlichen und p\u00e4dagogischen Anforderungen gerecht zu werden. Dazu gibt es neben den regelm\u00e4\u00dfig schulintern stattfindenden Lehrerfortbildungen zahlreiche Veranstaltungen externer Anbieter (LSchB, NiLS, Fachverb\u00e4nde etc.).<\/p>\n\n\n\n<p>Festlegung der \u00dcbernachtungsm\u00f6glichkeit: Auch bei der Auswahl der \u00dcbernachtungsm\u00f6glichkeit sind die Grunds\u00e4tze der Wirtschaftlichkeit und Sparsamkeit einzuhalten. Das Land Niedersachsen hat zu diesem Zweck einen Rahmenvertrag mit HRS (HOTEL RESERVATION SERVICE) abgeschlossen. Dieser ist bei der Auswahl und Buchung von \u00dcbernachtungsm\u00f6glichkeiten zu nutzen. Das \u201eMerkblatt &#8211; Hotelbuchungen mit HRS\u201c finden Sie in Anlage 3. Wenn Sie HRS mit diesem Link aufrufen, wird der Rahmenvertrag automatisch ber\u00fccksichtigt:<br><a href=\"http:\/\/www.hrs.de\/?clientId=ZGVfX25pZWRlcnNhY2hzZW4,1\">http:\/\/www.hrs.de\/?clientId=ZGVfX25pZWRlcnNhY2hzZW4,1<\/a><\/p>\n\n\n\n<p>Stand: Juni 2017<\/p>\n\n\n\n<div class=\"wp-block-file\"><a href=\"https:\/\/wordpress.nibis.de\/gymoedeme\/files\/2019\/08\/Antragsformular-Lehrerfortbildung-Version-2016.pdf\">Antragsformular Lehrerfortbildung Version 2016<\/a><a href=\"https:\/\/wordpress.nibis.de\/gymoedeme\/files\/2019\/08\/Antragsformular-Lehrerfortbildung-Version-2016.pdf\" class=\"wp-block-file__button\" download>Herunterladen<\/a><\/div>\n\n\n\n<div class=\"wp-block-file\"><a href=\"https:\/\/wordpress.nibis.de\/gymoedeme\/files\/2019\/08\/FoKo-Gym-Oedeme-2012.pdf\">FoKo Gym Oedeme 2012<\/a><a href=\"https:\/\/wordpress.nibis.de\/gymoedeme\/files\/2019\/08\/FoKo-Gym-Oedeme-2012.pdf\" class=\"wp-block-file__button\" download>Herunterladen<\/a><\/div>\n\n\n\n<div class=\"wp-block-file\"><a href=\"https:\/\/wordpress.nibis.de\/gymoedeme\/files\/2019\/08\/427.pdf\">427<\/a><a href=\"https:\/\/wordpress.nibis.de\/gymoedeme\/files\/2019\/08\/427.pdf\" class=\"wp-block-file__button\" download>Herunterladen<\/a><\/div>\n\n\n\n<div class=\"wp-block-file\"><a href=\"https:\/\/wordpress.nibis.de\/gymoedeme\/files\/2019\/08\/Leitfaden_LFB_Maerz2017.pdf\">Leitfaden_LFB_Maerz2017<\/a><a href=\"https:\/\/wordpress.nibis.de\/gymoedeme\/files\/2019\/08\/Leitfaden_LFB_Maerz2017.pdf\" class=\"wp-block-file__button\" download>Herunterladen<\/a><\/div>\n","protected":false},"excerpt":{"rendered":"<p>Fortbildungen dienen der fachlichen und p\u00e4dagogischen Weiterentwicklung der Lehrkr\u00e4fte und damit der F\u00f6rderung der Lehr- und Lernkultur unserer Schule. Durch die Teilnahme an Fortbildungsveranstaltungen sollen die Kolleginnen und Kollegen in die Lage versetzt, ver\u00e4nderten fachlichen und p\u00e4dagogischen Anforderungen gerecht zu werden. Dazu gibt es neben den regelm\u00e4\u00dfig schulintern stattfindenden Lehrerfortbildungen zahlreiche Veranstaltungen externer Anbieter (LSchB, NiLS, Fachverb\u00e4nde etc.). Festlegung der \u00dcbernachtungsm\u00f6glichkeit: Auch bei der Auswahl der \u00dcbernachtungsm\u00f6glichkeit sind die Grunds\u00e4tze der Wirtschaftlichkeit und Sparsamkeit einzuhalten. Das Land Niedersachsen hat zu&hellip; <a class=\"continue\" href=\"https:\/\/wordpress.nibis.de\/gymoedeme\/fortbildungskonzept\/\">Weiterlesen:<span> Fortbildungskonzept<\/span><\/a><\/p>\n","protected":false},"author":1411,"featured_media":0,"parent":0,"menu_order":23,"comment_status":"closed","ping_status":"closed","template":"","meta":{"footnotes":""},"class_list":["post-1542","page","type-page","status-publish","hentry"],"_links":{"self":[{"href":"https:\/\/wordpress.nibis.de\/gymoedeme\/wp-json\/wp\/v2\/pages\/1542","targetHints":{"allow":["GET"]}}],"collection":[{"href":"https:\/\/wordpress.nibis.de\/gymoedeme\/wp-json\/wp\/v2\/pages"}],"about":[{"href":"https:\/\/wordpress.nibis.de\/gymoedeme\/wp-json\/wp\/v2\/types\/page"}],"author":[{"embeddable":true,"href":"https:\/\/wordpress.nibis.de\/gymoedeme\/wp-json\/wp\/v2\/users\/1411"}],"replies":[{"embeddable":true,"href":"https:\/\/wordpress.nibis.de\/gymoedeme\/wp-json\/wp\/v2\/comments?post=1542"}],"version-history":[{"count":2,"href":"https:\/\/wordpress.nibis.de\/gymoedeme\/wp-json\/wp\/v2\/pages\/1542\/revisions"}],"predecessor-version":[{"id":1548,"href":"https:\/\/wordpress.nibis.de\/gymoedeme\/wp-json\/wp\/v2\/pages\/1542\/revisions\/1548"}],"wp:attachment":[{"href":"https:\/\/wordpress.nibis.de\/gymoedeme\/wp-json\/wp\/v2\/media?parent=1542"}],"curies":[{"name":"wp","href":"https:\/\/api.w.org\/{rel}","templated":true}]}}