{"id":2178,"date":"2019-09-28T14:58:37","date_gmt":"2019-09-28T12:58:37","guid":{"rendered":"https:\/\/wordpress.nibis.de\/gymoedeme\/?page_id=2178"},"modified":"2024-08-19T13:56:53","modified_gmt":"2024-08-19T11:56:53","slug":"lego-lernclub-gymnasium-oedeme","status":"publish","type":"page","link":"https:\/\/wordpress.nibis.de\/gymoedeme\/lego-lernclub-gymnasium-oedeme\/","title":{"rendered":"LeGO &#8211; Lernclub Gymnasium Oedeme"},"content":{"rendered":"\n<div class=\"wp-block-image\"><figure class=\"alignleft\"><img decoding=\"async\" src=\"https:\/\/www.gymoedeme.de\/bilder\/mittel\/gym-oedeme_2109.jpg\" alt=\"\" \/><\/figure><\/div>\n\n\n\n<p>Seit Beginn des Schuljahres 2005\/2006 existiert am Gymnasium Oedeme der&nbsp;<strong>Le<\/strong>rnclub&nbsp;<strong>G<\/strong>ymnasium&nbsp;<strong>O<\/strong>edeme (LeGO). Die Idee f\u00fcr eine solche Sch\u00fclerinitiative stammt aus einem Stader Gymnasium, von wo wir auch wesentliche Elemente \u00fcbernommen haben. In Kooperation mit einigen Gymnasien aus dem Bezirk L\u00fcneburg wird dieses Projekt kontinuierlich weiterentwickelt.<\/p>\n\n\n\n<p>Die Grundidee sieht so aus: Leistungsstarke Sch\u00fcler aus den Jahrg\u00e4ngen 9 \u2013 12 (im Folgenden LeGO-Lehrkr\u00e4fte genannt) geben schw\u00e4cheren Sch\u00fclern aus den unteren Jahrg\u00e4ngen (Klassen 5 \u2013 9) F\u00f6rderunterricht gegen Bezahlung. Durch diesen Unterricht wird den schwachen Sch\u00fclern geholfen, da sie sich in einem festen Rahmen und in einem ihnen vertrauten Umfeld verbessern k\u00f6nnen. Die Hemmschwelle, sich Hilfe zu organisieren, wird deutlich reduziert. Au\u00dferdem k\u00f6nnen diese Sch\u00fcler die jeweiligen LeGO-Lehrkr\u00e4fte in der Schule auf einfachem Wege kontaktieren.<\/p>\n\n\n\n<p>Die LeGO-Lehrkr\u00e4fte k\u00f6nnen in diesem System wichtige Lehrerfahrungen sammeln; sie k\u00f6nnen ihr eigenes Wissen festigen und zudem einen sinnvollen \u201eNebenerwerb\u201c betreiben (sie erhalten pro Doppelstunde 15 \u20ac bei ein bis zwei Sch\u00fclern und 20 \u20ac bei drei bis f\u00fcnf Sch\u00fclern). Durch die M\u00f6glichkeit, mit den jeweiligen Fachlehrern ihrer LeGO-Sch\u00fcler auf in der Regel kurzem Wege Kontakt aufzunehmen, k\u00f6nnen sie sich schnell ein Bild von den individuellen Schw\u00e4chen ihrer Sch\u00fcler machen.<\/p>\n\n\n\n<p>Schlie\u00dflich gewinnt auch der gesamte Unterricht, wenn es den schw\u00e4cheren Sch\u00fclern besser gelingt, dem Unterricht zu folgen, und die Kollegen werden im besten Fall durch steigende Leistungen entlastet.<\/p>\n\n\n\n<p>Der LeGO-Unterricht wird in den F\u00e4chern Englisch, Franz\u00f6sisch, Spanisch, Latein und Mathematik erteilt; auf Anfrage kann gegebenenfalls auch das Fach Deutsch ber\u00fccksichtigt werden. Die Unterrichtszeit ist jeweils die 7. Und 8. Stunde; eine entsprechende Raumkoordination mit den dazugeh\u00f6rigen Einsatzpl\u00e4nen f\u00fcr die LeGO-Lehrkr\u00e4fte wird von der Leitung des Lernclubs organisiert. Die LeGO-Lehrkr\u00e4fte durchlaufen vor ihrem Unterrichtseinsatz eine kurze Ausbildung, in welcher Grundlagen des Lehrens vermittelt werden. Sie nehmen dar\u00fcber hinaus an fachbezogenen Schulungen teil, die von den Fachbetreuern (Frau Wingert f\u00fcr Mathematik, Frau Holz f\u00fcr Latein, Frau Bruns f\u00fcr Spanisch und Frau Hoff f\u00fcr die F\u00e4cher Englisch und Franz\u00f6sisch) durchgef\u00fchrt werden. Die LeGO-Lehrkr\u00e4fte verst\u00e4ndigen sich auch mit den Fachkollegen, wenn sie Fragen haben oder Hilfe brauchen.<\/p>\n\n\n\n<p>Der LeGO-Unterricht stellt keine reine Hausaufgabenhilfe dar, vielmehr soll der im Unterricht behandelte Stoff noch einmal vertiefend und eventuell auf andere Weise behandelt werden, dabei aber nicht \u00fcber den Unterricht hinausgehen.<\/p>\n\n\n\n<p><strong>Konkret zum Ablauf:<\/strong><br><\/p>\n\n\n\n<ul class=\"wp-block-list\"><li>Die Sch\u00fcler, die den LeGO-Unterricht in Anspruch nehmen wollen, melden sich verpflichtend f\u00fcr die Zeit bis zum Ende des laufenden Halbjahres an. Grunds\u00e4tzlich ist ein Einstieg zu jedem Zeitpunkt m\u00f6glich.<\/li><li>Die Sch\u00fcler werden unterrichtet in Lerngruppen mit maximal 5 Teilnehmern.<\/li><li>Der Unterricht findet einmal w\u00f6chentlich im Anschluss an die Mittagspause in den Klassenr\u00e4umen des Gymnasiums Oedeme statt.<\/li><li>Die Bezahlung (Die LeGO-Sch\u00fcler bezahlen 7 \u20ac pro Doppelstunde) erfolgt bargeldlos \u00fcber ein Konto des F\u00f6rdervereins.<\/li><li>Der LeGO-Unterricht wird betreut durch Lehrkr\u00e4fte des Gymnasiums.<\/li><li>In der Bibliothek gibt es einen eigenen LeGO-Handapparat mit geeigneten Lehrwerken und \u00dcbungsmaterialien.<\/li><li>Die LeGO-Lehrkr\u00e4fte verpflichten sich, die Stunden zu halten; bei Krankheit wird der Unterricht nachgeholt.<\/li><\/ul>\n\n\n\n<p>Anja Hoff<br><\/p>\n\n\n\n<div data-wp-interactive=\"core\/file\" class=\"wp-block-file\"><object data-wp-bind--hidden=\"!state.hasPdfPreview\" hidden class=\"wp-block-file__embed\" data=\"https:\/\/wordpress.nibis.de\/gymoedeme\/files\/2024\/08\/LeGO_Anmeldung_1._Halbjahr_2024_2025.pdf\" type=\"application\/pdf\" style=\"width:100%;height:600px\" aria-label=\"Einbettung von Einbettung von LeGO_Anmeldung_1._Halbjahr_2024_2025..\"><\/object><a id=\"wp-block-file--media-18c3c641-8050-4968-a501-9316a33424a6\" href=\"https:\/\/wordpress.nibis.de\/gymoedeme\/files\/2024\/08\/LeGO_Anmeldung_1._Halbjahr_2024_2025.pdf\">LeGO_Anmeldung_1._Halbjahr_2024_2025<\/a><a href=\"https:\/\/wordpress.nibis.de\/gymoedeme\/files\/2024\/08\/LeGO_Anmeldung_1._Halbjahr_2024_2025.pdf\" class=\"wp-block-file__button\" download aria-describedby=\"wp-block-file--media-18c3c641-8050-4968-a501-9316a33424a6\">Herunterladen<\/a><\/div>\n","protected":false},"excerpt":{"rendered":"<p>Seit Beginn des Schuljahres 2005\/2006 existiert am Gymnasium Oedeme der&nbsp;Lernclub&nbsp;Gymnasium&nbsp;Oedeme (LeGO). Die Idee f\u00fcr eine solche Sch\u00fclerinitiative stammt aus einem Stader Gymnasium, von wo wir auch wesentliche Elemente \u00fcbernommen haben. In Kooperation mit einigen Gymnasien aus dem Bezirk L\u00fcneburg wird dieses Projekt kontinuierlich weiterentwickelt. Die Grundidee sieht so aus: Leistungsstarke Sch\u00fcler aus den Jahrg\u00e4ngen 9 \u2013 12 (im Folgenden LeGO-Lehrkr\u00e4fte genannt) geben schw\u00e4cheren Sch\u00fclern aus den unteren Jahrg\u00e4ngen (Klassen 5 \u2013 9) F\u00f6rderunterricht gegen Bezahlung. Durch diesen Unterricht wird den&hellip; <a class=\"continue\" href=\"https:\/\/wordpress.nibis.de\/gymoedeme\/lego-lernclub-gymnasium-oedeme\/\">Weiterlesen:<span> LeGO &#8211; Lernclub Gymnasium Oedeme<\/span><\/a><\/p>\n","protected":false},"author":1411,"featured_media":0,"parent":0,"menu_order":21,"comment_status":"closed","ping_status":"closed","template":"","meta":{"footnotes":""},"class_list":["post-2178","page","type-page","status-publish","hentry"],"_links":{"self":[{"href":"https:\/\/wordpress.nibis.de\/gymoedeme\/wp-json\/wp\/v2\/pages\/2178","targetHints":{"allow":["GET"]}}],"collection":[{"href":"https:\/\/wordpress.nibis.de\/gymoedeme\/wp-json\/wp\/v2\/pages"}],"about":[{"href":"https:\/\/wordpress.nibis.de\/gymoedeme\/wp-json\/wp\/v2\/types\/page"}],"author":[{"embeddable":true,"href":"https:\/\/wordpress.nibis.de\/gymoedeme\/wp-json\/wp\/v2\/users\/1411"}],"replies":[{"embeddable":true,"href":"https:\/\/wordpress.nibis.de\/gymoedeme\/wp-json\/wp\/v2\/comments?post=2178"}],"version-history":[{"count":5,"href":"https:\/\/wordpress.nibis.de\/gymoedeme\/wp-json\/wp\/v2\/pages\/2178\/revisions"}],"predecessor-version":[{"id":7975,"href":"https:\/\/wordpress.nibis.de\/gymoedeme\/wp-json\/wp\/v2\/pages\/2178\/revisions\/7975"}],"wp:attachment":[{"href":"https:\/\/wordpress.nibis.de\/gymoedeme\/wp-json\/wp\/v2\/media?parent=2178"}],"curies":[{"name":"wp","href":"https:\/\/api.w.org\/{rel}","templated":true}]}}