{"id":2182,"date":"2019-09-28T15:19:17","date_gmt":"2019-09-28T13:19:17","guid":{"rendered":"https:\/\/wordpress.nibis.de\/gymoedeme\/?page_id=2182"},"modified":"2019-09-28T15:43:00","modified_gmt":"2019-09-28T13:43:00","slug":"der-schulsanitaetsdienst-stellt-sich-vor","status":"publish","type":"page","link":"https:\/\/wordpress.nibis.de\/gymoedeme\/der-schulsanitaetsdienst-stellt-sich-vor\/","title":{"rendered":"Der Schulsanit\u00e4tsdienst stellt sich vor"},"content":{"rendered":"\n<div class=\"wp-block-image\"><figure class=\"alignleft\"><img loading=\"lazy\" decoding=\"async\" width=\"250\" height=\"188\" src=\"https:\/\/wordpress.nibis.de\/gymoedeme\/files\/2019\/09\/gym-oedeme_15148.jpg\" alt=\"\" class=\"wp-image-2183\" srcset=\"https:\/\/wordpress.nibis.de\/gymoedeme\/files\/2019\/09\/gym-oedeme_15148.jpg 250w, https:\/\/wordpress.nibis.de\/gymoedeme\/files\/2019\/09\/gym-oedeme_15148-188x141.jpg 188w\" sizes=\"auto, (max-width: 250px) 100vw, 250px\" \/><\/figure><\/div>\n\n\n\n<h4 class=\"wp-block-heading\">Wir sind der Schulsanit\u00e4tsdienst des Gymnasiums Oedeme:<\/h4>\n\n\n\n<ul class=\"wp-block-list\"><li> seit 2008 im Einsatz <\/li><li>im aktiven Dienstausgebildet in den Grundlagen der Ersten-Hilfe<\/li><li>einsatzbereit, wenn es irgendwo in der Schule einen Notfall gibt<\/li><\/ul>\n\n\n\n<div style=\"height:30px\" aria-hidden=\"true\" class=\"wp-block-spacer\"><\/div>\n\n\n\n<h4 class=\"wp-block-heading\">Aufgaben:<br><\/h4>\n\n\n\n<p>Versorgung im Rahmen der Ersten Hilfe:<br><\/p>\n\n\n\n<ul class=\"wp-block-list\"><li>im Schulalltag<\/li><li>bei Schulveranstaltungen\/Sportturnieren <\/li><li>Gefahren erkennen und beseitigen &gt; weniger Unf\u00e4lle <\/li><li>regelm\u00e4\u00dfige \u00dcbungen &gt;&nbsp; Kompetenzerweiterung<\/li><\/ul>\n\n\n\n<div style=\"height:25px\" aria-hidden=\"true\" class=\"wp-block-spacer\"><\/div>\n\n\n\n<h4 class=\"wp-block-heading\">Wir bieten:<\/h4>\n\n\n\n<ul class=\"wp-block-list\"><li>Teamwork<\/li><li>eine abwechslungsreiche T\u00e4tigkeit<\/li><li>Zugewinn an Erfahrungen und Kompetenzen&nbsp;<\/li><\/ul>\n\n\n\n<div style=\"height:25px\" aria-hidden=\"true\" class=\"wp-block-spacer\"><\/div>\n\n\n\n<h4 class=\"wp-block-heading\">Voraussetzungen f\u00fcr die Teilnahme:<\/h4>\n\n\n\n<ul class=\"wp-block-list\"><li>Teamf\u00e4higkeit<\/li><li>freiwilliges Engagement<\/li><li>Interesse am Umgang mit Menschen<\/li><\/ul>\n\n\n\n<p>&#8230; und das war&#8217;s auch schon.<\/p>\n\n\n\n<p><em>Bei Fragen sprecht uns jederzeit gerne an.<\/em><\/p>\n","protected":false},"excerpt":{"rendered":"<p>Wir sind der Schulsanit\u00e4tsdienst des Gymnasiums Oedeme: seit 2008 im Einsatz im aktiven Dienstausgebildet in den Grundlagen der Ersten-Hilfe einsatzbereit, wenn es irgendwo in der Schule einen Notfall gibt Aufgaben: Versorgung im Rahmen der Ersten Hilfe: im Schulalltag bei Schulveranstaltungen\/Sportturnieren Gefahren erkennen und beseitigen &gt; weniger Unf\u00e4lle regelm\u00e4\u00dfige \u00dcbungen &gt;&nbsp; Kompetenzerweiterung Wir bieten: Teamwork eine abwechslungsreiche T\u00e4tigkeit Zugewinn an Erfahrungen und Kompetenzen&nbsp; Voraussetzungen f\u00fcr die Teilnahme: Teamf\u00e4higkeit freiwilliges Engagement Interesse am Umgang mit Menschen &#8230; und das war&#8217;s auch schon.&hellip; <a class=\"continue\" href=\"https:\/\/wordpress.nibis.de\/gymoedeme\/der-schulsanitaetsdienst-stellt-sich-vor\/\">Weiterlesen:<span> Der Schulsanit\u00e4tsdienst stellt sich vor<\/span><\/a><\/p>\n","protected":false},"author":1411,"featured_media":0,"parent":0,"menu_order":20,"comment_status":"closed","ping_status":"closed","template":"","meta":{"footnotes":""},"class_list":["post-2182","page","type-page","status-publish","hentry"],"_links":{"self":[{"href":"https:\/\/wordpress.nibis.de\/gymoedeme\/wp-json\/wp\/v2\/pages\/2182","targetHints":{"allow":["GET"]}}],"collection":[{"href":"https:\/\/wordpress.nibis.de\/gymoedeme\/wp-json\/wp\/v2\/pages"}],"about":[{"href":"https:\/\/wordpress.nibis.de\/gymoedeme\/wp-json\/wp\/v2\/types\/page"}],"author":[{"embeddable":true,"href":"https:\/\/wordpress.nibis.de\/gymoedeme\/wp-json\/wp\/v2\/users\/1411"}],"replies":[{"embeddable":true,"href":"https:\/\/wordpress.nibis.de\/gymoedeme\/wp-json\/wp\/v2\/comments?post=2182"}],"version-history":[{"count":8,"href":"https:\/\/wordpress.nibis.de\/gymoedeme\/wp-json\/wp\/v2\/pages\/2182\/revisions"}],"predecessor-version":[{"id":2192,"href":"https:\/\/wordpress.nibis.de\/gymoedeme\/wp-json\/wp\/v2\/pages\/2182\/revisions\/2192"}],"wp:attachment":[{"href":"https:\/\/wordpress.nibis.de\/gymoedeme\/wp-json\/wp\/v2\/media?parent=2182"}],"curies":[{"name":"wp","href":"https:\/\/api.w.org\/{rel}","templated":true}]}}