{"id":2375,"date":"2019-11-07T21:01:04","date_gmt":"2019-11-07T20:01:04","guid":{"rendered":"https:\/\/wordpress.nibis.de\/gymoedeme\/?page_id=2375"},"modified":"2025-09-12T12:30:53","modified_gmt":"2025-09-12T10:30:53","slug":"ausland-schulbesuch-im","status":"publish","type":"page","link":"https:\/\/wordpress.nibis.de\/gymoedeme\/ausland-schulbesuch-im\/","title":{"rendered":"Ausland, Schulbesuch im"},"content":{"rendered":"\n<p><br>Einige Sch\u00fcler verbringen w\u00e4hrend ihrer Schullaufbahn einige Zeit an einer Schule im Ausland.<br>Dies ist in der Regel w\u00e4hrend der Einf\u00fchrungsphase (Jahrgang 11) nach erfolgreichem Abschluss der Sekundarstufe I m\u00f6glich.<br>Grunds\u00e4tzlich ist eine rechtzeitige Beratung durch den zust\u00e4ndigen Oberstufenkoordinator notwendig. Wir beraten z.B. im Hinblick auf die schulischen Rahmenbedingungen, die zeitlichen M\u00f6glichkeiten eines Schulbesuchs im Ausland sowie die M\u00f6glichkeiten, den Schulbesuch danach hier fortzusetzen. Eine Hilfe bei der Wahl der Auslandsschule oder der durchf\u00fchrenden Organisation k\u00f6nnen wir aber nicht leisten.<br><\/p>\n\n\n\n<p>Folgendes Verfahren ist vorgesehen:<\/p>\n\n\n\n<p><strong>Vor dem Auslandsaufenthalt:<\/strong><\/p>\n\n\n\n<p>1) <a href=\"https:\/\/wordpress.nibis.de\/gymoedeme\/files\/2019\/11\/171102-Merkblatt-G9-Original.pdf\" target=\"_blank\" rel=\"noreferrer noopener\">Merkblatt <\/a>des Kultusministeriums zur Kenntnis nehmen<\/p>\n\n\n\n<p>2) Termin zur Beratung mit dem Oberstufenkoordinator vereinbaren<\/p>\n\n\n\n<p>3) Antrag auf Beurlaubung durch die Eltern an den Schulleiter: <\/p>\n\n\n\n<div class=\"wp-block-file\"><a id=\"wp-block-file--media-2a2b35aa-547d-437e-b155-34b2057b3186\" href=\"https:\/\/wordpress.nibis.de\/gymoedeme\/files\/2025\/09\/2025-Antrag-auf-Unterrichtsbefreiung-fuer-einen-Auslandsschulbesuch-in-der-Einfuehrungsphase.pdf\">2025-Antrag-auf-Unterrichtsbefreiung-fuer-einen-Auslandsschulbesuch-in-der-Einfuehrungsphase<\/a><a href=\"https:\/\/wordpress.nibis.de\/gymoedeme\/files\/2025\/09\/2025-Antrag-auf-Unterrichtsbefreiung-fuer-einen-Auslandsschulbesuch-in-der-Einfuehrungsphase.pdf\" class=\"wp-block-file__button\" download aria-describedby=\"wp-block-file--media-2a2b35aa-547d-437e-b155-34b2057b3186\">Herunterladen<\/a><\/div>\n\n\n\n<p>4) evtl. Antrag auf das \u00dcberspringen des 11. Jahrgangs an die Klassenkonferenz der Klasse 10 vor den Zeugniskonferenzen<\/p>\n\n\n\n<p><strong>W\u00e4hrend des Auslandaufenthalts:<\/strong><\/p>\n\n\n\n<p>5) im Ausland: Mails abrufen, Kontakt mit dem Oberstufenkoordinator halten<\/p>\n\n\n\n<p>6) Wahlen f\u00fcr den n\u00e4chsten Jahrgang online bzw. per Mail <\/p>\n\n\n\n<p><strong>Nach dem Auslandaufenthalt:<\/strong><\/p>\n\n\n\n<p>7) bei der Schule zur\u00fcckmelden, Teilnahmenachweise vorlegen<\/p>\n\n\n\n<p>8) Unterricht besuchen, es gilt auch in den letzten Wochen des Schuljahres die Schulpflicht<\/p>\n\n\n\n<p><em>Christian Hilmer \/ Michael Braun<\/em><\/p>\n\n\n\n<p><\/p>\n\n\n\n<p>Weitere Informationen zu den M\u00f6glichkeiten eines Auslandsschulbesuchs:<\/p>\n\n\n\n<div class=\"wp-block-file\"><a id=\"wp-block-file--media-9f97a056-94da-4b02-8819-3fdc2c62153b\" href=\"https:\/\/wordpress.nibis.de\/gymoedeme\/files\/2025\/09\/2025-Auslandsschulbesuch-nach-Jahrgang-10.pdf\">2025-Auslandsschulbesuch-nach-Jahrgang-10<\/a><a href=\"https:\/\/wordpress.nibis.de\/gymoedeme\/files\/2025\/09\/2025-Auslandsschulbesuch-nach-Jahrgang-10.pdf\" class=\"wp-block-file__button\" download aria-describedby=\"wp-block-file--media-9f97a056-94da-4b02-8819-3fdc2c62153b\">Herunterladen<\/a><\/div>\n","protected":false},"excerpt":{"rendered":"<p>Einige Sch\u00fcler verbringen w\u00e4hrend ihrer Schullaufbahn einige Zeit an einer Schule im Ausland.Dies ist in der Regel w\u00e4hrend der Einf\u00fchrungsphase (Jahrgang 11) nach erfolgreichem Abschluss der Sekundarstufe I m\u00f6glich.Grunds\u00e4tzlich ist eine rechtzeitige Beratung durch den zust\u00e4ndigen Oberstufenkoordinator notwendig. Wir beraten z.B. im Hinblick auf die schulischen Rahmenbedingungen, die zeitlichen M\u00f6glichkeiten eines Schulbesuchs im Ausland sowie die M\u00f6glichkeiten, den Schulbesuch danach hier fortzusetzen. Eine Hilfe bei der Wahl der Auslandsschule oder der durchf\u00fchrenden Organisation k\u00f6nnen wir aber nicht leisten. Folgendes Verfahren&hellip; <a class=\"continue\" href=\"https:\/\/wordpress.nibis.de\/gymoedeme\/ausland-schulbesuch-im\/\">Weiterlesen:<span> Ausland, Schulbesuch im<\/span><\/a><\/p>\n","protected":false},"author":9193292,"featured_media":0,"parent":0,"menu_order":18,"comment_status":"closed","ping_status":"closed","template":"","meta":{"footnotes":""},"class_list":["post-2375","page","type-page","status-publish","hentry"],"_links":{"self":[{"href":"https:\/\/wordpress.nibis.de\/gymoedeme\/wp-json\/wp\/v2\/pages\/2375","targetHints":{"allow":["GET"]}}],"collection":[{"href":"https:\/\/wordpress.nibis.de\/gymoedeme\/wp-json\/wp\/v2\/pages"}],"about":[{"href":"https:\/\/wordpress.nibis.de\/gymoedeme\/wp-json\/wp\/v2\/types\/page"}],"author":[{"embeddable":true,"href":"https:\/\/wordpress.nibis.de\/gymoedeme\/wp-json\/wp\/v2\/users\/9193292"}],"replies":[{"embeddable":true,"href":"https:\/\/wordpress.nibis.de\/gymoedeme\/wp-json\/wp\/v2\/comments?post=2375"}],"version-history":[{"count":10,"href":"https:\/\/wordpress.nibis.de\/gymoedeme\/wp-json\/wp\/v2\/pages\/2375\/revisions"}],"predecessor-version":[{"id":8689,"href":"https:\/\/wordpress.nibis.de\/gymoedeme\/wp-json\/wp\/v2\/pages\/2375\/revisions\/8689"}],"wp:attachment":[{"href":"https:\/\/wordpress.nibis.de\/gymoedeme\/wp-json\/wp\/v2\/media?parent=2375"}],"curies":[{"name":"wp","href":"https:\/\/api.w.org\/{rel}","templated":true}]}}