{"id":2401,"date":"2019-11-13T08:58:30","date_gmt":"2019-11-13T07:58:30","guid":{"rendered":"https:\/\/wordpress.nibis.de\/gymoedeme\/?page_id=2401"},"modified":"2019-11-13T09:00:01","modified_gmt":"2019-11-13T08:00:01","slug":"abiturnote","status":"publish","type":"page","link":"https:\/\/wordpress.nibis.de\/gymoedeme\/abiturnote\/","title":{"rendered":"Abiturnote"},"content":{"rendered":"\n<p>Die\nAbiturnote ist zugleich der erste Teil der Pr\u00fcfung, ob ihr den auch schlau\ngenug seid, eine allgemeine Hochschulreife zu erlangen. Sie besteht aus zwei\nBl\u00f6cken.<\/p>\n\n\n\n<p><strong>Block 1 \u2013 die \u201eVornoten\u201c<\/strong><\/p>\n\n\n\n<p>Alle\nPunkte der einzubringenden F\u00e4cher (siehe Einbringungsverpflichtung) aller vier\nSemester werden zusammengez\u00e4hlt \u2013 dabei z\u00e4hlen die ersten beiden Pr\u00fcfungsf\u00e4cher\ndoppelt. Diese Punkte stellen 2\/3 der Abiturnote dar (mindestens 200 Punkte,\nh\u00f6chstens 600 Punkte). Da es allerdings nicht mehr festgeschrieben ist, wie\nviele Kurse eingebracht werden m\u00fcssen (32 bis 36) gibt es eine Formel, die da\nlautet: <\/p>\n\n\n\n<p><strong>E I = 40 P <\/strong><strong>\u00b8<\/strong><strong> S<\/strong><\/p>\n\n\n\n<p>E\nI = Ergebnis Block I <\/p>\n\n\n\n<p>P\n= Punktsumme durch Addition der 32, 33, 34, 35 oder 36 Schulhalbjahresergebnisse\nunter Ber\u00fccksichtigung der zweifachen Gewichtung der 8 Ergebnisse im ersten und\nim zweiten Pr\u00fcfungsfach und der einfachen Gewichtung der \u00fcbrigen 24, 25, 26, 27\noder 28 Schulhalbjahresergebnisse <\/p>\n\n\n\n<p>S\n=Anzahl der eingebrachten Schulhalbjahresergebnisse wobei zweifach gewichtete\nSchulhalbjahres-ergebnisse zweifach z\u00e4hlen (also 32, 33, 34, 35 oder 36)<\/p>\n\n\n\n<p><strong>Block 2 \u2013\nAbiturnoten<\/strong><\/p>\n\n\n\n<p>Grunds\u00e4tzlich gilt: im Abitur z\u00e4hlen alle Pr\u00fcfungen gleich viel,\nsie z\u00e4hlen alle vierfach. Hier sollten also mindestens 100 Punkte erreicht\nwerden (ansonsten wird eine Nachpr\u00fcfung n\u00f6tig), h\u00f6chstens sind 300 Punkte\nm\u00f6glich. Die Verordnung formuliert das folgenderma\u00dfen:<\/p>\n\n\n\n<p><strong>E II = 4 x (PF 1 + PF 2 + PF 3 + PF 4 + PF 5)<\/strong><\/p>\n\n\n\n<p>E II = Ergebnis Block II <\/p>\n\n\n\n<p>PF 1 bis PF 5 = Ergebnisse der Abiturpr\u00fcfung in den f\u00fcnf\nPr\u00fcfungsf\u00e4chern<\/p>\n\n\n\n<p><strong>Ausnahmef\u00e4lle\nsind praktische Pr\u00fcfungen, die sind in Sport und Musik als Pr\u00fcfungsfach\nm\u00f6glich. <\/strong><\/p>\n\n\n\n<p>Bei <strong>Sport<\/strong> als f\u00fcnftes\nPr\u00fcfungsfach gilt als Berechnungsformel f\u00fcr die Sportnote:<\/p>\n\n\n\n<p>Berechnungsformel:\n<em>E <\/em>= (8 <em>p <\/em>+ 4 <em>m<\/em>) \u00b8 3<\/p>\n\n\n\n<p><em>E <\/em>= Pr\u00fcfungsergebnis; <\/p>\n\n\n\n<p><em>p = <\/em>Punktzahl der sportpraktischen Pr\u00fcfung; <\/p>\n\n\n\n<p><em>m = <\/em>Punktzahl der m\u00fcndlichen Pr\u00fcfung.<\/p>\n\n\n\n<p>Im Fach <strong>Musik<\/strong> gehen das\nErgebnis des fachpraktischen und das Ergebnis des schriftlichen Teils der Pr\u00fcfung\nim Verh\u00e4ltnis 1:1 in die Gesamtbewertung ein. <\/p>\n\n\n\n<p>Berechnungsformel:\n<em>E <\/em>= (<em>p <\/em>+ s) * 2<\/p>\n\n\n\n<p><em>E <\/em>= Pr\u00fcfungsergebnis; <\/p>\n\n\n\n<p><em>p = <\/em>Punktzahl der fachpraktischen Pr\u00fcfung; <\/p>\n\n\n\n<p><em>s = <\/em>Punktzahl der schriftlichen Pr\u00fcfung.<\/p>\n\n\n\n<p><strong>Am Ende\nm\u00fcssen die beiden Bl\u00f6cke zusammen mindestens 300, h\u00f6chsten 900 Punkte betragen.\nDie Tabelle f\u00fcr die Umrechnung lautet:<\/strong><\/p>\n\n\n\n<table class=\"wp-block-table\"><tbody><tr><td>\n  <strong>Punktzahl der Gesamtqualifikation <\/strong>Punkte \n  <\/td><td>\n  Durchschnittsnote \n  <\/td><\/tr><tr><td>\n  300 \n  <\/td><td>\n  4,0 \n  <\/td><\/tr><tr><td>\n  301 bis 318 \n  <\/td><td>\n  3,9 \n  <\/td><\/tr><tr><td>\n  319 bis 336 \n  <\/td><td>\n  3,8 \n  <\/td><\/tr><tr><td>\n  337 bis 354 \n  <\/td><td>\n  3,7 \n  <\/td><\/tr><tr><td>\n  355 bis 372 \n  <\/td><td>\n  3,6 \n  <\/td><\/tr><tr><td>\n  373 bis 390 \n  <\/td><td>\n  3,5 \n  <\/td><\/tr><tr><td>\n  391 bis 408 \n  <\/td><td>\n  3,4 \n  <\/td><\/tr><tr><td>\n  409 bis 426 \n  <\/td><td>\n  3,3 \n  <\/td><\/tr><tr><td>\n  427 bis 444 \n  <\/td><td>\n  3,2 \n  <\/td><\/tr><tr><td>\n  445 bis 462 \n  <\/td><td>\n  3,1 \n  <\/td><\/tr><tr><td>\n  463 bis 480 \n  <\/td><td>\n  3,0 \n  <\/td><\/tr><tr><td>\n  481 bis 498 \n  <\/td><td>\n  2,9 \n  <\/td><\/tr><tr><td>\n  499 bis 516 \n  <\/td><td>\n  2,8 \n  <\/td><\/tr><tr><td>\n  517 bis 534 \n  <\/td><td>\n  2,7 \n  <\/td><\/tr><tr><td>\n  535 bis 552 \n  <\/td><td>\n  2,6 \n  <\/td><\/tr><tr><td>\n  553 bis 570 \n  <\/td><td>\n  2,5 \n  <\/td><\/tr><tr><td>\n  571 bis 588 \n  <\/td><td>\n  2,4 \n  <\/td><\/tr><tr><td>\n  589 bis 606 \n  <\/td><td>\n  2,3 \n  <\/td><\/tr><tr><td>\n  607 bis 624 \n  <\/td><td>\n  2,2 \n  <\/td><\/tr><tr><td>\n  625 bis 642 \n  <\/td><td>\n  2,1 \n  <\/td><\/tr><tr><td>\n  643 bis 660 \n  <\/td><td>\n  2,0 \n  <\/td><\/tr><tr><td>\n  661 bis 678 \n  <\/td><td>\n  1,9 \n  <\/td><\/tr><tr><td>\n  679 bis 696 \n  <\/td><td>\n  1,8 \n  <\/td><\/tr><tr><td>\n  697 bis 714 \n  <\/td><td>\n  1,7 \n  <\/td><\/tr><tr><td>\n  715 bis 732 \n  <\/td><td>\n  1,6 \n  <\/td><\/tr><tr><td>\n  733 bis 750 \n  <\/td><td>\n  1,5 \n  <\/td><\/tr><tr><td>\n  751 bis 768 \n  <\/td><td>\n  1,4 \n  <\/td><\/tr><tr><td>\n  769 bis 786 \n  <\/td><td>\n  1,3 \n  <\/td><\/tr><tr><td>\n  787 bis 804 \n  <\/td><td>\n  1,2 \n  <\/td><\/tr><tr><td>\n  805 bis 822 \n  <\/td><td>\n  1,1 \n  <\/td><\/tr><tr><td>\n  823 bis 900 \n  <\/td><td>\n  1,0 \n  <\/td><\/tr><\/tbody><\/table>\n\n\n\n<p><em>Michael\nBraun \/ Karen Fl\u00fcgge<\/em><\/p>\n","protected":false},"excerpt":{"rendered":"<p>Die Abiturnote ist zugleich der erste Teil der Pr\u00fcfung, ob ihr den auch schlau genug seid, eine allgemeine Hochschulreife zu erlangen. Sie besteht aus zwei Bl\u00f6cken. Block 1 \u2013 die \u201eVornoten\u201c Alle Punkte der einzubringenden F\u00e4cher (siehe Einbringungsverpflichtung) aller vier Semester werden zusammengez\u00e4hlt \u2013 dabei z\u00e4hlen die ersten beiden Pr\u00fcfungsf\u00e4cher doppelt. Diese Punkte stellen 2\/3 der Abiturnote dar (mindestens 200 Punkte, h\u00f6chstens 600 Punkte). Da es allerdings nicht mehr festgeschrieben ist, wie viele Kurse eingebracht werden m\u00fcssen (32 bis 36)&hellip; <a class=\"continue\" href=\"https:\/\/wordpress.nibis.de\/gymoedeme\/abiturnote\/\">Weiterlesen:<span> Abiturnote<\/span><\/a><\/p>\n","protected":false},"author":9193292,"featured_media":0,"parent":0,"menu_order":17,"comment_status":"closed","ping_status":"closed","template":"","meta":{"footnotes":""},"class_list":["post-2401","page","type-page","status-publish","hentry"],"_links":{"self":[{"href":"https:\/\/wordpress.nibis.de\/gymoedeme\/wp-json\/wp\/v2\/pages\/2401","targetHints":{"allow":["GET"]}}],"collection":[{"href":"https:\/\/wordpress.nibis.de\/gymoedeme\/wp-json\/wp\/v2\/pages"}],"about":[{"href":"https:\/\/wordpress.nibis.de\/gymoedeme\/wp-json\/wp\/v2\/types\/page"}],"author":[{"embeddable":true,"href":"https:\/\/wordpress.nibis.de\/gymoedeme\/wp-json\/wp\/v2\/users\/9193292"}],"replies":[{"embeddable":true,"href":"https:\/\/wordpress.nibis.de\/gymoedeme\/wp-json\/wp\/v2\/comments?post=2401"}],"version-history":[{"count":1,"href":"https:\/\/wordpress.nibis.de\/gymoedeme\/wp-json\/wp\/v2\/pages\/2401\/revisions"}],"predecessor-version":[{"id":2402,"href":"https:\/\/wordpress.nibis.de\/gymoedeme\/wp-json\/wp\/v2\/pages\/2401\/revisions\/2402"}],"wp:attachment":[{"href":"https:\/\/wordpress.nibis.de\/gymoedeme\/wp-json\/wp\/v2\/media?parent=2401"}],"curies":[{"name":"wp","href":"https:\/\/api.w.org\/{rel}","templated":true}]}}