{"id":2409,"date":"2019-11-13T09:05:42","date_gmt":"2019-11-13T08:05:42","guid":{"rendered":"https:\/\/wordpress.nibis.de\/gymoedeme\/?page_id=2409"},"modified":"2019-11-13T09:05:43","modified_gmt":"2019-11-13T08:05:43","slug":"abiturthemen","status":"publish","type":"page","link":"https:\/\/wordpress.nibis.de\/gymoedeme\/abiturthemen\/","title":{"rendered":"Abiturthemen"},"content":{"rendered":"\n<p><strong><br><\/strong><\/p>\n\n\n\n<p>Die Abiturthemen werden f\u00fcr jedes Fach in jedem\nAbiturjahrgang neu festgelegt. Zu finden sind sie unter: <a href=\"https:\/\/www.nibis.de\/nli1\/allgemein\/gosin\/zentralabitur\/za_2022.html\">https:\/\/www.nibis.de\/nli1\/allgemein\/gosin\/zentralabitur\/za_2022.html<\/a>\n(das richtig Jahr muss oben in der Leiste angeklickt werden) zu finden.<\/p>\n\n\n\n<p>Es werden f\u00fcr die meisten F\u00e4cher bestimmte Themen\nausgew\u00e4hlt, z.B. \u201eV\u00f6lkerwanderung\u201c f\u00fcr Geschichte beim Abitur 2021 und 2022.\nWas genau sich dahinter verbirgt k\u00f6nnt ihr dann wiederum in den curricularen\nVorgaben des jeweiligen Faches (zu finden unter: <a href=\"https:\/\/db2.nibis.de\/1db\/cuvo\/ausgabe\/index.php?mat1=16\">https:\/\/db2.nibis.de\/1db\/cuvo\/ausgabe\/index.php?mat1=16<\/a>\n) nachsehen. <\/p>\n","protected":false},"excerpt":{"rendered":"<p>Die Abiturthemen werden f\u00fcr jedes Fach in jedem Abiturjahrgang neu festgelegt. Zu finden sind sie unter: https:\/\/www.nibis.de\/nli1\/allgemein\/gosin\/zentralabitur\/za_2022.html (das richtig Jahr muss oben in der Leiste angeklickt werden) zu finden. Es werden f\u00fcr die meisten F\u00e4cher bestimmte Themen ausgew\u00e4hlt, z.B. \u201eV\u00f6lkerwanderung\u201c f\u00fcr Geschichte beim Abitur 2021 und 2022. Was genau sich dahinter verbirgt k\u00f6nnt ihr dann wiederum in den curricularen Vorgaben des jeweiligen Faches (zu finden unter: https:\/\/db2.nibis.de\/1db\/cuvo\/ausgabe\/index.php?mat1=16 ) nachsehen.<\/p>\n","protected":false},"author":9193292,"featured_media":0,"parent":0,"menu_order":14,"comment_status":"closed","ping_status":"closed","template":"","meta":{"footnotes":""},"class_list":["post-2409","page","type-page","status-publish","hentry"],"_links":{"self":[{"href":"https:\/\/wordpress.nibis.de\/gymoedeme\/wp-json\/wp\/v2\/pages\/2409","targetHints":{"allow":["GET"]}}],"collection":[{"href":"https:\/\/wordpress.nibis.de\/gymoedeme\/wp-json\/wp\/v2\/pages"}],"about":[{"href":"https:\/\/wordpress.nibis.de\/gymoedeme\/wp-json\/wp\/v2\/types\/page"}],"author":[{"embeddable":true,"href":"https:\/\/wordpress.nibis.de\/gymoedeme\/wp-json\/wp\/v2\/users\/9193292"}],"replies":[{"embeddable":true,"href":"https:\/\/wordpress.nibis.de\/gymoedeme\/wp-json\/wp\/v2\/comments?post=2409"}],"version-history":[{"count":1,"href":"https:\/\/wordpress.nibis.de\/gymoedeme\/wp-json\/wp\/v2\/pages\/2409\/revisions"}],"predecessor-version":[{"id":2410,"href":"https:\/\/wordpress.nibis.de\/gymoedeme\/wp-json\/wp\/v2\/pages\/2409\/revisions\/2410"}],"wp:attachment":[{"href":"https:\/\/wordpress.nibis.de\/gymoedeme\/wp-json\/wp\/v2\/media?parent=2409"}],"curies":[{"name":"wp","href":"https:\/\/api.w.org\/{rel}","templated":true}]}}