{"id":2411,"date":"2019-11-13T09:06:58","date_gmt":"2019-11-13T08:06:58","guid":{"rendered":"https:\/\/wordpress.nibis.de\/gymoedeme\/?page_id=2411"},"modified":"2019-11-13T09:06:59","modified_gmt":"2019-11-13T08:06:59","slug":"%ef%bb%bfabschluesse-ende-der-10-klasse","status":"publish","type":"page","link":"https:\/\/wordpress.nibis.de\/gymoedeme\/%ef%bb%bfabschluesse-ende-der-10-klasse\/","title":{"rendered":"\ufeffAbschl\u00fcsse Ende der 10. Klasse"},"content":{"rendered":"\n<p><strong>Abschl\u00fcsse Ende der\n10. Klasse<\/strong><\/p>\n\n\n\n<p>Mit der Versetzung in die 11. Klasse wird in der Regel der <strong>Erweiterte Sekundarabschluss I<\/strong> erlangt.\nDieser wird auch dann erlangt, wenn die Konferenz im Einzelfall einen Ausgleich\nbeschlie\u00dft. Dabei ist zu bedenken, dass ein Ausgleichsfach nur ein Fach sein\nkann, f\u00fcr das h\u00f6chstens eine Wochenstunde weniger vorgeschrieben ist als f\u00fcr\ndas Fach, in dem die Leistungen ausgeglichen werden sollen. Leistungen in den\nF\u00e4chern Deutsch und Mathematik sowie der fortgef\u00fchrten und der weiteren\nFremdsprache k\u00f6nnen nur untereinander ausgeglichen werden.<\/p>\n\n\n\n<p>Die <strong>Verordnung \u00fcber den Wechsel zwischen Schuljahrg\u00e4ngen\nund Schulformen der allgemeinbildenden Schulen <\/strong>besagt dar\u00fcberhinausgehend: <\/p>\n\n\n\n<p>\u00a74 Die Noten in F\u00e4chern, die nur in einem Schulhalbjahr unterrichtet\nwurden, sind wie die Noten der im gesamten Schuljahr unterrichteten F\u00e4cher zu\nber\u00fccksichtigen. <\/p>\n\n\n\n<p>\u00a75 Ob die Klassenkonferenz von der M\u00f6glichkeit des\nAusgleichs Gebrauch macht, h\u00e4ngt von ihrer pflichtgem\u00e4\u00dfen Beurteilung ab, ob\nvon der Sch\u00fclerin oder dem Sch\u00fcler eine <strong>erfolgreiche Mitarbeit in dem\nn\u00e4chsth\u00f6heren Schuljahrgang <\/strong>erwartet werden kann. <\/p>\n\n\n\n<p>\u00a77 Nachpr\u00fcfungen in 10 nicht mehr m\u00f6glich.<\/p>\n\n\n\n\n\n\n\n<p>Falls die 10. Klasse\nnicht bestanden wurde und keine Ausgleichsm\u00f6glichkeit Anwendung findet, gilt\ndie<strong> Verordnung \u00fcber die Abschl\u00fcsse im Sekundarbereich I der allgemein\nbildenden Schulen einschlie\u00dflich der Freien Waldorfschulen (AVO-Sek I):<\/strong><\/p>\n\n\n\n<p>\u00a78 Wer die Voraussetzungen am Ende des 10.Schuljahrgangs\nnicht erf\u00fcllt, aber in h\u00f6chstens drei Pflichtf\u00e4chern und Wahlpflichtkursen\ngeringere als ausreichende Leistungen erbracht hat, erwirbt den <strong>Sekundarabschluss I &#8211; Hauptschulabschluss<\/strong>.<\/p>\n\n\n\n<p>\u00a710 Wer das Gymnasium am Ende des 10. Schuljahrgangs\nverl\u00e4sst und die Mindestanforderungen in allen Pflicht- und Wahlpflichtf\u00e4chern\nbei Ber\u00fccksichtigung nur einer Pflichtfremdsprache erf\u00fcllt, erh\u00e4lt den <strong>Sekundarabschluss I &#8211; Realschulabschluss<\/strong>.<\/p>\n","protected":false},"excerpt":{"rendered":"<p>Abschl\u00fcsse Ende der 10. Klasse Mit der Versetzung in die 11. Klasse wird in der Regel der Erweiterte Sekundarabschluss I erlangt. Dieser wird auch dann erlangt, wenn die Konferenz im Einzelfall einen Ausgleich beschlie\u00dft. Dabei ist zu bedenken, dass ein Ausgleichsfach nur ein Fach sein kann, f\u00fcr das h\u00f6chstens eine Wochenstunde weniger vorgeschrieben ist als f\u00fcr das Fach, in dem die Leistungen ausgeglichen werden sollen. Leistungen in den F\u00e4chern Deutsch und Mathematik sowie der fortgef\u00fchrten und der weiteren Fremdsprache k\u00f6nnen&hellip; <a class=\"continue\" href=\"https:\/\/wordpress.nibis.de\/gymoedeme\/%ef%bb%bfabschluesse-ende-der-10-klasse\/\">Weiterlesen:<span> \ufeffAbschl\u00fcsse Ende der 10. Klasse<\/span><\/a><\/p>\n","protected":false},"author":9193292,"featured_media":0,"parent":0,"menu_order":13,"comment_status":"closed","ping_status":"closed","template":"","meta":{"footnotes":""},"class_list":["post-2411","page","type-page","status-publish","hentry"],"_links":{"self":[{"href":"https:\/\/wordpress.nibis.de\/gymoedeme\/wp-json\/wp\/v2\/pages\/2411","targetHints":{"allow":["GET"]}}],"collection":[{"href":"https:\/\/wordpress.nibis.de\/gymoedeme\/wp-json\/wp\/v2\/pages"}],"about":[{"href":"https:\/\/wordpress.nibis.de\/gymoedeme\/wp-json\/wp\/v2\/types\/page"}],"author":[{"embeddable":true,"href":"https:\/\/wordpress.nibis.de\/gymoedeme\/wp-json\/wp\/v2\/users\/9193292"}],"replies":[{"embeddable":true,"href":"https:\/\/wordpress.nibis.de\/gymoedeme\/wp-json\/wp\/v2\/comments?post=2411"}],"version-history":[{"count":1,"href":"https:\/\/wordpress.nibis.de\/gymoedeme\/wp-json\/wp\/v2\/pages\/2411\/revisions"}],"predecessor-version":[{"id":2412,"href":"https:\/\/wordpress.nibis.de\/gymoedeme\/wp-json\/wp\/v2\/pages\/2411\/revisions\/2412"}],"wp:attachment":[{"href":"https:\/\/wordpress.nibis.de\/gymoedeme\/wp-json\/wp\/v2\/media?parent=2411"}],"curies":[{"name":"wp","href":"https:\/\/api.w.org\/{rel}","templated":true}]}}