{"id":2413,"date":"2019-11-13T09:07:39","date_gmt":"2019-11-13T08:07:39","guid":{"rendered":"https:\/\/wordpress.nibis.de\/gymoedeme\/?page_id=2413"},"modified":"2019-11-13T09:33:53","modified_gmt":"2019-11-13T08:33:53","slug":"belegungsverpflichtungen","status":"publish","type":"page","link":"https:\/\/wordpress.nibis.de\/gymoedeme\/belegungsverpflichtungen\/","title":{"rendered":"Belegungsverpflichtungen"},"content":{"rendered":"\n<p><strong>Belegungsverpflichtungen<\/strong><\/p>\n\n\n\n<p>Es ist wichtig, zwischen Einbringungsverpflichtung und\nBelegungsverpflichtung zu trennen. Wie das Wort eigentlich schon besagt, geht\nes bei der Belegungsverpflichtung nur um F\u00e4cher, die belegt werden m\u00fcssen. Ein\nFach gilt als belegt, wenn <strong>mindestens 01\nPunkt<\/strong> darin erreicht wurde, also mindestens 01 Punkt auf dem\nSemesterzeugnis erscheint.<\/p>\n\n\n\n<p>Im Schnitt aller vier Semester\nm\u00fcssen mindestens 32 Wochenstunden (ohne AGs) belegt werden. Unabh\u00e4ngig davon\nm\u00fcssen mindestens 32 Kurse (also Halbjahresergebnisse) bis zum Abitur belegt\nwerden (da sie unterschiedliche Stundenzahlen haben, sagt das noch nichts \u00fcber\ndie Wochenstunden).<\/p>\n\n\n\n<p>Die Belegungsverpflichtung \u00e4ndert sich je nach Schwerpunkt, ist allerdings an sich nicht schwierig: <\/p>\n\n\n\n<table class=\"wp-block-table\"><tbody><tr><td><\/td><td><strong>Sprachlicher Schwerpunkt<\/strong><\/td><td><strong>Musisch-k\u00fcnstlerischer Schwerpunkt<\/strong>   <\/td><td>Stunden<\/td><td>Halbjahre<\/td><\/tr><tr><td>Schwerpunktf\u00e4cher<\/td><td> Fremdsprache    <\/td><td>Kunst oder Musik<\/td><td>5<\/td><td>4<\/td><\/tr><tr><td><\/td><td>weitere Fremdsprache oder Deutsch   <\/td><td>Deutsch oder Mathematik<\/td><td>5<\/td><td>4<\/td><\/tr><tr><td>Kernf\u00e4cher<\/td><td> Deutsch oder weitere Fremdsprache<\/td><td> Deutsch oder Mathematik <\/td><td>3\/5<\/td><td>4<\/td><\/tr><tr><td><\/td><td><\/td><td> Fremdsprache    <\/td><td> 3\/5 <\/td><td>4<\/td><\/tr><tr><td><\/td><td> Mathematik  <\/td><td><\/td><td> 3\/5 <\/td><td><\/td><\/tr><\/tbody><\/table>\n\n\n\n<table class=\"wp-block-table\"><tbody><tr><td><\/td><td><strong>Naturwissen-schaftlicher Schwerpunkt<\/strong><\/td><td><strong>Gesellschaftswissen-schaftlicher Schwerpunkt<\/strong> <\/td><td>Stunden<\/td><td>Halbjahre<\/td><\/tr><tr><td> Schwerpunktf\u00e4cher <\/td><td>Naturwissenschaft oder Informatik <\/td><td>Geschichte  <\/td><td>5<\/td><td>4<\/td><\/tr><tr><td><\/td><td><\/td><td>PoWi oder Erdkunde oder Philosophie  <\/td><td>5<\/td><td>4<\/td><\/tr><tr><td> Kernf\u00e4cher <\/td><td> Deutsch    <\/td><td> Deutsch    <\/td><td>3\/5<\/td><td>4<\/td><\/tr><tr><td><\/td><td> Fremdsprache    <\/td><td> Fremdsprache<\/td><td> 3\/5 <\/td><td>4<\/td><\/tr><tr><td><\/td><td> Mathematik    <\/td><td> Mathematik<\/td><td> 3\/5 <\/td><td>4<\/td><\/tr><\/tbody><\/table>\n\n\n\n\n\n\n\n<p><strong>Unabh\u00e4ngig vom Schwerpunkt m\u00fcssen alle Sch\u00fcler*innen\nau\u00dferdem:<\/strong><\/p>\n\n\n\n<ul class=\"wp-block-list\"><li>mindestens eine Naturwissenschaft, <\/li><li>mindestens eine Fremdsprache, <\/li><li>Musik, Kunst oder Darstellendes Spiel <\/li><li>Geschichte, Politik-Wirtschaft (nicht, wenn Erdkunde im gesellschaftswissenschaftlichen SP gew\u00e4hlt wurde)<\/li><li>Religion, Werte und Normen oder Philosophie <\/li><li>Sport <\/li><li>und Seminarfach w\u00e4hlen. <\/li><\/ul>\n","protected":false},"excerpt":{"rendered":"<p>Belegungsverpflichtungen Es ist wichtig, zwischen Einbringungsverpflichtung und Belegungsverpflichtung zu trennen. Wie das Wort eigentlich schon besagt, geht es bei der Belegungsverpflichtung nur um F\u00e4cher, die belegt werden m\u00fcssen. Ein Fach gilt als belegt, wenn mindestens 01 Punkt darin erreicht wurde, also mindestens 01 Punkt auf dem Semesterzeugnis erscheint. Im Schnitt aller vier Semester m\u00fcssen mindestens 32 Wochenstunden (ohne AGs) belegt werden. Unabh\u00e4ngig davon m\u00fcssen mindestens 32 Kurse (also Halbjahresergebnisse) bis zum Abitur belegt werden (da sie unterschiedliche Stundenzahlen haben, sagt&hellip; <a class=\"continue\" href=\"https:\/\/wordpress.nibis.de\/gymoedeme\/belegungsverpflichtungen\/\">Weiterlesen:<span> Belegungsverpflichtungen<\/span><\/a><\/p>\n","protected":false},"author":9193292,"featured_media":0,"parent":0,"menu_order":12,"comment_status":"closed","ping_status":"closed","template":"","meta":{"footnotes":""},"class_list":["post-2413","page","type-page","status-publish","hentry"],"_links":{"self":[{"href":"https:\/\/wordpress.nibis.de\/gymoedeme\/wp-json\/wp\/v2\/pages\/2413","targetHints":{"allow":["GET"]}}],"collection":[{"href":"https:\/\/wordpress.nibis.de\/gymoedeme\/wp-json\/wp\/v2\/pages"}],"about":[{"href":"https:\/\/wordpress.nibis.de\/gymoedeme\/wp-json\/wp\/v2\/types\/page"}],"author":[{"embeddable":true,"href":"https:\/\/wordpress.nibis.de\/gymoedeme\/wp-json\/wp\/v2\/users\/9193292"}],"replies":[{"embeddable":true,"href":"https:\/\/wordpress.nibis.de\/gymoedeme\/wp-json\/wp\/v2\/comments?post=2413"}],"version-history":[{"count":5,"href":"https:\/\/wordpress.nibis.de\/gymoedeme\/wp-json\/wp\/v2\/pages\/2413\/revisions"}],"predecessor-version":[{"id":2435,"href":"https:\/\/wordpress.nibis.de\/gymoedeme\/wp-json\/wp\/v2\/pages\/2413\/revisions\/2435"}],"wp:attachment":[{"href":"https:\/\/wordpress.nibis.de\/gymoedeme\/wp-json\/wp\/v2\/media?parent=2413"}],"curies":[{"name":"wp","href":"https:\/\/api.w.org\/{rel}","templated":true}]}}