{"id":2417,"date":"2019-11-13T09:11:17","date_gmt":"2019-11-13T08:11:17","guid":{"rendered":"https:\/\/wordpress.nibis.de\/gymoedeme\/?page_id=2417"},"modified":"2019-11-13T09:14:33","modified_gmt":"2019-11-13T08:14:33","slug":"ehrenamtliches-engagement","status":"publish","type":"page","link":"https:\/\/wordpress.nibis.de\/gymoedeme\/ehrenamtliches-engagement\/","title":{"rendered":"Ehrenamtliches Engagement"},"content":{"rendered":"\n<p><br><\/p>\n\n\n\n<p>Zum Bildungsauftrag von Schulen geh\u00f6rt auch die Mitgestaltung\ndes sozialen Lebens und damit auch, Engagement von Sch\u00fcler*innen zu f\u00f6rdern und\nsie zur \u00dcbernahme ehrenamtlicher T\u00e4tigkeit anzuregen.<\/p>\n\n\n\n<p>Soweit die ehrenamtliche T\u00e4tigkeit au\u00dferhalb der Schule\nstattfindet, kann die W\u00fcrdigung auf einem Beiblatt zum Jahreszeugnis und damit\nauch zum Abiturzeugnis erfolgen. Als ehrenamtliche T\u00e4tigkeit kann ein Einsatz <\/p>\n\n\n\n<p>&#8211; im sozialen und karitativen Bereich,<\/p>\n\n\n\n<p>&#8211; im kulturellen Bereich (z. B. Kunst, Theater, Musik;\nGedenkst\u00e4tten- und Denkmalpflege),<\/p>\n\n\n\n<p>&#8211; im Natur-, Landschafts- und Umweltschutz,<\/p>\n\n\n\n<p>&#8211; in der Jugendarbeit und<\/p>\n\n\n\n<p>&#8211; im Sport gew\u00fcrdigt werden. <\/p>\n\n\n\n<p>Sch\u00fclerinnen und Sch\u00fcler, die eine W\u00fcrdigung ihrer ehrenamtlichen T\u00e4tigkeit au\u00dferhalb des Verantwortungsbereichs der Schule w\u00fcnschen, erhalten von der Schule ein <a href=\"https:\/\/wordpress.nibis.de\/gymoedeme\/files\/2019\/11\/Zeugnisbeiblatt_Nds.Abi_.pdf\">Formblatt <\/a>[<a href=\"https:\/\/wordpress.nibis.de\/gymoedeme\/files\/2019\/11\/Zeugnisbeiblatt_Nds_ausfuellbar.Abi_.pdf\">ausf\u00fcllbares Formblatt<\/a>], das von der jeweiligen Organisation in eigener Verantwortung auszuf\u00fcllen und der Schule (an unserer Schule dem Sekretariat) bis zum 1. Juni zuzuleiten ist. Die Schulleiterin oder der Schulleiter entscheidet, ob die bescheinigte T\u00e4tigkeit den vorstehend genannten Grunds\u00e4tzen entspricht. Die Bescheinigung wird als Beiblatt zum Zeugnis ausgeh\u00e4ndigt. <\/p>\n","protected":false},"excerpt":{"rendered":"<p>Zum Bildungsauftrag von Schulen geh\u00f6rt auch die Mitgestaltung des sozialen Lebens und damit auch, Engagement von Sch\u00fcler*innen zu f\u00f6rdern und sie zur \u00dcbernahme ehrenamtlicher T\u00e4tigkeit anzuregen. Soweit die ehrenamtliche T\u00e4tigkeit au\u00dferhalb der Schule stattfindet, kann die W\u00fcrdigung auf einem Beiblatt zum Jahreszeugnis und damit auch zum Abiturzeugnis erfolgen. Als ehrenamtliche T\u00e4tigkeit kann ein Einsatz &#8211; im sozialen und karitativen Bereich, &#8211; im kulturellen Bereich (z. B. Kunst, Theater, Musik; Gedenkst\u00e4tten- und Denkmalpflege), &#8211; im Natur-, Landschafts- und Umweltschutz, &#8211; in&hellip; <a class=\"continue\" href=\"https:\/\/wordpress.nibis.de\/gymoedeme\/ehrenamtliches-engagement\/\">Weiterlesen:<span> Ehrenamtliches Engagement<\/span><\/a><\/p>\n","protected":false},"author":9193292,"featured_media":0,"parent":0,"menu_order":10,"comment_status":"closed","ping_status":"closed","template":"","meta":{"footnotes":""},"class_list":["post-2417","page","type-page","status-publish","hentry"],"_links":{"self":[{"href":"https:\/\/wordpress.nibis.de\/gymoedeme\/wp-json\/wp\/v2\/pages\/2417","targetHints":{"allow":["GET"]}}],"collection":[{"href":"https:\/\/wordpress.nibis.de\/gymoedeme\/wp-json\/wp\/v2\/pages"}],"about":[{"href":"https:\/\/wordpress.nibis.de\/gymoedeme\/wp-json\/wp\/v2\/types\/page"}],"author":[{"embeddable":true,"href":"https:\/\/wordpress.nibis.de\/gymoedeme\/wp-json\/wp\/v2\/users\/9193292"}],"replies":[{"embeddable":true,"href":"https:\/\/wordpress.nibis.de\/gymoedeme\/wp-json\/wp\/v2\/comments?post=2417"}],"version-history":[{"count":2,"href":"https:\/\/wordpress.nibis.de\/gymoedeme\/wp-json\/wp\/v2\/pages\/2417\/revisions"}],"predecessor-version":[{"id":2426,"href":"https:\/\/wordpress.nibis.de\/gymoedeme\/wp-json\/wp\/v2\/pages\/2417\/revisions\/2426"}],"wp:attachment":[{"href":"https:\/\/wordpress.nibis.de\/gymoedeme\/wp-json\/wp\/v2\/media?parent=2417"}],"curies":[{"name":"wp","href":"https:\/\/api.w.org\/{rel}","templated":true}]}}