{"id":2422,"date":"2019-11-13T09:12:53","date_gmt":"2019-11-13T08:12:53","guid":{"rendered":"https:\/\/wordpress.nibis.de\/gymoedeme\/?page_id=2422"},"modified":"2019-11-13T09:16:24","modified_gmt":"2019-11-13T08:16:24","slug":"einbringungsverpflichtung","status":"publish","type":"page","link":"https:\/\/wordpress.nibis.de\/gymoedeme\/einbringungsverpflichtung\/","title":{"rendered":"Einbringungsverpflichtung"},"content":{"rendered":"\n<p><strong><br><\/strong><\/p>\n\n\n\n<p>Bei der Einbringungsverpflichtung f\u00fcr das Abitur geht es um\ndie Halbjahresergebnisse, die der Abiturnote zugrunde liegen. <\/p>\n\n\n\n<p>Wichtig dabei ist, dass <strong>alle vier Semester <\/strong>von <strong>allen\nf\u00fcnf Pr\u00fcfungsf\u00e4chern einzubringen sind, au\u00dferdem i<\/strong>nsgesamt <strong>32 bis 36\nKurse<\/strong>. <\/p>\n\n\n\n<p>Erst bei der Anmeldung zum Abitur entscheiden die\nSch\u00fcler*innen, wie viele Kurse sie genau einbringen m\u00f6chten. Davon h\u00e4ngt auch\ndie Anzahl der erlaubten Unterkurse ab. <\/p>\n\n\n\n<p><strong>Bestimmte F\u00e4cher\nm\u00fcssen von allen Sch\u00fcler*innen eingebracht werden<\/strong><\/p>\n\n\n\n<table class=\"wp-block-table\"><tbody><tr><td>\n  <strong>F\u00e4cher<\/strong>\n  <\/td><td>\n  <strong>Halbjahresergebnisse<\/strong>\n  <\/td><\/tr><tr><td>\n  Deutsch\n  <\/td><td>\n  4\n  <\/td><\/tr><tr><td>\n  Fremdsprache\n  <\/td><td>\n  4\n  <\/td><\/tr><tr><td>\n  Kunst oder Musik oder Darstellendes Spiel\n  <\/td><td>\n  2\n  <\/td><\/tr><tr><td>\n  Geschichte\n  <\/td><td>\n  2\n  <\/td><\/tr><tr><td>\n  Politik-Wirtschaft (Sonderfall: gesellschaftswissenschaftlicher\n  Schwerpunkt \u2013 hier muss PoWi nicht eingebracht werden, wenn Erdkunde als P3\n  belegt wurde)\n  <\/td><td>\n  2\n  <\/td><\/tr><tr><td>\n  Religion, Werte und Normen, Philosophie\n  <\/td><td>\n  2\n  <\/td><\/tr><tr><td>\n  Mathematik\n  <\/td><td>\n  4\n  <\/td><\/tr><tr><td>\n  Naturwissenschaft\n  <\/td><td>\n  4\n  <\/td><\/tr><tr><td>\n  Seminarfach\n  <\/td><td>\n  2\n  <\/td><\/tr><\/tbody><\/table>\n\n\n\n<p><strong>\u2192 Merke: Sport muss nicht eingebracht werden!<\/strong><\/p>\n\n\n\n<p>Je nach <strong>Schwerpunkt<\/strong> <strong>sind dar\u00fcber hinaus einige\nF\u00e4cher einzubringen: <\/strong>&nbsp;<\/p>\n\n\n\n<table class=\"wp-block-table\"><tbody><tr><td>\n  <strong>Schwerpunkt<\/strong>\n  <\/td><td>   <strong>zus\u00e4tzlich einzubringen<\/strong>   <\/td><td>Halbjahresergebnisse<br><\/td><\/tr><tr><td>\n  Sprachlich\n  <\/td><td>\n  eine weitere Fremdsprache\n  <\/td><td>4<\/td><\/tr><tr><td>\n  naturwissenschaftlich\n  <\/td><td>   eine weitere Naturwissenschaft oder Informatik   <\/td><td>4<\/td><\/tr><tr><td>\n  musisch-k\u00fcnstlerisch\n  <\/td><td>\n  Kunst, Musik oder Darstellendes Spiel\n  <\/td><td>4<\/td><\/tr><tr><td>\n  gesellschafts-wissenschaftlich\n  <\/td><td>\n  in Jg. 12 eine weitere Fremdsprache\n  oder Naturwissenschaft f\u00fcr zwei Halbjahre \n  <\/td><td>2<br><\/td><\/tr><\/tbody><\/table>\n","protected":false},"excerpt":{"rendered":"<p>Bei der Einbringungsverpflichtung f\u00fcr das Abitur geht es um die Halbjahresergebnisse, die der Abiturnote zugrunde liegen. Wichtig dabei ist, dass alle vier Semester von allen f\u00fcnf Pr\u00fcfungsf\u00e4chern einzubringen sind, au\u00dferdem insgesamt 32 bis 36 Kurse. Erst bei der Anmeldung zum Abitur entscheiden die Sch\u00fcler*innen, wie viele Kurse sie genau einbringen m\u00f6chten. Davon h\u00e4ngt auch die Anzahl der erlaubten Unterkurse ab. Bestimmte F\u00e4cher m\u00fcssen von allen Sch\u00fcler*innen eingebracht werden F\u00e4cher Halbjahresergebnisse Deutsch 4 Fremdsprache 4 Kunst oder Musik oder Darstellendes Spiel&hellip; <a class=\"continue\" href=\"https:\/\/wordpress.nibis.de\/gymoedeme\/einbringungsverpflichtung\/\">Weiterlesen:<span> Einbringungsverpflichtung<\/span><\/a><\/p>\n","protected":false},"author":9193292,"featured_media":0,"parent":0,"menu_order":9,"comment_status":"closed","ping_status":"closed","template":"","meta":{"footnotes":""},"class_list":["post-2422","page","type-page","status-publish","hentry"],"_links":{"self":[{"href":"https:\/\/wordpress.nibis.de\/gymoedeme\/wp-json\/wp\/v2\/pages\/2422","targetHints":{"allow":["GET"]}}],"collection":[{"href":"https:\/\/wordpress.nibis.de\/gymoedeme\/wp-json\/wp\/v2\/pages"}],"about":[{"href":"https:\/\/wordpress.nibis.de\/gymoedeme\/wp-json\/wp\/v2\/types\/page"}],"author":[{"embeddable":true,"href":"https:\/\/wordpress.nibis.de\/gymoedeme\/wp-json\/wp\/v2\/users\/9193292"}],"replies":[{"embeddable":true,"href":"https:\/\/wordpress.nibis.de\/gymoedeme\/wp-json\/wp\/v2\/comments?post=2422"}],"version-history":[{"count":2,"href":"https:\/\/wordpress.nibis.de\/gymoedeme\/wp-json\/wp\/v2\/pages\/2422\/revisions"}],"predecessor-version":[{"id":2428,"href":"https:\/\/wordpress.nibis.de\/gymoedeme\/wp-json\/wp\/v2\/pages\/2422\/revisions\/2428"}],"wp:attachment":[{"href":"https:\/\/wordpress.nibis.de\/gymoedeme\/wp-json\/wp\/v2\/media?parent=2422"}],"curies":[{"name":"wp","href":"https:\/\/api.w.org\/{rel}","templated":true}]}}