{"id":2440,"date":"2019-11-13T12:00:04","date_gmt":"2019-11-13T11:00:04","guid":{"rendered":"https:\/\/wordpress.nibis.de\/gymoedeme\/?page_id=2440"},"modified":"2019-11-13T12:00:05","modified_gmt":"2019-11-13T11:00:05","slug":"beurlaubung-bei-vorhersehbaren-fehlterminen","status":"publish","type":"page","link":"https:\/\/wordpress.nibis.de\/gymoedeme\/beurlaubung-bei-vorhersehbaren-fehlterminen\/","title":{"rendered":"Beurlaubung bei vorhersehbaren Fehlterminen"},"content":{"rendered":"\n<p><strong><br><\/strong><\/p>\n\n\n\n<p>Bei vorhersehbaren Terminen (z.B. famili\u00e4rer Anlass, Arzt- oder Beh\u00f6rdentermine, F\u00fchrerscheinpr\u00fcfung, Aufnahmetests) ist im Voraus eine Beurlaubung durch Eintragung im Mitteilungsheft mit Angabe der Gr\u00fcnde zu beantragen. Die Genehmigung wird durch Vermerk im Mitteilungsheft erteilt. Die Befreiung vom Unterricht f\u00fcr einen Tag genehmigt der Tutor \/ die Tutorin. \u00dcber die Befreiung vom Unterricht von zwei Tagen bis zu vier Wochen entscheidet der Schulleiter nach R\u00fccksprache mit dem Tutor\/der Tutorin. Eine Befreiung unmittelbar vor oder nach den Ferien ist nur in begr\u00fcndeten Ausnahmef\u00e4llen und nur durch den Schulleiter m\u00f6glich. <\/p>\n","protected":false},"excerpt":{"rendered":"<p>Bei vorhersehbaren Terminen (z.B. famili\u00e4rer Anlass, Arzt- oder Beh\u00f6rdentermine, F\u00fchrerscheinpr\u00fcfung, Aufnahmetests) ist im Voraus eine Beurlaubung durch Eintragung im Mitteilungsheft mit Angabe der Gr\u00fcnde zu beantragen. Die Genehmigung wird durch Vermerk im Mitteilungsheft erteilt. Die Befreiung vom Unterricht f\u00fcr einen Tag genehmigt der Tutor \/ die Tutorin. \u00dcber die Befreiung vom Unterricht von zwei Tagen bis zu vier Wochen entscheidet der Schulleiter nach R\u00fccksprache mit dem Tutor\/der Tutorin. Eine Befreiung unmittelbar vor oder nach den Ferien ist nur in begr\u00fcndeten&hellip; <a class=\"continue\" href=\"https:\/\/wordpress.nibis.de\/gymoedeme\/beurlaubung-bei-vorhersehbaren-fehlterminen\/\">Weiterlesen:<span> Beurlaubung bei vorhersehbaren Fehlterminen<\/span><\/a><\/p>\n","protected":false},"author":9193292,"featured_media":0,"parent":0,"menu_order":8,"comment_status":"closed","ping_status":"closed","template":"","meta":{"footnotes":""},"class_list":["post-2440","page","type-page","status-publish","hentry"],"_links":{"self":[{"href":"https:\/\/wordpress.nibis.de\/gymoedeme\/wp-json\/wp\/v2\/pages\/2440","targetHints":{"allow":["GET"]}}],"collection":[{"href":"https:\/\/wordpress.nibis.de\/gymoedeme\/wp-json\/wp\/v2\/pages"}],"about":[{"href":"https:\/\/wordpress.nibis.de\/gymoedeme\/wp-json\/wp\/v2\/types\/page"}],"author":[{"embeddable":true,"href":"https:\/\/wordpress.nibis.de\/gymoedeme\/wp-json\/wp\/v2\/users\/9193292"}],"replies":[{"embeddable":true,"href":"https:\/\/wordpress.nibis.de\/gymoedeme\/wp-json\/wp\/v2\/comments?post=2440"}],"version-history":[{"count":1,"href":"https:\/\/wordpress.nibis.de\/gymoedeme\/wp-json\/wp\/v2\/pages\/2440\/revisions"}],"predecessor-version":[{"id":2441,"href":"https:\/\/wordpress.nibis.de\/gymoedeme\/wp-json\/wp\/v2\/pages\/2440\/revisions\/2441"}],"wp:attachment":[{"href":"https:\/\/wordpress.nibis.de\/gymoedeme\/wp-json\/wp\/v2\/media?parent=2440"}],"curies":[{"name":"wp","href":"https:\/\/api.w.org\/{rel}","templated":true}]}}