{"id":2443,"date":"2019-11-13T12:04:57","date_gmt":"2019-11-13T11:04:57","guid":{"rendered":"https:\/\/wordpress.nibis.de\/gymoedeme\/?page_id=2443"},"modified":"2019-11-13T12:06:47","modified_gmt":"2019-11-13T11:06:47","slug":"%ef%bb%bfvorlegen-der-entschuldigung-in-der-schule","status":"publish","type":"page","link":"https:\/\/wordpress.nibis.de\/gymoedeme\/%ef%bb%bfvorlegen-der-entschuldigung-in-der-schule\/","title":{"rendered":"\ufeffVorlegen der Entschuldigung in der Schule"},"content":{"rendered":"\n<p><strong><br><\/strong><\/p>\n\n\n\n<p>Erziehungsberechtigte bzw. vollj\u00e4hrige Sch\u00fcler*innen informieren die Kursleiter*innen nach der Erkrankung unverz\u00fcglich \u00fcber die Gr\u00fcnde des Fehlens im Mitteilungsheft. Dauert die Erkrankung drei Tage oder l\u00e4nger, so ist die\/der Tutor*in telefonisch oder per E-Mail zu benachrichtigen. <\/p>\n\n\n\n<p>Die Entschuldigung ist eine Bringpflicht der Sch\u00fcler*innen. Oberstufensch\u00fcler*innen m\u00fcssen die Entschuldigung sp\u00e4testens in der ersten Unterrichtsstunde nach Ende der Erkrankung dem\/der Fachlehrer*in vorlegen. Auch wiederholtes Zusp\u00e4tkommen wird als unentschuldigtes Fehlen gewertet. Sch\u00fcler\/Sch\u00fclerinnen ab Klasse 11 m\u00fcssen sich per E-Mail (<a href=\"&#x6d;&#x61;&#x69;&#x6c;&#x74;&#x6f;&#x3a;&#x73;&#101;&#107;&#114;&#101;&#116;&#97;&#114;iat&#64;&#x67;&#x79;&#x6d;&#x6e;&#x61;&#x73;&#x69;&#x75;&#x6d;&#45;&#111;&#101;&#100;&#101;&#109;&#101;&#46;de\">&#x73;e&#x6b;&#114;&#x65;&#116;a&#x72;&#105;&#x61;&#116;&#64;&#x67;&#121;&#x6d;&#110;a&#x73;i&#x75;&#109;&#x2d;&#x6f;e&#x64;&#101;&#x6d;&#101;&#46;&#x64;&#101;<\/a>) oder telefonisch (Tel.: 04131\/76280) krankmelden, wenn am selben Tag eine Klausur geschrieben wird. <\/p>\n\n\n\n<p>Kann ein Termin (Referat, Pr\u00e4sentation etc.) aufgrund einer Erkrankung nicht eingehalten werden, so ist vorher der betroffene Lehrer pers\u00f6nlich oder sp\u00e4testens morgens bis 7.45 Uhr \u00fcber das Schulsekretariat zu informieren. <\/p>\n\n\n\n<p>Die Krankmeldung muss vor Klausurbeginn erfolgt sein. <\/p>\n\n\n\n<p>Falls ein\/e Sch\u00fcler*in eine Abiturpr\u00fcfung wegen Krankheit nicht geschrieben \/ abgenommen werden kann, muss umgehend (noch am selben Vormittag) ein Attest in der Schule vorgelegt werden.<br><\/p>\n","protected":false},"excerpt":{"rendered":"<p>Erziehungsberechtigte bzw. vollj\u00e4hrige Sch\u00fcler*innen informieren die Kursleiter*innen nach der Erkrankung unverz\u00fcglich \u00fcber die Gr\u00fcnde des Fehlens im Mitteilungsheft. Dauert die Erkrankung drei Tage oder l\u00e4nger, so ist die\/der Tutor*in telefonisch oder per E-Mail zu benachrichtigen. Die Entschuldigung ist eine Bringpflicht der Sch\u00fcler*innen. Oberstufensch\u00fcler*innen m\u00fcssen die Entschuldigung sp\u00e4testens in der ersten Unterrichtsstunde nach Ende der Erkrankung dem\/der Fachlehrer*in vorlegen. Auch wiederholtes Zusp\u00e4tkommen wird als unentschuldigtes Fehlen gewertet. Sch\u00fcler\/Sch\u00fclerinnen ab Klasse 11 m\u00fcssen sich per E-Mail (sekretar&#105;&#97;&#116;&#64;&#103;&#121;&#109;&#110;&#97;&#115;&#x69;&#x75;&#x6d;&#x2d;&#x6f;&#x65;&#x64;&#x65;&#x6d;&#x65;&#x2e;&#x64;&#x65;) oder telefonisch (Tel.: 04131\/76280) krankmelden,&hellip; <a class=\"continue\" href=\"https:\/\/wordpress.nibis.de\/gymoedeme\/%ef%bb%bfvorlegen-der-entschuldigung-in-der-schule\/\">Weiterlesen:<span> \ufeffVorlegen der Entschuldigung in der Schule<\/span><\/a><\/p>\n","protected":false},"author":9193292,"featured_media":0,"parent":0,"menu_order":7,"comment_status":"closed","ping_status":"closed","template":"","meta":{"footnotes":""},"class_list":["post-2443","page","type-page","status-publish","hentry"],"_links":{"self":[{"href":"https:\/\/wordpress.nibis.de\/gymoedeme\/wp-json\/wp\/v2\/pages\/2443","targetHints":{"allow":["GET"]}}],"collection":[{"href":"https:\/\/wordpress.nibis.de\/gymoedeme\/wp-json\/wp\/v2\/pages"}],"about":[{"href":"https:\/\/wordpress.nibis.de\/gymoedeme\/wp-json\/wp\/v2\/types\/page"}],"author":[{"embeddable":true,"href":"https:\/\/wordpress.nibis.de\/gymoedeme\/wp-json\/wp\/v2\/users\/9193292"}],"replies":[{"embeddable":true,"href":"https:\/\/wordpress.nibis.de\/gymoedeme\/wp-json\/wp\/v2\/comments?post=2443"}],"version-history":[{"count":2,"href":"https:\/\/wordpress.nibis.de\/gymoedeme\/wp-json\/wp\/v2\/pages\/2443\/revisions"}],"predecessor-version":[{"id":2447,"href":"https:\/\/wordpress.nibis.de\/gymoedeme\/wp-json\/wp\/v2\/pages\/2443\/revisions\/2447"}],"wp:attachment":[{"href":"https:\/\/wordpress.nibis.de\/gymoedeme\/wp-json\/wp\/v2\/media?parent=2443"}],"curies":[{"name":"wp","href":"https:\/\/api.w.org\/{rel}","templated":true}]}}