{"id":2454,"date":"2019-11-13T13:43:09","date_gmt":"2019-11-13T12:43:09","guid":{"rendered":"https:\/\/wordpress.nibis.de\/gymoedeme\/?page_id=2454"},"modified":"2019-11-13T13:43:10","modified_gmt":"2019-11-13T12:43:10","slug":"viertes-und-fuenftes-pruefungsfach","status":"publish","type":"page","link":"https:\/\/wordpress.nibis.de\/gymoedeme\/viertes-und-fuenftes-pruefungsfach\/","title":{"rendered":"Viertes und F\u00fcnftes Pr\u00fcfungsfach"},"content":{"rendered":"\n<p><br><\/p>\n\n\n\n<p>Die\n<strong>Festlegung des vierten und f\u00fcnften\nPr\u00fcfungsfaches<\/strong> erfolgt erst am Ende des 2. Halbjahres \u2013 also am Ende von\n12.2. \u2013 konkret: <strong>in der Woche vom 15.\nbis 19. Juni 2020<\/strong>. Dazu m\u00fcssen die SuS ein Formular ausf\u00fcllen (bald im\nNetz), auf dem sie angeben, welche F\u00e4cher sie bisher hatten und welche F\u00e4cher\nsie zuk\u00fcnftig wollen. Dabei ist zu beachten: <\/p>\n\n\n\n<figure class=\"wp-block-image\"><img loading=\"lazy\" decoding=\"async\" width=\"1200\" height=\"675\" src=\"https:\/\/wordpress.nibis.de\/gymoedeme\/files\/2019\/11\/Wahl-der-5-Pr\u00fcfungsf\u00e4cher-1-1200x675.jpg\" alt=\"\" class=\"wp-image-2456\" srcset=\"https:\/\/wordpress.nibis.de\/gymoedeme\/files\/2019\/11\/Wahl-der-5-Pr\u00fcfungsf\u00e4cher-1-1200x675.jpg 1200w, https:\/\/wordpress.nibis.de\/gymoedeme\/files\/2019\/11\/Wahl-der-5-Pr\u00fcfungsf\u00e4cher-1-250x141.jpg 250w, https:\/\/wordpress.nibis.de\/gymoedeme\/files\/2019\/11\/Wahl-der-5-Pr\u00fcfungsf\u00e4cher-1-850x478.jpg 850w, https:\/\/wordpress.nibis.de\/gymoedeme\/files\/2019\/11\/Wahl-der-5-Pr\u00fcfungsf\u00e4cher-1-768x432.jpg 768w, https:\/\/wordpress.nibis.de\/gymoedeme\/files\/2019\/11\/Wahl-der-5-Pr\u00fcfungsf\u00e4cher-1.jpg 1920w\" sizes=\"auto, (max-width: 1200px) 100vw, 1200px\" \/><\/figure>\n\n\n\n<p><strong>Aufgabenfelder<\/strong>: <\/p>\n\n\n\n<figure class=\"wp-block-image\"><img loading=\"lazy\" decoding=\"async\" width=\"736\" height=\"143\" src=\"https:\/\/wordpress.nibis.de\/gymoedeme\/files\/2019\/11\/Aufgabenfelder.jpg\" alt=\"\" class=\"wp-image-2457\" srcset=\"https:\/\/wordpress.nibis.de\/gymoedeme\/files\/2019\/11\/Aufgabenfelder.jpg 736w, https:\/\/wordpress.nibis.de\/gymoedeme\/files\/2019\/11\/Aufgabenfelder-250x49.jpg 250w\" sizes=\"auto, (max-width: 736px) 100vw, 736px\" \/><\/figure>\n","protected":false},"excerpt":{"rendered":"<p>Die Festlegung des vierten und f\u00fcnften Pr\u00fcfungsfaches erfolgt erst am Ende des 2. Halbjahres \u2013 also am Ende von 12.2. \u2013 konkret: in der Woche vom 15. bis 19. Juni 2020. Dazu m\u00fcssen die SuS ein Formular ausf\u00fcllen (bald im Netz), auf dem sie angeben, welche F\u00e4cher sie bisher hatten und welche F\u00e4cher sie zuk\u00fcnftig wollen. Dabei ist zu beachten: Aufgabenfelder:<\/p>\n","protected":false},"author":9193292,"featured_media":0,"parent":0,"menu_order":5,"comment_status":"closed","ping_status":"closed","template":"","meta":{"footnotes":""},"class_list":["post-2454","page","type-page","status-publish","hentry"],"_links":{"self":[{"href":"https:\/\/wordpress.nibis.de\/gymoedeme\/wp-json\/wp\/v2\/pages\/2454","targetHints":{"allow":["GET"]}}],"collection":[{"href":"https:\/\/wordpress.nibis.de\/gymoedeme\/wp-json\/wp\/v2\/pages"}],"about":[{"href":"https:\/\/wordpress.nibis.de\/gymoedeme\/wp-json\/wp\/v2\/types\/page"}],"author":[{"embeddable":true,"href":"https:\/\/wordpress.nibis.de\/gymoedeme\/wp-json\/wp\/v2\/users\/9193292"}],"replies":[{"embeddable":true,"href":"https:\/\/wordpress.nibis.de\/gymoedeme\/wp-json\/wp\/v2\/comments?post=2454"}],"version-history":[{"count":1,"href":"https:\/\/wordpress.nibis.de\/gymoedeme\/wp-json\/wp\/v2\/pages\/2454\/revisions"}],"predecessor-version":[{"id":2458,"href":"https:\/\/wordpress.nibis.de\/gymoedeme\/wp-json\/wp\/v2\/pages\/2454\/revisions\/2458"}],"wp:attachment":[{"href":"https:\/\/wordpress.nibis.de\/gymoedeme\/wp-json\/wp\/v2\/media?parent=2454"}],"curies":[{"name":"wp","href":"https:\/\/api.w.org\/{rel}","templated":true}]}}