{"id":4166,"date":"2021-02-08T11:44:15","date_gmt":"2021-02-08T10:44:15","guid":{"rendered":"https:\/\/wordpress.nibis.de\/gymoedeme\/?page_id=4166"},"modified":"2022-02-26T08:52:39","modified_gmt":"2022-02-26T07:52:39","slug":"schulrundgang","status":"publish","type":"page","link":"https:\/\/wordpress.nibis.de\/gymoedeme\/schulrundgang\/","title":{"rendered":"Schulrundgang"},"content":{"rendered":"\n<p>Wir k\u00f6nnen Ihnen \/ Euch zwei Formen eines digitalen Rundgangs anbieten . Zum einen ein Video, in dem Frau Bode und Frau Biehler verschiedene Bereiche unserer Schule vorstellen. Zum anderen einen virtuellen Rundgang, bei dem man sich selbst durch die einzelnen Geb\u00e4ude und R\u00e4ume klicken kann. Dabei werden an verschiedenen Orten die F\u00e4cher und Angebote unserer Schule vorgestellt.\u00a0<\/p>\n\n\n\n<h2 class=\"wp-block-heading\">Schulrundgang als Video<\/h2>\n\n\n\n<figure class=\"wp-block-image size-large\"><a href=\"https:\/\/gymnasium-oedeme.de\/public\/Schulrundgang2021.mp4\"><img loading=\"lazy\" decoding=\"async\" width=\"1042\" height=\"585\" src=\"https:\/\/wordpress.nibis.de\/gymoedeme\/files\/2021\/02\/Schulrundgang.jpg\" alt=\"\" class=\"wp-image-4169\" srcset=\"https:\/\/wordpress.nibis.de\/gymoedeme\/files\/2021\/02\/Schulrundgang.jpg 1042w, https:\/\/wordpress.nibis.de\/gymoedeme\/files\/2021\/02\/Schulrundgang-850x478.jpg 850w, https:\/\/wordpress.nibis.de\/gymoedeme\/files\/2021\/02\/Schulrundgang-250x141.jpg 250w, https:\/\/wordpress.nibis.de\/gymoedeme\/files\/2021\/02\/Schulrundgang-768x431.jpg 768w\" sizes=\"auto, (max-width: 1042px) 100vw, 1042px\" \/><\/a><\/figure>\n\n\n\n<p class=\"has-text-align-center\"><a href=\"https:\/\/gymnasium-oedeme.de\/public\/Schulrundgang2021.mp4\" target=\"_blank\" rel=\"noreferrer noopener\">https:\/\/gymnasium-oedeme.de\/public\/Schulrundgang2021.mp4<\/a><\/p>\n\n\n\n<h2 class=\"wp-block-heading\">Virtueller Schulrundgang <\/h2>\n\n\n\n<figure class=\"wp-block-image size-full is-style-tw-rounded-corners\"><a href=\"https:\/\/gymnasium-oedeme.de\/public\/Rundgang%20Oedeme\/index.html\"><img loading=\"lazy\" decoding=\"async\" width=\"1363\" height=\"562\" src=\"https:\/\/wordpress.nibis.de\/gymoedeme\/files\/2022\/02\/Schulrundgang.jpg\" alt=\"\" class=\"wp-image-5855\" srcset=\"https:\/\/wordpress.nibis.de\/gymoedeme\/files\/2022\/02\/Schulrundgang.jpg 1363w, https:\/\/wordpress.nibis.de\/gymoedeme\/files\/2022\/02\/Schulrundgang-250x103.jpg 250w, https:\/\/wordpress.nibis.de\/gymoedeme\/files\/2022\/02\/Schulrundgang-768x317.jpg 768w\" sizes=\"auto, (max-width: 1363px) 100vw, 1363px\" \/><\/a><\/figure>\n\n\n\n<p><a href=\"https:\/\/gymnasium-oedeme.de\/public\/Rundgang%20Oedeme\/index.html\">https:\/\/gymnasium-oedeme.de\/public\/Rundgang Oedeme\/index.html<\/a><\/p>\n\n\n\n<p><\/p>\n","protected":false},"excerpt":{"rendered":"<p>Wir k\u00f6nnen Ihnen \/ Euch zwei Formen eines digitalen Rundgangs anbieten . Zum einen ein Video, in dem Frau Bode und Frau Biehler verschiedene Bereiche unserer Schule vorstellen. Zum anderen einen virtuellen Rundgang, bei dem man sich selbst durch die einzelnen Geb\u00e4ude und R\u00e4ume klicken kann. Dabei werden an verschiedenen Orten die F\u00e4cher und Angebote unserer Schule vorgestellt.\u00a0 Schulrundgang als Video https:\/\/gymnasium-oedeme.de\/public\/Schulrundgang2021.mp4 Virtueller Schulrundgang https:\/\/gymnasium-oedeme.de\/public\/Rundgang Oedeme\/index.html<\/p>\n","protected":false},"author":1411,"featured_media":0,"parent":0,"menu_order":4,"comment_status":"closed","ping_status":"closed","template":"","meta":{"footnotes":""},"class_list":["post-4166","page","type-page","status-publish","hentry"],"_links":{"self":[{"href":"https:\/\/wordpress.nibis.de\/gymoedeme\/wp-json\/wp\/v2\/pages\/4166","targetHints":{"allow":["GET"]}}],"collection":[{"href":"https:\/\/wordpress.nibis.de\/gymoedeme\/wp-json\/wp\/v2\/pages"}],"about":[{"href":"https:\/\/wordpress.nibis.de\/gymoedeme\/wp-json\/wp\/v2\/types\/page"}],"author":[{"embeddable":true,"href":"https:\/\/wordpress.nibis.de\/gymoedeme\/wp-json\/wp\/v2\/users\/1411"}],"replies":[{"embeddable":true,"href":"https:\/\/wordpress.nibis.de\/gymoedeme\/wp-json\/wp\/v2\/comments?post=4166"}],"version-history":[{"count":9,"href":"https:\/\/wordpress.nibis.de\/gymoedeme\/wp-json\/wp\/v2\/pages\/4166\/revisions"}],"predecessor-version":[{"id":5857,"href":"https:\/\/wordpress.nibis.de\/gymoedeme\/wp-json\/wp\/v2\/pages\/4166\/revisions\/5857"}],"wp:attachment":[{"href":"https:\/\/wordpress.nibis.de\/gymoedeme\/wp-json\/wp\/v2\/media?parent=4166"}],"curies":[{"name":"wp","href":"https:\/\/api.w.org\/{rel}","templated":true}]}}