{"id":4850,"date":"2021-06-07T13:12:42","date_gmt":"2021-06-07T11:12:42","guid":{"rendered":"https:\/\/wordpress.nibis.de\/gymoedeme\/?page_id=4850"},"modified":"2021-06-07T13:12:44","modified_gmt":"2021-06-07T11:12:44","slug":"nachprufungen","status":"publish","type":"page","link":"https:\/\/wordpress.nibis.de\/gymoedeme\/nachprufungen\/","title":{"rendered":"Nachpr\u00fcfungen"},"content":{"rendered":"\n<p>Die im Volksmund \u201eNachpr\u00fcfung\u201c genannten Pr\u00fcfungen sind in Amtssprache \u201ezus\u00e4tzliche m\u00fcndliche Pr\u00fcfungen\u201c in den schriftlichen Abiturf\u00e4chern. Sie sind in \u00a7 13 der AVO-GOBAK geregelt.<\/p>\n\n\n\n<p><strong>Gesetzte Pr\u00fcfungen<\/strong><\/p>\n\n\n\n<p>Grunds\u00e4tzlich beschlie\u00dft die Pr\u00fcfungskommission aufgrund der Ergebnisse der schriftlichen Pr\u00fcfungen, welche Pr\u00fcflinge in welchen F\u00e4chern der schriftlichen Pr\u00fcfung auch m\u00fcndlich gepr\u00fcft werden. Diese Pr\u00fcfungen sind dann f\u00fcr die Sch\u00fcler*innen verpflichtend. Dies wird ihnen zusammen mit der Bekanntgabe der schriftlichen Ergebnisse mitgeteilt. Es kann sein, dass es sinnvoll ist, sich dar\u00fcber hinaus zu weiteren m\u00fcndlichen Pr\u00fcfungen anzumelden, hier ist eine R\u00fccksprache mit der Oberstufenkoordinatorin und dem \/ der Tutor*in notwendig.<\/p>\n\n\n\n<p>Ihr d\u00fcrft euch offiziell in allen schriftlichen F\u00e4chern nachpr\u00fcfen lassen, das ergibt jedoch nur wirklich selten Sinn. Zudem gilt die Regel, dass wenn die Abiturpr\u00fcfung nicht mehr bestanden werden kann, die Pr\u00fcfung f\u00fcr diesen Pr\u00fcfling abgebrochen wird.<\/p>\n\n\n\n<p>Bei gesetzten Pr\u00fcfungen ist ein R\u00fccktritt m\u00f6glich, dann wird das Schuljahr gegebenenfalls wiederholt (unabh\u00e4ngig von vorhergehender Wiederholung m\u00f6glich). Bitte sprecht hierf\u00fcr sowohl eure aktuelle Koordinatorin an als auch den Koordinator, der f\u00fcr das Folgejahr zust\u00e4ndig ist an.<\/p>\n\n\n\n<p><strong>Freiwillige Pr\u00fcfungen<\/strong><\/p>\n\n\n\n<p>Zudem k\u00f6nnt ihr euch aber auch selbst f\u00fcr eine Nachpr\u00fcfung melden. Das kann sich lohnen, wenn ihr nur noch wenige Punkte von dem n\u00e4chstbesseren Abischnitt entfernt seid oder ihr aus einem anderen Grund eure Note in einem Fach verbessern wollt. Wichtig zu wissen ist, dass beim Abiturzeugnis auf jeden Fall beide Noten erscheinen werden und, dass ich euch auch verschlechtern k\u00f6nnt. \u00dcberlegt euch also bitte sehr genau, ob ihr euch wirklich anmelden wollte.<\/p>\n\n\n\n<p>In der Regel erfolgt die Mitteilung der schriftlichen Abiturergebnisse an einem Donnerstag, bis zum darauffolgenden Dienstag (bitte achtet hier auch auf die genaue Uhrzeit) bleibt Zeit, eine m\u00fcndliche Nachpr\u00fcfung schriftlich zu beantragen. Diese findet dann in der darauffolgenden Woche Montag bis Mittwoch statt (Freitag werden dann die Zeugnisse ausgegeben).<\/p>\n\n\n\n<p><strong>Wann lohnt sich eine Pr\u00fcfung?<\/strong><\/p>\n\n\n\n<p>Die <a href=\"https:\/\/wordpress.nibis.de\/gymoedeme\/files\/2021\/06\/Umrechnung-der-Abinote.pdf\" target=\"_blank\" rel=\"noreferrer noopener\">Abiturnoten <\/a>werden in bestimmten Schritten gerechnet, welche Punktzahl f\u00fcr welche Note erreicht werden muss, erfahrt ihr durch \u00a7 14 Abs. 2 Satz 1. Auf dem Formular f\u00fcr die schriftlichen Pr\u00fcfungsergebnisse steht auch, wie viele Punkte ben\u00f6tigt werden, um die n\u00e4chstbessere Note zu erreichen.<\/p>\n\n\n\n<p>Wie ihr diese zus\u00e4tzlichen Punkte erreichen k\u00f6nnt, steht wiederum auf der <a href=\"https:\/\/wordpress.nibis.de\/gymoedeme\/files\/2021\/06\/Tabelle-f\u00fcr-die-Bildung-eines-Pr\u00fcfungsergebnisses-bei-schriftlicher-und-m\u00fcndlicher-Pr\u00fcfung.pdf\" target=\"_blank\" rel=\"noreferrer noopener\">n\u00e4chsten Tabelle<\/a>. Die x-Achse zeigt das Ergebnis der schriftlichen Pr\u00fcfung, die y-Achse das zu erreichende Ergebnis der m\u00fcndlichen Pr\u00fcfung. Die grau unterlegte Zahl zeigt den Ist-Zustand, die Differenz zwischen der grau unterlegten Zahl und dem, was ihr erreichen wollt\/k\u00f6nnt\/m\u00fcsst, lest ihr also auf der y-Achse in der Spalte euers schriftlichen Ergebnisses ab.<\/p>\n\n\n\n<p>Falls ihr zu viele Unterkurse (mehr als zwei) habt und deswegen in die Pr\u00fcfung m\u00fcsst, m\u00fcsst ihr als Ergebnis auf 5 Punkte kommen, also 20 Punkte erreichen. (Wenn ihr also von 04 auf 05 Punkte kommen m\u00fcsst, braucht ihr mindestens 07 Punkte in der Nachpr\u00fcfung, bei 03 Punkten braucht ihr 09 Punkte und so weiter). Auch hier beraten Oberstufenkoordinatorin und Tutor*in gerne \u2013 ansonsten hilft auch die App.<\/p>\n","protected":false},"excerpt":{"rendered":"<p>Die im Volksmund \u201eNachpr\u00fcfung\u201c genannten Pr\u00fcfungen sind in Amtssprache \u201ezus\u00e4tzliche m\u00fcndliche Pr\u00fcfungen\u201c in den schriftlichen Abiturf\u00e4chern. Sie sind in \u00a7 13 der AVO-GOBAK geregelt. Gesetzte Pr\u00fcfungen Grunds\u00e4tzlich beschlie\u00dft die Pr\u00fcfungskommission aufgrund der Ergebnisse der schriftlichen Pr\u00fcfungen, welche Pr\u00fcflinge in welchen F\u00e4chern der schriftlichen Pr\u00fcfung auch m\u00fcndlich gepr\u00fcft werden. Diese Pr\u00fcfungen sind dann f\u00fcr die Sch\u00fcler*innen verpflichtend. Dies wird ihnen zusammen mit der Bekanntgabe der schriftlichen Ergebnisse mitgeteilt. Es kann sein, dass es sinnvoll ist, sich dar\u00fcber hinaus zu weiteren m\u00fcndlichen&hellip; <a class=\"continue\" href=\"https:\/\/wordpress.nibis.de\/gymoedeme\/nachprufungen\/\">Weiterlesen:<span> Nachpr\u00fcfungen<\/span><\/a><\/p>\n","protected":false},"author":9193292,"featured_media":0,"parent":0,"menu_order":2,"comment_status":"closed","ping_status":"closed","template":"","meta":{"footnotes":""},"class_list":["post-4850","page","type-page","status-publish","hentry"],"_links":{"self":[{"href":"https:\/\/wordpress.nibis.de\/gymoedeme\/wp-json\/wp\/v2\/pages\/4850","targetHints":{"allow":["GET"]}}],"collection":[{"href":"https:\/\/wordpress.nibis.de\/gymoedeme\/wp-json\/wp\/v2\/pages"}],"about":[{"href":"https:\/\/wordpress.nibis.de\/gymoedeme\/wp-json\/wp\/v2\/types\/page"}],"author":[{"embeddable":true,"href":"https:\/\/wordpress.nibis.de\/gymoedeme\/wp-json\/wp\/v2\/users\/9193292"}],"replies":[{"embeddable":true,"href":"https:\/\/wordpress.nibis.de\/gymoedeme\/wp-json\/wp\/v2\/comments?post=4850"}],"version-history":[{"count":2,"href":"https:\/\/wordpress.nibis.de\/gymoedeme\/wp-json\/wp\/v2\/pages\/4850\/revisions"}],"predecessor-version":[{"id":4854,"href":"https:\/\/wordpress.nibis.de\/gymoedeme\/wp-json\/wp\/v2\/pages\/4850\/revisions\/4854"}],"wp:attachment":[{"href":"https:\/\/wordpress.nibis.de\/gymoedeme\/wp-json\/wp\/v2\/media?parent=4850"}],"curies":[{"name":"wp","href":"https:\/\/api.w.org\/{rel}","templated":true}]}}