{"id":494,"date":"2018-10-29T13:23:57","date_gmt":"2018-10-29T12:23:57","guid":{"rendered":"http:\/\/wordpress.nibis.de\/gymoedeme\/?page_id=494"},"modified":"2019-08-08T19:22:10","modified_gmt":"2019-08-08T17:22:10","slug":"aufgaben-u-ziele","status":"publish","type":"page","link":"https:\/\/wordpress.nibis.de\/gymoedeme\/aufgaben-u-ziele\/","title":{"rendered":"Aufgaben u. Ziele"},"content":{"rendered":"\n<div class=\"wp-block-image\"><figure class=\"alignleft is-resized\"><img loading=\"lazy\" decoding=\"async\" src=\"https:\/\/wordpress.nibis.de\/gymoedeme\/files\/2019\/08\/gym-oedeme_1896.jpg\" alt=\"\" class=\"wp-image-1715\" width=\"284\" height=\"255\" srcset=\"https:\/\/wordpress.nibis.de\/gymoedeme\/files\/2019\/08\/gym-oedeme_1896.jpg 567w, https:\/\/wordpress.nibis.de\/gymoedeme\/files\/2019\/08\/gym-oedeme_1896-157x141.jpg 157w\" sizes=\"auto, (max-width: 284px) 100vw, 284px\" \/><\/figure><\/div>\n\n\n\n<p>Der &#8222;F\u00f6rderverein des Gymnasiums Oedeme e.V.&#8220; ist am 21. M\u00e4rz 2003 von Eltern, Lehrern, Ehemaligen und Mitgliedern der Schulleitung gegr\u00fcndet worden. Anlass f\u00fcr die Gr\u00fcndung war die Sorge um die aktuelle bildungspolitische Situation. Diese ist dadurch gekennzeichnet, dass sich die \u00f6ffentlichen Haushalte in einem besorgniserregenden Zustand befinden und auch der Landkreis L\u00fcneburg als Schultr\u00e4ger des Gymnasiums Oedeme seinen gesetzlichen Verpflichtungen kaum noch nachkommen kann, w\u00e4hrend auf der anderen Seite die Leistungsanforderungen an die junge Generation in einer hochtechnisierten und globalisierten Wissensgesellschaft immer weiter steigen. Eine gute Schulbildung ist daher wichtiger denn je.<\/p>\n\n\n\n<p>Der F\u00f6rderverein hat sich zum Ziel gesetzt, die finanzielle Basis f\u00fcr die p\u00e4dagogische Arbeit am Gymnasium Oedeme sp\u00fcrbar zu verbessern. Der Verein m\u00f6chte immer da helfen, wo Haushaltsmittel nicht oder nicht ausreichend zur Verf\u00fcgung stehen, es aber f\u00f6rderungsw\u00fcrdige Veranstaltungen, Projekte und Initiativen an unserer Schule gibt, die das soziale und kulturelle Leben bereichern oder die Qualit\u00e4t der Ausbildung verbessern k\u00f6nnen. Dies soll erfolgen durch die erg\u00e4nzende Anschaffung von Lehr- und Lernmitteln, eine verbesserte Ausstattung der R\u00e4ume und Anlagen, die F\u00f6rderung kultureller Veranstaltungen sowie die finanzielle Unterst\u00fctzung von Exkursionen, Klassen- und Studienfahrten. Der Verein richtet sich in erster Linie an Eltern, Sch\u00fcler, Lehrer und Mitarbeiter, in gleicher Weise aber auch an Ehemalige (Sch\u00fcler und Lehrer), Freunde und G\u00f6nner des Gymnasiums Oedeme. Da der F\u00f6rderverein als gemeinn\u00fctzig anerkannt ist, sind sowohl Beitr\u00e4ge als auch Spenden steuerlich abzugsf\u00e4hig.<\/p>\n","protected":false},"excerpt":{"rendered":"<p>Der &#8222;F\u00f6rderverein des Gymnasiums Oedeme e.V.&#8220; ist am 21. M\u00e4rz 2003 von Eltern, Lehrern, Ehemaligen und Mitgliedern der Schulleitung gegr\u00fcndet worden. Anlass f\u00fcr die Gr\u00fcndung war die Sorge um die aktuelle bildungspolitische Situation. Diese ist dadurch gekennzeichnet, dass sich die \u00f6ffentlichen Haushalte in einem besorgniserregenden Zustand befinden und auch der Landkreis L\u00fcneburg als Schultr\u00e4ger des Gymnasiums Oedeme seinen gesetzlichen Verpflichtungen kaum noch nachkommen kann, w\u00e4hrend auf der anderen Seite die Leistungsanforderungen an die junge Generation in einer hochtechnisierten und globalisierten&hellip; <a class=\"continue\" href=\"https:\/\/wordpress.nibis.de\/gymoedeme\/aufgaben-u-ziele\/\">Weiterlesen:<span> Aufgaben u. Ziele<\/span><\/a><\/p>\n","protected":false},"author":9192827,"featured_media":0,"parent":0,"menu_order":53,"comment_status":"closed","ping_status":"closed","template":"","meta":{"footnotes":""},"class_list":["post-494","page","type-page","status-publish","hentry"],"_links":{"self":[{"href":"https:\/\/wordpress.nibis.de\/gymoedeme\/wp-json\/wp\/v2\/pages\/494","targetHints":{"allow":["GET"]}}],"collection":[{"href":"https:\/\/wordpress.nibis.de\/gymoedeme\/wp-json\/wp\/v2\/pages"}],"about":[{"href":"https:\/\/wordpress.nibis.de\/gymoedeme\/wp-json\/wp\/v2\/types\/page"}],"author":[{"embeddable":true,"href":"https:\/\/wordpress.nibis.de\/gymoedeme\/wp-json\/wp\/v2\/users\/9192827"}],"replies":[{"embeddable":true,"href":"https:\/\/wordpress.nibis.de\/gymoedeme\/wp-json\/wp\/v2\/comments?post=494"}],"version-history":[{"count":3,"href":"https:\/\/wordpress.nibis.de\/gymoedeme\/wp-json\/wp\/v2\/pages\/494\/revisions"}],"predecessor-version":[{"id":1716,"href":"https:\/\/wordpress.nibis.de\/gymoedeme\/wp-json\/wp\/v2\/pages\/494\/revisions\/1716"}],"wp:attachment":[{"href":"https:\/\/wordpress.nibis.de\/gymoedeme\/wp-json\/wp\/v2\/media?parent=494"}],"curies":[{"name":"wp","href":"https:\/\/api.w.org\/{rel}","templated":true}]}}