{"id":517,"date":"2018-10-29T13:45:55","date_gmt":"2018-10-29T12:45:55","guid":{"rendered":"http:\/\/wordpress.nibis.de\/gymoedeme\/?page_id=517"},"modified":"2019-08-02T16:55:18","modified_gmt":"2019-08-02T14:55:18","slug":"begabtenfoerderung","status":"publish","type":"page","link":"https:\/\/wordpress.nibis.de\/gymoedeme\/begabtenfoerderung\/","title":{"rendered":"Begabtenf\u00f6rderung"},"content":{"rendered":"<p><img loading=\"lazy\" decoding=\"async\" class=\"alignleft\" src=\"https:\/\/wordpress.nibis.de\/gymoedeme\/files\/2019\/02\/helle-koepfe-versuch-copy.jpg\" alt=\"\" width=\"250\" height=\"250\" \/><br \/>\nF\u00fcr besonders begabte Sch\u00fclerinnen und Sch\u00fcler werden im Rahmen des Ganztagsangebots mehrere Kurse angeboten, alle zu erkennen an der Teil\u00fcberschrift &#8222;Helle K\u00f6pfe&#8220; Die Angebote sind wie folgt unterteilt:<\/p>\n<p>1. <b>\u201eHelle K\u00f6pfe\u201c junior<\/b> &#8211; Angebote der beteiligten Grundschulen<\/p>\n<p>2. <b>\u201eHelle K\u00f6pfe\u201c &#8211; Talentwerkst\u00e4tten<\/b> f\u00fcr Sch\u00fcler\/innen der 3. bis 5. Klassen der beteiligten Grundschulen, der Realschule und des Gymnasiums Oedeme mit besonderen Begabungen und Interessen. Nach Einladung durch die Klassen- oder Fachlehrer k\u00f6nnen sich die Sch\u00fcler\/innen zur verbindlichen Teilnahme f\u00fcr ein Halbjahr anmelden.<\/p>\n<p>3. <b>\u201eHelle K\u00f6pfe\u201c<\/b> &#8211; Angebote des Gymnasiums Oedeme, f\u00fcr Sch\u00fcler\/innen mit besonderen Begabungen und Interessen. An den Arbeitsgruppen \u201eHelle K\u00f6pfe\u201c k\u00f6nnen auch Sch\u00fcler\/innen der Realschule teilnehmen.<\/p>\n","protected":false},"excerpt":{"rendered":"<p>F\u00fcr besonders begabte Sch\u00fclerinnen und Sch\u00fcler werden im Rahmen des Ganztagsangebots mehrere Kurse angeboten, alle zu erkennen an der Teil\u00fcberschrift &#8222;Helle K\u00f6pfe&#8220; Die Angebote sind wie folgt unterteilt: 1. \u201eHelle K\u00f6pfe\u201c junior &#8211; Angebote der beteiligten Grundschulen 2. \u201eHelle K\u00f6pfe\u201c &#8211; Talentwerkst\u00e4tten f\u00fcr Sch\u00fcler\/innen der 3. bis 5. Klassen der beteiligten Grundschulen, der Realschule und des Gymnasiums Oedeme mit besonderen Begabungen und Interessen. Nach Einladung durch die Klassen- oder Fachlehrer k\u00f6nnen sich die Sch\u00fcler\/innen zur verbindlichen Teilnahme f\u00fcr ein Halbjahr&hellip; <a class=\"continue\" href=\"https:\/\/wordpress.nibis.de\/gymoedeme\/begabtenfoerderung\/\">Weiterlesen:<span> Begabtenf\u00f6rderung<\/span><\/a><\/p>\n","protected":false},"author":1411,"featured_media":0,"parent":0,"menu_order":49,"comment_status":"closed","ping_status":"closed","template":"","meta":{"footnotes":""},"class_list":["post-517","page","type-page","status-publish","hentry"],"_links":{"self":[{"href":"https:\/\/wordpress.nibis.de\/gymoedeme\/wp-json\/wp\/v2\/pages\/517","targetHints":{"allow":["GET"]}}],"collection":[{"href":"https:\/\/wordpress.nibis.de\/gymoedeme\/wp-json\/wp\/v2\/pages"}],"about":[{"href":"https:\/\/wordpress.nibis.de\/gymoedeme\/wp-json\/wp\/v2\/types\/page"}],"author":[{"embeddable":true,"href":"https:\/\/wordpress.nibis.de\/gymoedeme\/wp-json\/wp\/v2\/users\/1411"}],"replies":[{"embeddable":true,"href":"https:\/\/wordpress.nibis.de\/gymoedeme\/wp-json\/wp\/v2\/comments?post=517"}],"version-history":[{"count":6,"href":"https:\/\/wordpress.nibis.de\/gymoedeme\/wp-json\/wp\/v2\/pages\/517\/revisions"}],"predecessor-version":[{"id":1277,"href":"https:\/\/wordpress.nibis.de\/gymoedeme\/wp-json\/wp\/v2\/pages\/517\/revisions\/1277"}],"wp:attachment":[{"href":"https:\/\/wordpress.nibis.de\/gymoedeme\/wp-json\/wp\/v2\/media?parent=517"}],"curies":[{"name":"wp","href":"https:\/\/api.w.org\/{rel}","templated":true}]}}