{"id":6980,"date":"2023-03-23T08:12:37","date_gmt":"2023-03-23T07:12:37","guid":{"rendered":"https:\/\/wordpress.nibis.de\/gymoedeme\/?page_id=6980"},"modified":"2025-12-07T13:35:37","modified_gmt":"2025-12-07T12:35:37","slug":"schuelerbefoerderung","status":"publish","type":"page","link":"https:\/\/wordpress.nibis.de\/gymoedeme\/schuelerbefoerderung\/","title":{"rendered":"Sch\u00fclerbef\u00f6rderung"},"content":{"rendered":"\n<h4 class=\"wp-block-heading\">Informationen des Landkreises<\/h4>\n\n\n\n<p>Der Landkreis L\u00fcneburg ist Tr\u00e4ger der Sch\u00fclerbef\u00f6rderung und somit zust\u00e4ndig f\u00fcr Sch\u00fclerinnen und Sch\u00fcler, die im Kreisgebiet wohnen und anspruchsberechtigt sind, mit dem Bus zur Schule und wieder nach Hause zu fahren.<\/p>\n\n\n\n<p><strong><em>Bitte beantragen Sie rechtzeitig bis zum&nbsp;17.05.2024&nbsp;die Sch\u00fclerfahrkarte f\u00fcr Ihre Kind.<\/em><\/strong><\/p>\n\n\n\n<p>Mit dem Anhang f\u00fcgen wir einen Flyer zur Sch\u00fclerbef\u00f6rderung bei, in dem wir grunds\u00e4tzliche Fragen zur Online-Antragstellung der Sch\u00fclertickets (HVV-Card) beantworten.<br><\/p>\n\n\n\n<p>Um auf die passende Webseite zu gelangen, nutzen Sie bitte folgenden Link:<br><a href=\"https:\/\/www.landkreis-lueneburg.de\/fuer-unsere-buergerinnen-und-buerger\/mobil-im-landkreis\/bus-und-bahn\/schuelerbefoerderung.html\">https:\/\/www.landkreis-lueneburg.de\/fuer-unsere-buergerinnen-und-buerger\/mobil-im-landkreis\/bus-und-bahn\/schuelerbefoerderung.html<\/a> oder auch den QR-Code im Flyer.<\/p>\n\n\n\n<p>Flyer mit den Informationen in Kurzform<\/p>\n\n\n\n<div data-wp-interactive=\"core\/file\" class=\"wp-block-file\"><object data-wp-bind--hidden=\"!state.hasPdfPreview\" hidden class=\"wp-block-file__embed\" data=\"https:\/\/wordpress.nibis.de\/gymoedeme\/files\/2024\/04\/Flyer-Schuelerbefoerderung-SJ-2024-2025-Stand-01.02.24.pdf\" type=\"application\/pdf\" style=\"width:100%;height:600px\" aria-label=\"Einbettung von Flyer Sch\u00fclerbef\u00f6rderung SJ 2024-2025, Stand 01.02.24.\"><\/object><a id=\"wp-block-file--media-852207fb-f364-4d92-854d-447c31237002\" href=\"https:\/\/wordpress.nibis.de\/gymoedeme\/files\/2024\/04\/Flyer-Schuelerbefoerderung-SJ-2024-2025-Stand-01.02.24.pdf\">Flyer Sch\u00fclerbef\u00f6rderung SJ 2024-2025, Stand 01.02.24<\/a><a href=\"https:\/\/wordpress.nibis.de\/gymoedeme\/files\/2024\/04\/Flyer-Schuelerbefoerderung-SJ-2024-2025-Stand-01.02.24.pdf\" class=\"wp-block-file__button wp-element-button\" download aria-describedby=\"wp-block-file--media-852207fb-f364-4d92-854d-447c31237002\">Herunterladen<\/a><\/div>\n","protected":false},"excerpt":{"rendered":"<p>Informationen des Landkreises Der Landkreis L\u00fcneburg ist Tr\u00e4ger der Sch\u00fclerbef\u00f6rderung und somit zust\u00e4ndig f\u00fcr Sch\u00fclerinnen und Sch\u00fcler, die im Kreisgebiet wohnen und anspruchsberechtigt sind, mit dem Bus zur Schule und wieder nach Hause zu fahren. Bitte beantragen Sie rechtzeitig bis zum&nbsp;17.05.2024&nbsp;die Sch\u00fclerfahrkarte f\u00fcr Ihre Kind. Mit dem Anhang f\u00fcgen wir einen Flyer zur Sch\u00fclerbef\u00f6rderung bei, in dem wir grunds\u00e4tzliche Fragen zur Online-Antragstellung der Sch\u00fclertickets (HVV-Card) beantworten. Um auf die passende Webseite zu gelangen, nutzen Sie bitte folgenden Link:https:\/\/www.landkreis-lueneburg.de\/fuer-unsere-buergerinnen-und-buerger\/mobil-im-landkreis\/bus-und-bahn\/schuelerbefoerderung.html oder auch&hellip; <a class=\"continue\" href=\"https:\/\/wordpress.nibis.de\/gymoedeme\/schuelerbefoerderung\/\">Weiterlesen:<span> Sch\u00fclerbef\u00f6rderung<\/span><\/a><\/p>\n","protected":false},"author":1411,"featured_media":0,"parent":0,"menu_order":0,"comment_status":"closed","ping_status":"closed","template":"","meta":{"footnotes":""},"class_list":["post-6980","page","type-page","status-publish","hentry"],"_links":{"self":[{"href":"https:\/\/wordpress.nibis.de\/gymoedeme\/wp-json\/wp\/v2\/pages\/6980","targetHints":{"allow":["GET"]}}],"collection":[{"href":"https:\/\/wordpress.nibis.de\/gymoedeme\/wp-json\/wp\/v2\/pages"}],"about":[{"href":"https:\/\/wordpress.nibis.de\/gymoedeme\/wp-json\/wp\/v2\/types\/page"}],"author":[{"embeddable":true,"href":"https:\/\/wordpress.nibis.de\/gymoedeme\/wp-json\/wp\/v2\/users\/1411"}],"replies":[{"embeddable":true,"href":"https:\/\/wordpress.nibis.de\/gymoedeme\/wp-json\/wp\/v2\/comments?post=6980"}],"version-history":[{"count":7,"href":"https:\/\/wordpress.nibis.de\/gymoedeme\/wp-json\/wp\/v2\/pages\/6980\/revisions"}],"predecessor-version":[{"id":9062,"href":"https:\/\/wordpress.nibis.de\/gymoedeme\/wp-json\/wp\/v2\/pages\/6980\/revisions\/9062"}],"wp:attachment":[{"href":"https:\/\/wordpress.nibis.de\/gymoedeme\/wp-json\/wp\/v2\/media?parent=6980"}],"curies":[{"name":"wp","href":"https:\/\/api.w.org\/{rel}","templated":true}]}}