{"id":748,"date":"2019-01-03T14:11:09","date_gmt":"2019-01-03T13:11:09","guid":{"rendered":"http:\/\/wordpress.nibis.de\/gymoedeme\/?page_id=748"},"modified":"2021-10-04T10:27:18","modified_gmt":"2021-10-04T08:27:18","slug":"schliessfaecher","status":"publish","type":"page","link":"https:\/\/wordpress.nibis.de\/gymoedeme\/schliessfaecher\/","title":{"rendered":"Schlie\u00dff\u00e4cher"},"content":{"rendered":"<p>\u00a0<\/p>\n<p style=\"text-align: justify\">Im Freizeitbereich des Haupthauses sind 96 neue Schlie\u00dff\u00e4cher aufgestellt, die von der Fa. Astra vermietet und gewartet werden. Falls Sie \/ Ihr ein solches Schlie\u00dffach mieten m\u00f6chten \/ m\u00f6chtet, schicken Sie \/ schickt bitte einen ausgef\u00fcllten Vertrag direkt an die Fa. Astra oder melden Sie sich \/ meldet Euch online unter <a href=\"http:\/\/www.astradirekt.de\">astradirekt<\/a> an.<br \/>Die Miete eines Schlie\u00dffaches betr\u00e4gt\u00a0 2,40 Euro pro Monat. Die Kosten sind j\u00e4hrlich im Voraus zu bezahlen, zusammen mit einer einmaligen Kaution von 30 Euro. Die Sch\u00fcler\/innen erhalten nach der Zahlung einen Zahlencode f\u00fcr ihr Schloss zugeschickt.<br \/>Sollte die Anzahl der Schlie\u00dff\u00e4cher nicht ausreichend sein, k\u00f6nnen, sofern noch Platz Verf\u00fcgung steht und der Schultr\u00e4ger zustimmt, weitere Schlie\u00dff\u00e4cher aufgestellt werden.<\/p>\n<p>Birgit Burmester<\/p>\n\n\n<div class=\"wp-block-file\"><a href=\"https:\/\/wordpress.nibis.de\/gymoedeme\/files\/2020\/09\/Vertrag-astraDirect-2020.pdf\">Vertrag-astraDirect-2020<\/a><a href=\"https:\/\/wordpress.nibis.de\/gymoedeme\/files\/2020\/09\/Vertrag-astraDirect-2020.pdf\" class=\"wp-block-file__button\" download>Herunterladen<\/a><\/div>\n","protected":false},"excerpt":{"rendered":"<p>\u00a0 Im Freizeitbereich des Haupthauses sind 96 neue Schlie\u00dff\u00e4cher aufgestellt, die von der Fa. Astra vermietet und gewartet werden. Falls Sie \/ Ihr ein solches Schlie\u00dffach mieten m\u00f6chten \/ m\u00f6chtet, schicken Sie \/ schickt bitte einen ausgef\u00fcllten Vertrag direkt an die Fa. Astra oder melden Sie sich \/ meldet Euch online unter astradirekt an.Die Miete eines Schlie\u00dffaches betr\u00e4gt\u00a0 2,40 Euro pro Monat. Die Kosten sind j\u00e4hrlich im Voraus zu bezahlen, zusammen mit einer einmaligen Kaution von 30 Euro. Die Sch\u00fcler\/innen&hellip; <a class=\"continue\" href=\"https:\/\/wordpress.nibis.de\/gymoedeme\/schliessfaecher\/\">Weiterlesen:<span> Schlie\u00dff\u00e4cher<\/span><\/a><\/p>\n","protected":false},"author":1411,"featured_media":0,"parent":0,"menu_order":37,"comment_status":"closed","ping_status":"closed","template":"","meta":{"footnotes":""},"class_list":["post-748","page","type-page","status-publish","hentry"],"_links":{"self":[{"href":"https:\/\/wordpress.nibis.de\/gymoedeme\/wp-json\/wp\/v2\/pages\/748","targetHints":{"allow":["GET"]}}],"collection":[{"href":"https:\/\/wordpress.nibis.de\/gymoedeme\/wp-json\/wp\/v2\/pages"}],"about":[{"href":"https:\/\/wordpress.nibis.de\/gymoedeme\/wp-json\/wp\/v2\/types\/page"}],"author":[{"embeddable":true,"href":"https:\/\/wordpress.nibis.de\/gymoedeme\/wp-json\/wp\/v2\/users\/1411"}],"replies":[{"embeddable":true,"href":"https:\/\/wordpress.nibis.de\/gymoedeme\/wp-json\/wp\/v2\/comments?post=748"}],"version-history":[{"count":10,"href":"https:\/\/wordpress.nibis.de\/gymoedeme\/wp-json\/wp\/v2\/pages\/748\/revisions"}],"predecessor-version":[{"id":5187,"href":"https:\/\/wordpress.nibis.de\/gymoedeme\/wp-json\/wp\/v2\/pages\/748\/revisions\/5187"}],"wp:attachment":[{"href":"https:\/\/wordpress.nibis.de\/gymoedeme\/wp-json\/wp\/v2\/media?parent=748"}],"curies":[{"name":"wp","href":"https:\/\/api.w.org\/{rel}","templated":true}]}}