{"id":7792,"date":"2024-05-14T15:46:28","date_gmt":"2024-05-14T13:46:28","guid":{"rendered":"https:\/\/wordpress.nibis.de\/gymoedeme\/?page_id=7792"},"modified":"2025-12-07T13:36:27","modified_gmt":"2025-12-07T12:36:27","slug":"go-shop-team","status":"publish","type":"page","link":"https:\/\/wordpress.nibis.de\/gymoedeme\/go-shop-team\/","title":{"rendered":"Unser Team &amp; Konzept"},"content":{"rendered":"\n<h5 class=\"wp-block-heading\"><strong>Kurzvorstellung:<\/strong><\/h5>\n\n\n\n<p>Liebe Eltern, liebe Lehrerinnen und Lehrer, liebe Mitsch\u00fcler und Mitsch\u00fclerinnen,<br>wie Sie bereits erfahren haben, gibt es nun eine Sch\u00fclerfirma an unserer Schule. Wir sind<br>Sch\u00fcler\/innen der Sch\u00fclerfirma GO-Shop, unserem Gymnasium Oedeme &#8211; Shop. Unsere<br>Sch\u00fclerfirma wird im Rahmen einer AG angeboten.<br>Unsere Sch\u00fclerfirma GO-Shop verkauft Produkte bedruckt mit dem Logo unserer Schule.<br>Durch diese Produkte mit unserem Schullogo soll allen Eltern, allen Sch\u00fclerinnen und Sch\u00fclern<br>sowie allen Lehrkr\u00e4ften erm\u00f6glicht werden, sich mit unserer Schule zu identifizieren.<br>\u201eDer Geist von Oedeme\u201c wird weitergetragen.<br>Bei allen Produkten soll der Gedanke der Nachhaltigkeit beachtet werden. Wir achten auf die<br>Qualit\u00e4t sowie den Produktionsort. Unser Sortiment soll weiter ausgebaut werden, \u00fcber<br>W\u00fcnsche und Anregungen f\u00fcr weitere Produkte w\u00fcrden wir uns freuen.<\/p>\n\n\n\n<h5 class=\"wp-block-heading\"><strong>Hier unser Konzept:<\/strong><\/h5>\n\n\n\n<div data-wp-interactive=\"core\/file\" class=\"wp-block-file\"><object data-wp-bind--hidden=\"!state.hasPdfPreview\" hidden class=\"wp-block-file__embed\" data=\"https:\/\/wordpress.nibis.de\/gymoedeme\/files\/2024\/05\/Konzept-Schuelerfirma-GO-Shop.pdf\" type=\"application\/pdf\" style=\"width:100%;height:600px\" aria-label=\"Einbettung von Konzept Sch\u00fclerfirma GO-Shop.\"><\/object><a id=\"wp-block-file--media-8bd19fb2-0baa-47fc-8fd2-cc4f82deeafa\" href=\"https:\/\/wordpress.nibis.de\/gymoedeme\/files\/2024\/05\/Konzept-Schuelerfirma-GO-Shop.pdf\">Konzept Sch\u00fclerfirma GO-Shop<\/a><a href=\"https:\/\/wordpress.nibis.de\/gymoedeme\/files\/2024\/05\/Konzept-Schuelerfirma-GO-Shop.pdf\" class=\"wp-block-file__button wp-element-button\" download aria-describedby=\"wp-block-file--media-8bd19fb2-0baa-47fc-8fd2-cc4f82deeafa\">Herunterladen<\/a><\/div>\n\n\n\n<h5 class=\"wp-block-heading\"><strong>Kontakt:<\/strong><\/h5>\n\n\n\n<p>Wie k\u00f6nnt ihr Kontakt zu uns aufnehmen? Z.B. \u00fcber E-Mail:<\/p>\n\n\n\n<p><a href=\"&#x6d;&#x61;&#x69;&#x6c;&#116;&#111;&#58;ag&#x2e;&#x73;&#x63;&#x68;&#x75;&#101;&#108;&#101;rf&#x69;&#x72;&#x6d;&#x61;&#x40;&#103;&#121;&#109;na&#x73;&#x69;&#x75;&#x6d;&#x2d;&#111;&#101;&#100;em&#x65;&#x2e;&#x64;&#x65;\" data-type=\"mailto\" data-id=\"ma&#105;&#108;&#x74;&#x6f;&#x3a;&#x61;g&#46;&#115;&#99;&#x68;&#x75;&#x65;&#x6c;er&#102;&#105;&#114;&#x6d;&#x61;&#x40;&#x67;ym&#110;&#97;&#x73;&#x69;&#x75;&#x6d;-o&#101;&#100;&#x65;&#x6d;&#x65;&#x2e;de\">&#x61;&#103;&#46;&#x73;&#99;h&#x75;&#x65;&#108;&#x65;&#x72;&#102;i&#x72;&#109;a&#x40;&#x67;&#121;&#x6d;&#x6e;&#97;s&#x69;&#117;m&#x2d;&#x6f;&#101;&#x64;&#x65;&#109;e&#x2e;&#100;e<\/a><\/p>\n","protected":false},"excerpt":{"rendered":"<p>Kurzvorstellung: Liebe Eltern, liebe Lehrerinnen und Lehrer, liebe Mitsch\u00fcler und Mitsch\u00fclerinnen,wie Sie bereits erfahren haben, gibt es nun eine Sch\u00fclerfirma an unserer Schule. Wir sindSch\u00fcler\/innen der Sch\u00fclerfirma GO-Shop, unserem Gymnasium Oedeme &#8211; Shop. UnsereSch\u00fclerfirma wird im Rahmen einer AG angeboten.Unsere Sch\u00fclerfirma GO-Shop verkauft Produkte bedruckt mit dem Logo unserer Schule.Durch diese Produkte mit unserem Schullogo soll allen Eltern, allen Sch\u00fclerinnen und Sch\u00fclernsowie allen Lehrkr\u00e4ften erm\u00f6glicht werden, sich mit unserer Schule zu identifizieren.\u201eDer Geist von Oedeme\u201c wird weitergetragen.Bei allen Produkten soll&hellip; <a class=\"continue\" href=\"https:\/\/wordpress.nibis.de\/gymoedeme\/go-shop-team\/\">Weiterlesen:<span> Unser Team &amp; Konzept<\/span><\/a><\/p>\n","protected":false},"author":1411,"featured_media":0,"parent":0,"menu_order":0,"comment_status":"closed","ping_status":"closed","template":"","meta":{"footnotes":""},"class_list":["post-7792","page","type-page","status-publish","hentry"],"_links":{"self":[{"href":"https:\/\/wordpress.nibis.de\/gymoedeme\/wp-json\/wp\/v2\/pages\/7792","targetHints":{"allow":["GET"]}}],"collection":[{"href":"https:\/\/wordpress.nibis.de\/gymoedeme\/wp-json\/wp\/v2\/pages"}],"about":[{"href":"https:\/\/wordpress.nibis.de\/gymoedeme\/wp-json\/wp\/v2\/types\/page"}],"author":[{"embeddable":true,"href":"https:\/\/wordpress.nibis.de\/gymoedeme\/wp-json\/wp\/v2\/users\/1411"}],"replies":[{"embeddable":true,"href":"https:\/\/wordpress.nibis.de\/gymoedeme\/wp-json\/wp\/v2\/comments?post=7792"}],"version-history":[{"count":19,"href":"https:\/\/wordpress.nibis.de\/gymoedeme\/wp-json\/wp\/v2\/pages\/7792\/revisions"}],"predecessor-version":[{"id":9063,"href":"https:\/\/wordpress.nibis.de\/gymoedeme\/wp-json\/wp\/v2\/pages\/7792\/revisions\/9063"}],"wp:attachment":[{"href":"https:\/\/wordpress.nibis.de\/gymoedeme\/wp-json\/wp\/v2\/media?parent=7792"}],"curies":[{"name":"wp","href":"https:\/\/api.w.org\/{rel}","templated":true}]}}