{"id":880,"date":"2019-01-21T16:40:47","date_gmt":"2019-01-21T15:40:47","guid":{"rendered":"https:\/\/wordpress.nibis.de\/gymoedeme\/?page_id=880"},"modified":"2019-08-03T15:38:20","modified_gmt":"2019-08-03T13:38:20","slug":"ehemaligenbereich","status":"publish","type":"page","link":"https:\/\/wordpress.nibis.de\/gymoedeme\/ehemaligenbereich\/","title":{"rendered":"Ehemaligenbereich"},"content":{"rendered":"<p style=\"text-align: justify\"><img loading=\"lazy\" decoding=\"async\" class=\"alignleft wp-image-881\" src=\"https:\/\/wordpress.nibis.de\/gymoedeme\/files\/2019\/01\/Alumni-des-Gymnasiums-Oedeme-Just-2-250x141.jpg\" alt=\"\" width=\"400\" height=\"283\" srcset=\"https:\/\/wordpress.nibis.de\/gymoedeme\/files\/2019\/01\/Alumni-des-Gymnasiums-Oedeme-Just-2-768x543.jpg 768w, https:\/\/wordpress.nibis.de\/gymoedeme\/files\/2019\/01\/Alumni-des-Gymnasiums-Oedeme-Just-2.jpg 800w\" sizes=\"auto, (max-width: 400px) 100vw, 400px\" \/><\/p>\n<p style=\"text-align: justify\">Seit nun schon \u00fcber f\u00fcnf Jahren gibt es f\u00fcr die Ehemaligen einen eigenen Bereich, das Alumniportal des Gymnasiums Oedeme. Das Portal ist vor kurzem umgezogen; wenn ihr euch noch nicht angemeldet habt, schickt bitte eine E-Mail an:\u00a0<span style=\"color: #5b5b5d\">andreas.me<\/span>yer@gym<span style=\"color: #5b5b5d\">nasium-oe<\/span><span style=\"color: #5b5b5d\">deme.de<\/span>\u00a0&#8211; ihr bekommt dann eine Einladung mit dem entsprechenden Link.<br \/>So ist gew\u00e4hrleistet, dass die Ehemaligen &#8222;unter sich bleiben&#8220; k\u00f6nnen.<\/p>\n<p style=\"text-align: justify\">Vor gut sieben Jahren haben wir f\u00fcr die Ehemaligen unser Internetportal mit Datenbank eingerichtet; im Portal sind derzeit knapp 850 Ehemalige angemeldet. Es wurde vom Verein \u201ealumni at school\u201c kostenlos zur Verf\u00fcgung gestellt und umfasste Software und Web-Hosting.<br \/>Nun hat der Verein die Unterst\u00fctzung leider einstellen und das Portal l\u00f6schen m\u00fcssen. Wir sind mit dem Portal umgezogen zu\u00a0<a href=\"https:\/\/cloud.just.social\/toro\/resource\/html\" target=\"_blank\" rel=\"noopener noreferrer\">www.just.social<\/a>\u00a0der Just Software AG, Hamburg. Diese Firma bietet ein professionelles Intranet-Programm und das Webhosting an; auch renommierte Firmen wie die AOK, die Volksbank oder die Handelskammer Hamburg haben dort ihre Firmen-Intranets eingerichtet.<br \/>Die Kosten \u00fcbernimmt dankenswerterweise der\u00a0F\u00f6rderverein.<br \/>Wer beim alten Portal angemeldet war, dessen Daten sind auch ins neue \u00fcbernommen worden. Wer die entsprechende E-Mail nicht mehr findet: man kann sich die E-Mail zur Aktivierung des (neuen) Accounts ganz einfach noch einmal zuschicken oder das Passwort zur\u00fccksetzen lassen lassen, indem man auf der Seite (<a href=\"https:\/\/cloud.just.social\/toro\/resource\/html\" target=\"_blank\" rel=\"noopener noreferrer\">www.just.social<\/a>) in die Zeilen ganz unten klickt.<\/p>\n\n\n<h4 class=\"wp-block-heading\">Bericht \u00fcber Ehemaligentreffen im Gymnasium Oedeme (27. Dezember 2018)<\/h4>\n\n\n\n<div class=\"wp-block-image\"><figure class=\"alignleft\"><img decoding=\"async\" src=\"https:\/\/www.gymoedeme.de\/bilder\/mittel\/gym-oedeme_19204.jpg\" alt=\"\" \/><\/figure><\/div>\n\n\n\n<p>Moin Moin und allen ein frohes, gesundes und gl\u00fcckliches neues Jahr 2019!<\/p>\n\n\n\n<p>Am 27.12.2018 fand traditionell das Ehemaligentreffen des Gymnasiums Oedeme im Freizeitbereich statt, das mit weit mehr als 300 G\u00e4sten auch in diesem Jahr sehr gut besucht war. Nach einem Glas Sekt zur Begr\u00fc\u00dfung und einer kurzen Rede unseren neuen Schulleiters Herrn Schulz wurden an allen Tischen abwechslungsreiche Gespr\u00e4che gef\u00fchrt, wer, wie, was, wo macht, teilweise auch warum \u00fcberhaupt.<br><br>Unser besonderer Dank gilt allen Heinzelweibchen und \u2013m\u00e4nnchen, die zum Gelingen des Abends beigetragen haben. Dazu z\u00e4hlen die zahlreichen Servicekr\u00e4fte des 11. und 12. Jahrgangs und Frau Buchholz, die alle G\u00e4ste zum Setzen \u201eanaloger Stecknadeln\u201f ihres aktuellen Wohnorts aufforderte und Schulrundg\u00e4nge durchf\u00fchrte. Dar\u00fcber hinaus bedanken wir uns auch bei Julian Sprogis und Vincent Richter (Technik-AG) f\u00fcr die farbenfrohe Ausleuchtung des Freizeitbereichs sowie der Beschallung, bei Hannes B\u00fcsscher f\u00fcr die musikalische Untermalung, bei Wulf Kiecksee f\u00fcr die das Festhalten sch\u00f6ner Momente sowie bei dem Schulf\u00f6rderverein f\u00fcr die gro\u00dfz\u00fcgige finanzielle Unterst\u00fctzung die Getr\u00e4nke betreffend.<br><br>Wir freuen uns auf ein Wiedersehen am 27.12.2019!<br><br>Im Namen des Organisationsteams,<\/p>\n\n\n\n<p>Anna-Lena Wotzke, Sarah Bode und Sven S\u00fcrig\n\n<\/p>\n","protected":false},"excerpt":{"rendered":"<p>Seit nun schon \u00fcber f\u00fcnf Jahren gibt es f\u00fcr die Ehemaligen einen eigenen Bereich, das Alumniportal des Gymnasiums Oedeme. Das Portal ist vor kurzem umgezogen; wenn ihr euch noch nicht angemeldet habt, schickt bitte eine E-Mail an:\u00a0&#97;&#x6e;&#100;&#x72;&#101;&#x61;&#115;&#x2e;&#109;&#x65;&#121;&#x65;&#114;&#x40;&#103;&#x79;&#109;&#x6e;&#97;&#x73;&#105;&#x75;&#109;&#x2d;&#111;&#x65;&#100;&#x65;&#109;&#x65;&#46;&#x64;&#101;\u00a0&#8211; ihr bekommt dann eine Einladung mit dem entsprechenden Link.So ist gew\u00e4hrleistet, dass die Ehemaligen &#8222;unter sich bleiben&#8220; k\u00f6nnen. Vor gut sieben Jahren haben wir f\u00fcr die Ehemaligen unser Internetportal mit Datenbank eingerichtet; im Portal sind derzeit knapp 850 Ehemalige angemeldet. Es wurde vom&hellip; <a class=\"continue\" href=\"https:\/\/wordpress.nibis.de\/gymoedeme\/ehemaligenbereich\/\">Weiterlesen:<span> Ehemaligenbereich<\/span><\/a><\/p>\n","protected":false},"author":1411,"featured_media":0,"parent":0,"menu_order":32,"comment_status":"closed","ping_status":"closed","template":"","meta":{"footnotes":""},"class_list":["post-880","page","type-page","status-publish","hentry"],"_links":{"self":[{"href":"https:\/\/wordpress.nibis.de\/gymoedeme\/wp-json\/wp\/v2\/pages\/880","targetHints":{"allow":["GET"]}}],"collection":[{"href":"https:\/\/wordpress.nibis.de\/gymoedeme\/wp-json\/wp\/v2\/pages"}],"about":[{"href":"https:\/\/wordpress.nibis.de\/gymoedeme\/wp-json\/wp\/v2\/types\/page"}],"author":[{"embeddable":true,"href":"https:\/\/wordpress.nibis.de\/gymoedeme\/wp-json\/wp\/v2\/users\/1411"}],"replies":[{"embeddable":true,"href":"https:\/\/wordpress.nibis.de\/gymoedeme\/wp-json\/wp\/v2\/comments?post=880"}],"version-history":[{"count":3,"href":"https:\/\/wordpress.nibis.de\/gymoedeme\/wp-json\/wp\/v2\/pages\/880\/revisions"}],"predecessor-version":[{"id":1372,"href":"https:\/\/wordpress.nibis.de\/gymoedeme\/wp-json\/wp\/v2\/pages\/880\/revisions\/1372"}],"wp:attachment":[{"href":"https:\/\/wordpress.nibis.de\/gymoedeme\/wp-json\/wp\/v2\/media?parent=880"}],"curies":[{"name":"wp","href":"https:\/\/api.w.org\/{rel}","templated":true}]}}