{"id":48,"date":"2018-04-04T20:51:46","date_gmt":"2018-04-04T18:51:46","guid":{"rendered":"http:\/\/wordpress.nibis.de\/hittnews\/?page_id=48"},"modified":"2020-03-08T11:27:43","modified_gmt":"2020-03-08T10:27:43","slug":"impressum","status":"publish","type":"page","link":"https:\/\/wordpress.nibis.de\/hittnews\/impressum\/","title":{"rendered":"Impressum"},"content":{"rendered":"<p>Land Niedersachsen (Dienstanbieter im Sinne des Telemediengesetzes)<\/p>\n<p>Das Land Niedersachsen ist eine juristische Person des \u00f6ffentlichen Rechts<br \/>\nvertreten durch<\/p>\n<p>Schulleiter des Gymnasiums Hittfeld:<br \/>\nFrank Patyna<br \/>\nGymnasiums Hittfeld<br \/>\nPeperdieksberg 1<br \/>\n21218 Seevetal<br \/>\nTel: 04105 \u2013 6753 \u2013 0<br \/>\n<strong>\u00a0<\/strong><\/p>\n<p>Verantwortlich f\u00fcr redaktionelle-journalistische Angebote im Sinne des \u00a7 55 Abs. 2 RStV:<\/p>\n<p>Olaf Hasselmeier<br \/>\nGymnasiums Hittfeld<br \/>\nPeperdieksberg 1<br \/>\n21218 Seevetal<br \/>\nTel: 04105 \u2013 6753 \u2013 0<\/p>\n<p><strong>Haftung f\u00fcr Links<\/strong><\/p>\n<p>Alle Links sind zum Zeitpunkt der Ver\u00f6ffentlichung durch uns gepr\u00fcft und wegen ihrer Inhalte eingepflegt. Da sich Internetseiten im Verlauf der Zeit \u00e4ndern, bitten wir um R\u00fcckmeldung, wenn dies geschehen ist und ein Link nicht mehr zu seinem Inhalt passt.<\/p>\n<p>Alle Einbindungen fremder Inhalte unterliegen strenger Kontrolle und werden eingebunden, weil sie entweder unter einer entsprechenden Lizenz stehen, weil der Urheber es erlaubt hat oder weil das Einbinden z.B. von Youtube-Videos zul\u00e4ssig ist. Wir tun dies nach bestem Wissen und Gewissen, sollte uns jedoch ein Fehler unterlaufen bitten wir auch hier um schnelle R\u00fcckmeldung, sodass die betreffenden Inhalte gel\u00f6scht bzw. entfernt werden k\u00f6nnen.<\/p>\n<p>Alle unsere Texte d\u00fcrfen weiterverwendet, ver\u00e4ndert und erneut ver\u00f6ffentlicht werden. Zwei Bedingungen dazu: Der Urheber (bzw. Link zu diesem Weblog) m\u00fcssen genannt werden und die erneute Ver\u00f6ffentlichung muss wieder unter derselben Lizenz stehen.<\/p>\n<p>Obwohl wir uns um Aktualit\u00e4t, Vollst\u00e4ndigkeit und Richtigkeit der Inhalte unserer Seiten bem\u00fchen, k\u00f6nnen wir hierf\u00fcr keine Garantie \u00fcbernehmen.<\/p>\n<p>Nach \u00a7 7 Absatz 1 TDG sind wir als Diensteanbieter f\u00fcr eigene Inhalte auf unseren Seiten nach den allgemeinen Gesetzen verantwortlich.<\/p>\n<p>Eine Verpflichtung zur \u00dcberwachung \u00fcbermittelter oder gespeicherter fremder Informationen besteht jedoch nicht (\u00a7\u00a7 8-10 TDG). Sobald uns Rechtsverst\u00f6\u00dfe bekannt werden, werden wir die entsprechenden Inhalte umgehend entfernen. Eine dahingehende Haftung wird jedoch erst ab dem Zeitpunkt der Kenntnis konkreter Rechtsverletzungen \u00fcbernommen.<\/p>\n<p><strong>Rechtswirksamkeit dieses Haftungsausschlusses<\/strong><\/p>\n<p>Sollten einzelne Regelungen oder Formulierungen dieses Haftungsausschlusses unwirksam sein oder werden, bleiben die \u00fcbrigen Regelungen in ihrem Inhalt und ihrer G\u00fcltigkeit hiervon unber\u00fchrt.<\/p>\n","protected":false},"excerpt":{"rendered":"<p>Land Niedersachsen (Dienstanbieter im Sinne des Telemediengesetzes) Das Land Niedersachsen ist eine juristische Person des \u00f6ffentlichen Rechts vertreten durch Schulleiter des Gymnasiums Hittfeld: Frank Patyna Gymnasiums Hittfeld Peperdieksberg 1 21218 Seevetal Tel: 04105 \u2013 6753 \u2013 0 \u00a0 Verantwortlich f\u00fcr redaktionelle-journalistische Angebote im Sinne des \u00a7 55 Abs. 2 RStV: Olaf Hasselmeier Gymnasiums Hittfeld Peperdieksberg &#8230; <a title=\"Impressum\" class=\"read-more\" href=\"https:\/\/wordpress.nibis.de\/hittnews\/impressum\/\" aria-label=\"Mehr Informationen \u00fcber Impressum\">Weiterlesen<\/a><\/p>\n","protected":false},"author":9192572,"featured_media":0,"parent":0,"menu_order":0,"comment_status":"closed","ping_status":"closed","template":"","meta":{"footnotes":""},"class_list":["post-48","page","type-page","status-publish"],"_links":{"self":[{"href":"https:\/\/wordpress.nibis.de\/hittnews\/wp-json\/wp\/v2\/pages\/48","targetHints":{"allow":["GET"]}}],"collection":[{"href":"https:\/\/wordpress.nibis.de\/hittnews\/wp-json\/wp\/v2\/pages"}],"about":[{"href":"https:\/\/wordpress.nibis.de\/hittnews\/wp-json\/wp\/v2\/types\/page"}],"author":[{"embeddable":true,"href":"https:\/\/wordpress.nibis.de\/hittnews\/wp-json\/wp\/v2\/users\/9192572"}],"replies":[{"embeddable":true,"href":"https:\/\/wordpress.nibis.de\/hittnews\/wp-json\/wp\/v2\/comments?post=48"}],"version-history":[{"count":9,"href":"https:\/\/wordpress.nibis.de\/hittnews\/wp-json\/wp\/v2\/pages\/48\/revisions"}],"predecessor-version":[{"id":745,"href":"https:\/\/wordpress.nibis.de\/hittnews\/wp-json\/wp\/v2\/pages\/48\/revisions\/745"}],"wp:attachment":[{"href":"https:\/\/wordpress.nibis.de\/hittnews\/wp-json\/wp\/v2\/media?parent=48"}],"curies":[{"name":"wp","href":"https:\/\/api.w.org\/{rel}","templated":true}]}}