{"id":1571,"date":"2020-11-17T12:49:16","date_gmt":"2020-11-17T11:49:16","guid":{"rendered":"https:\/\/wordpress.nibis.de\/hmo\/?page_id=1571"},"modified":"2022-11-23T12:47:56","modified_gmt":"2022-11-23T11:47:56","slug":"adus-aufsicht-durch-schueler","status":"publish","type":"page","link":"https:\/\/wordpress.nibis.de\/hmo\/adus-aufsicht-durch-schueler\/","title":{"rendered":"AduS &#8211; Aufsicht durch Sch\u00fcler"},"content":{"rendered":"\n<figure class=\"wp-block-image size-large\"><img loading=\"lazy\" decoding=\"async\" width=\"1200\" height=\"675\" src=\"https:\/\/wordpress.nibis.de\/hmo\/files\/2022\/11\/image-1200x675.png\" alt=\"\" class=\"wp-image-2828\" srcset=\"https:\/\/wordpress.nibis.de\/hmo\/files\/2022\/11\/image-1200x675.png 1200w, https:\/\/wordpress.nibis.de\/hmo\/files\/2022\/11\/image-850x478.png 850w, https:\/\/wordpress.nibis.de\/hmo\/files\/2022\/11\/image-250x141.png 250w, https:\/\/wordpress.nibis.de\/hmo\/files\/2022\/11\/image-768x432.png 768w, https:\/\/wordpress.nibis.de\/hmo\/files\/2022\/11\/image-1536x864.png 1536w, https:\/\/wordpress.nibis.de\/hmo\/files\/2022\/11\/image.png 2048w\" sizes=\"auto, (max-width: 1200px) 100vw, 1200px\" \/><figcaption>Die aktuellen AduS aus Jahrgang 10 <\/figcaption><\/figure>\n\n\n\n<p>Die Abk\u00fcrzung \u201e<strong>AduS<\/strong>\u201c steht f\u00fcr\u00a0<strong>Aufsicht durch Sch\u00fcler<\/strong>\u00a0und ist ein Projekt, das seit August 2017 ein fester Bestandteil der Heinrich-Middendorf-Oberschule ist. Im Rahmen dieses Projektes wird es Sch\u00fclerinnen und Sch\u00fclern des zehnten Jahrgangs erm\u00f6glicht, f\u00fcr ein sicheres Miteinander in ihrer Schule aktiv zu werden. Nach einer theoretischen Vorbereitung durch die Klassenlehrerinnen haben die am Dienst interessierten Sch\u00fcler nach einer schriftlichen Pr\u00fcfung die M\u00f6glichkeit ihr K\u00f6nnen einzubringen.<\/p>\n\n\n\n<p>Ziel des Projektes ist es, dass die Sch\u00fclerinnen und Sch\u00fcler Verantwortung f\u00fcr das schulische Miteinander \u00fcbernehmen, indem sie zus\u00e4tzlich zu den Lehrkr\u00e4ften Pausenaufsichten \u00fcbernehmen. F\u00fcr die aufsichtf\u00fchrenden Sch\u00fcler bedeutet dies auch daf\u00fcr zu sorgen, dass Regeln eingehalten und umgesetzt werden. Um dies zu betonen, tragen die Sch\u00fclerinnen und Sch\u00fcler eine Weste. &nbsp;<\/p>\n\n\n\n<p>Eine Aufsichtsperson ist in dem ihr zugewiesenen Aufsichtsbereich \u201eAuf-Sicht\u201c was bedeutet, dass sie von allen gesehen werden kann.<\/p>\n\n\n\n<p>F\u00fcr Problemf\u00e4lle steht sie selbstverst\u00e4ndlich zur Verf\u00fcgung und kann gegebenenfalls hinzugezogen werden.<\/p>\n\n\n\n<p>Insgesamt dient dieses Projekt der Pers\u00f6nlichkeitsentwicklung und der F\u00f6rderung der sozialen Kompetenzen. Dar\u00fcber hinaus wird die Schulgemeinschaft gest\u00e4rkt und das Schulleben gef\u00f6rdert. Sch\u00fcler erhalten eine st\u00e4rkere Bindung zueinander, da sie sich f\u00fcreinander stark machen und somit f\u00fcr die Rechte aller eintreten.<\/p>\n","protected":false},"excerpt":{"rendered":"<p>Die Abk\u00fcrzung \u201eAduS\u201c steht f\u00fcr\u00a0Aufsicht durch Sch\u00fcler\u00a0und ist ein Projekt, das seit August 2017 ein fester Bestandteil der Heinrich-Middendorf-Oberschule ist. Im Rahmen dieses Projektes wird es Sch\u00fclerinnen und Sch\u00fclern des <a class=\"more-link\" href=\"https:\/\/wordpress.nibis.de\/hmo\/adus-aufsicht-durch-schueler\/\">Continue Reading &rarr;<\/a><\/p>\n","protected":false},"author":930,"featured_media":0,"parent":0,"menu_order":0,"comment_status":"closed","ping_status":"closed","template":"","meta":{"footnotes":""},"class_list":["post-1571","page","type-page","status-publish","hentry"],"_links":{"self":[{"href":"https:\/\/wordpress.nibis.de\/hmo\/wp-json\/wp\/v2\/pages\/1571","targetHints":{"allow":["GET"]}}],"collection":[{"href":"https:\/\/wordpress.nibis.de\/hmo\/wp-json\/wp\/v2\/pages"}],"about":[{"href":"https:\/\/wordpress.nibis.de\/hmo\/wp-json\/wp\/v2\/types\/page"}],"author":[{"embeddable":true,"href":"https:\/\/wordpress.nibis.de\/hmo\/wp-json\/wp\/v2\/users\/930"}],"replies":[{"embeddable":true,"href":"https:\/\/wordpress.nibis.de\/hmo\/wp-json\/wp\/v2\/comments?post=1571"}],"version-history":[{"count":2,"href":"https:\/\/wordpress.nibis.de\/hmo\/wp-json\/wp\/v2\/pages\/1571\/revisions"}],"predecessor-version":[{"id":2830,"href":"https:\/\/wordpress.nibis.de\/hmo\/wp-json\/wp\/v2\/pages\/1571\/revisions\/2830"}],"wp:attachment":[{"href":"https:\/\/wordpress.nibis.de\/hmo\/wp-json\/wp\/v2\/media?parent=1571"}],"curies":[{"name":"wp","href":"https:\/\/api.w.org\/{rel}","templated":true}]}}