{"id":1592,"date":"2020-11-17T13:19:22","date_gmt":"2020-11-17T12:19:22","guid":{"rendered":"https:\/\/wordpress.nibis.de\/hmo\/?page_id=1592"},"modified":"2022-12-07T20:00:06","modified_gmt":"2022-12-07T19:00:06","slug":"schule-ohne-rassismus-schule-mit-courage","status":"publish","type":"page","link":"https:\/\/wordpress.nibis.de\/hmo\/schule-ohne-rassismus-schule-mit-courage\/","title":{"rendered":"Schule ohne Rassismus &#8211; Schule mit Courage"},"content":{"rendered":"\n<p>An bundesweit mehr als 3.000 Schulen haben die Sch\u00fclerinnen und Sch\u00fcler und deren Lehrkr\u00e4fte dazu entschieden, dass sie f\u00fcr eine Welt eintreten wollen, in der die Gleichwertigkeit aller Menschen gelebt wird. \u00dcber zwei Millionen Sch\u00fclerinnen und Sch\u00fcler besuchen mittlerweile eine Schule, deren Mitglieder sich dazu verpflichtet haben, sich nachhaltig gegen jede Form von Diskriminierung einzusetzen. Es sind die Kinder und Jugendlichen, die an den Courage-Schulen entscheiden, mit welchen Themen sie sich besch\u00e4ftigen m\u00f6chten. Mit Unterst\u00fctzung ihrer Lehrkr\u00e4fte bestimmen sie also selbst, was die Agenda ihres Engagements ist.<\/p>\n\n\n\n<p>Die Courage-Schulen werden bei ihren Aktivitaten nicht alleine gelassen. Ihnen stehen die Landes- und Regionalkoordinator*innen, die Angebote der Kooperationspartner, die Bundeskoordination und nat\u00fcrlich ihre Pat*innen unterst\u00fctzend zur Seite. In diesem Sinne unterst\u00fctzt der Kabarettist Kaya Yanar als Pate das Engagement der HMO.<\/p>\n\n\n\n<p>Projekt 2019\/20 &#8211; Erinnern f\u00fcr die Gegenwart<\/p>\n\n\n\n<p>Der Titel des Projektes \u201eErinnern f\u00fcr die Gegenwart\u201c wurde gemeinsam mit der K\u00fcnstlerin Hanna Bischof, mit der Kunstschule Zinnober und einer Kunstlehrerin der Heinrich- Middendorf- Oberschule entwickelt.<\/p>\n\n\n\n<p>Ausgehend von dem Bilderzyklus von Hannah Bischof&nbsp; \u201eVon Papenburg nach Neuruppin \u2013 Zyklus f\u00fcr Maria\u201c, der den Lebens- und Leidensweg der eigenen Gro\u00dfmutter zur Zeit der Euthanasiemorde w\u00e4hrend des Nationalsozialismus zeigt, besch\u00e4ftigten sich die Sch\u00fcler*innen mit ihrer Familie, Diskriminierung und der Euthanasie.<\/p>\n","protected":false},"excerpt":{"rendered":"<p>An bundesweit mehr als 3.000 Schulen haben die Sch\u00fclerinnen und Sch\u00fcler und deren Lehrkr\u00e4fte dazu entschieden, dass sie f\u00fcr eine Welt eintreten wollen, in der die Gleichwertigkeit aller Menschen gelebt <a class=\"more-link\" href=\"https:\/\/wordpress.nibis.de\/hmo\/schule-ohne-rassismus-schule-mit-courage\/\">Continue Reading &rarr;<\/a><\/p>\n","protected":false},"author":930,"featured_media":0,"parent":0,"menu_order":0,"comment_status":"closed","ping_status":"closed","template":"","meta":{"footnotes":""},"class_list":["post-1592","page","type-page","status-publish","hentry"],"_links":{"self":[{"href":"https:\/\/wordpress.nibis.de\/hmo\/wp-json\/wp\/v2\/pages\/1592","targetHints":{"allow":["GET"]}}],"collection":[{"href":"https:\/\/wordpress.nibis.de\/hmo\/wp-json\/wp\/v2\/pages"}],"about":[{"href":"https:\/\/wordpress.nibis.de\/hmo\/wp-json\/wp\/v2\/types\/page"}],"author":[{"embeddable":true,"href":"https:\/\/wordpress.nibis.de\/hmo\/wp-json\/wp\/v2\/users\/930"}],"replies":[{"embeddable":true,"href":"https:\/\/wordpress.nibis.de\/hmo\/wp-json\/wp\/v2\/comments?post=1592"}],"version-history":[{"count":3,"href":"https:\/\/wordpress.nibis.de\/hmo\/wp-json\/wp\/v2\/pages\/1592\/revisions"}],"predecessor-version":[{"id":2861,"href":"https:\/\/wordpress.nibis.de\/hmo\/wp-json\/wp\/v2\/pages\/1592\/revisions\/2861"}],"wp:attachment":[{"href":"https:\/\/wordpress.nibis.de\/hmo\/wp-json\/wp\/v2\/media?parent=1592"}],"curies":[{"name":"wp","href":"https:\/\/api.w.org\/{rel}","templated":true}]}}