{"id":1768,"date":"2020-12-02T09:36:01","date_gmt":"2020-12-02T08:36:01","guid":{"rendered":"https:\/\/wordpress.nibis.de\/hmo\/?page_id=1768"},"modified":"2024-04-07T15:36:13","modified_gmt":"2024-04-07T13:36:13","slug":"freiwilliges-soziales-jahr-an-der-hmo","status":"publish","type":"page","link":"https:\/\/wordpress.nibis.de\/hmo\/freiwilliges-soziales-jahr-an-der-hmo\/","title":{"rendered":"Bundesfreiwilligendienst an der HMO"},"content":{"rendered":"\n<figure class=\"wp-block-image size-full\"><img loading=\"lazy\" decoding=\"async\" width=\"781\" height=\"1116\" src=\"https:\/\/wordpress.nibis.de\/hmo\/files\/2024\/04\/image-1.png\" alt=\"\" class=\"wp-image-3383\" srcset=\"https:\/\/wordpress.nibis.de\/hmo\/files\/2024\/04\/image-1.png 781w, https:\/\/wordpress.nibis.de\/hmo\/files\/2024\/04\/image-1-768x1097.png 768w\" sizes=\"auto, (max-width: 781px) 100vw, 781px\" \/><\/figure>\n\n\n\n<p><strong>Informationen zum Bundesfreiwilligendienst:<\/strong><\/p>\n\n\n\n<p>Der Bundesfreiwilligendienst (BFD) ist ein Bildungs- und Orientierungsjahr f\u00fcr junge Menschen im \u00dcbergang zwischen Schule und Beruf bzw. Studium. Es f\u00f6rdert neben der Pers\u00f6nlichkeitsentwicklung, die Bildungs- und Besch\u00e4ftigungsf\u00e4higkeit, vermittelt soziale, kulturelle und interkulturelle Kompetenzen und gew\u00e4hrt Einblick in die Berufswelt. <\/p>\n\n\n\n<p>Unser Kooperationspartner in der Betreuung der BFDler ist die Arbeiterwohlfahrt (AWO). <\/p>\n\n\n\n<p>Das Aufgabenfeld des BFDler an der Heinrich-Middendorf-Oberschule Aschendorf umfasst folgende T\u00e4tigkeiten:<\/p>\n\n\n\n<ul class=\"wp-block-list\"><li>Begleitung\/Unterst\u00fctzung im Unterricht<\/li><li>Hausaufgabenbetreuung und Nachhilfe<\/li><li>(Eigene) Angebote am Nachmittag<\/li><li>Begleitung der Aufsichten<\/li><li>Betreuung des Freizeitbereichs<\/li><li>Erstellen von Arbeits- und Unterrichtsmaterialien<\/li><li>Unterst\u00fctzung Schulsozialarbeit, Streitschlichtung\/Mediation<\/li><li>Verwaltungsaufgaben, Hausmeistert\u00e4tigkeiten<\/li><li>Gestaltung und Durchf\u00fchrung eines eigenst\u00e4ndigen Projektes, z.B. <ul><li>Sch\u00fclerbibliothek<\/li><\/ul><ul><li>Sch\u00fclerkiosk<\/li><li>Schul(hof)gestaltung<\/li><li>Sch\u00fclerzeitung, Sch\u00fcler-Infowand<\/li><li>Organisation von Schulfest, Projekttag u. \u2013woche<\/li><li>Mitbetreuung des Jugendtreffs uvm.\u200b<\/li><\/ul><\/li><\/ul>\n\n\n\n<p>Das Angebot eines BFD an der Heinrich-Middendorf-Oberschule richtet sich an junge Menschen im Alter von 18 bis 26 Jahren. Es dauert im Regelfall ein Jahr. Der Bundesfreiwilligendienst ist eine Vollzeitt\u00e4tigkeit. Die Arbeitszeit betr\u00e4gt ca. acht Stunden an f\u00fcnf Tagen die Woche. W\u00e4hrend des BFD erhalten die Freiwilligen ein Taschengeld. F\u00fcr R\u00fcckfragen stehen wir gerne zur Verf\u00fcgung.<\/p>\n\n\n\n<p><\/p>\n","protected":false},"excerpt":{"rendered":"<p>Informationen zum Bundesfreiwilligendienst: Der Bundesfreiwilligendienst (BFD) ist ein Bildungs- und Orientierungsjahr f\u00fcr junge Menschen im \u00dcbergang zwischen Schule und Beruf bzw. Studium. Es f\u00f6rdert neben der Pers\u00f6nlichkeitsentwicklung, die Bildungs- und <a class=\"more-link\" href=\"https:\/\/wordpress.nibis.de\/hmo\/freiwilliges-soziales-jahr-an-der-hmo\/\">Continue Reading &rarr;<\/a><\/p>\n","protected":false},"author":930,"featured_media":0,"parent":0,"menu_order":0,"comment_status":"closed","ping_status":"closed","template":"","meta":{"footnotes":""},"class_list":["post-1768","page","type-page","status-publish","hentry"],"_links":{"self":[{"href":"https:\/\/wordpress.nibis.de\/hmo\/wp-json\/wp\/v2\/pages\/1768","targetHints":{"allow":["GET"]}}],"collection":[{"href":"https:\/\/wordpress.nibis.de\/hmo\/wp-json\/wp\/v2\/pages"}],"about":[{"href":"https:\/\/wordpress.nibis.de\/hmo\/wp-json\/wp\/v2\/types\/page"}],"author":[{"embeddable":true,"href":"https:\/\/wordpress.nibis.de\/hmo\/wp-json\/wp\/v2\/users\/930"}],"replies":[{"embeddable":true,"href":"https:\/\/wordpress.nibis.de\/hmo\/wp-json\/wp\/v2\/comments?post=1768"}],"version-history":[{"count":6,"href":"https:\/\/wordpress.nibis.de\/hmo\/wp-json\/wp\/v2\/pages\/1768\/revisions"}],"predecessor-version":[{"id":3388,"href":"https:\/\/wordpress.nibis.de\/hmo\/wp-json\/wp\/v2\/pages\/1768\/revisions\/3388"}],"wp:attachment":[{"href":"https:\/\/wordpress.nibis.de\/hmo\/wp-json\/wp\/v2\/media?parent=1768"}],"curies":[{"name":"wp","href":"https:\/\/api.w.org\/{rel}","templated":true}]}}