{"id":1887,"date":"2021-02-12T18:16:46","date_gmt":"2021-02-12T17:16:46","guid":{"rendered":"https:\/\/wordpress.nibis.de\/hmo\/?page_id=1887"},"modified":"2025-03-24T08:17:12","modified_gmt":"2025-03-24T07:17:12","slug":"medienscouts","status":"publish","type":"page","link":"https:\/\/wordpress.nibis.de\/hmo\/medienscouts\/","title":{"rendered":"Medienscouts"},"content":{"rendered":"\n<p>Seit 2018 gibt es Medienscouts an unserer Schule. Die Medienscoutausbildung ist ein Projekt der Landesinitiative n-21 in Kooperation mit der NLM, dem Nieders\u00e4chsischen Kultusministerium und dem NLQ.<\/p>\n\n\n\n<p>Medienscouts werden dazu ausgebildet, ihre Mitsch\u00fclerinnen und Mitsch\u00fcler bei der Nutzung des Internets zu beraten. Dazu geh\u00f6ren u. a. Verletzung des Urheberrechts, Cybermobbing, Umgang mit pers\u00f6nlichen Daten, Kommunikation im Netz sowie Onlinespiele.<\/p>\n\n\n\n<p>Derzeit gibt es 5 Medienscouts an der HMO, die sich wie folgt engagieren:<\/p>\n\n\n\n<ul class=\"wp-block-list\"><li>Aufkl\u00e4rung \u00fcber Internetsicherheit und aktuelle Cyberkriminalit\u00e4t in der Morgenversammlung<\/li><li>Beratung in Cybermobbingf\u00e4llen<\/li><li>offene Sprechstunde f\u00fcr Lehrerinnen und Lehrer sowie Sch\u00fclerinnen und Sch\u00fcler (Hilfe bei Fragen zu Medien, Software, Cybermobbing&#8230;)<\/li><li>Schulung von Lehrerinnen und Lehrer (Lernsoftware)<\/li><li>Aufkl\u00e4rung zur Internetsicherheit f\u00fcr F\u00fcnftkl\u00e4sslerinnen und F\u00fcnftkl\u00e4ssler, danach Grundsch\u00fclerinnen und Grundsch\u00fcler<\/li><li>Book a Medienscout: Klassen k\u00f6nnen uns zu Themenvortr\u00e4gen buchen<\/li><\/ul>\n\n\n\n<p><\/p>\n\n\n\n<figure class=\"wp-block-image size-large\"><img loading=\"lazy\" decoding=\"async\" width=\"1146\" height=\"675\" src=\"https:\/\/wordpress.nibis.de\/hmo\/files\/2025\/03\/Screenshot-2025-03-24-081540-1146x675.png\" alt=\"\" class=\"wp-image-3764\" \/><\/figure>\n","protected":false},"excerpt":{"rendered":"<p>Seit 2018 gibt es Medienscouts an unserer Schule. Die Medienscoutausbildung ist ein Projekt der Landesinitiative n-21 in Kooperation mit der NLM, dem Nieders\u00e4chsischen Kultusministerium und dem NLQ. Medienscouts werden dazu <a class=\"more-link\" href=\"https:\/\/wordpress.nibis.de\/hmo\/medienscouts\/\">Continue Reading &rarr;<\/a><\/p>\n","protected":false},"author":930,"featured_media":0,"parent":0,"menu_order":0,"comment_status":"closed","ping_status":"closed","template":"","meta":{"footnotes":""},"class_list":["post-1887","page","type-page","status-publish","hentry"],"_links":{"self":[{"href":"https:\/\/wordpress.nibis.de\/hmo\/wp-json\/wp\/v2\/pages\/1887","targetHints":{"allow":["GET"]}}],"collection":[{"href":"https:\/\/wordpress.nibis.de\/hmo\/wp-json\/wp\/v2\/pages"}],"about":[{"href":"https:\/\/wordpress.nibis.de\/hmo\/wp-json\/wp\/v2\/types\/page"}],"author":[{"embeddable":true,"href":"https:\/\/wordpress.nibis.de\/hmo\/wp-json\/wp\/v2\/users\/930"}],"replies":[{"embeddable":true,"href":"https:\/\/wordpress.nibis.de\/hmo\/wp-json\/wp\/v2\/comments?post=1887"}],"version-history":[{"count":6,"href":"https:\/\/wordpress.nibis.de\/hmo\/wp-json\/wp\/v2\/pages\/1887\/revisions"}],"predecessor-version":[{"id":3766,"href":"https:\/\/wordpress.nibis.de\/hmo\/wp-json\/wp\/v2\/pages\/1887\/revisions\/3766"}],"wp:attachment":[{"href":"https:\/\/wordpress.nibis.de\/hmo\/wp-json\/wp\/v2\/media?parent=1887"}],"curies":[{"name":"wp","href":"https:\/\/api.w.org\/{rel}","templated":true}]}}