{"id":221,"date":"2018-10-04T11:29:30","date_gmt":"2018-10-04T09:29:30","guid":{"rendered":"http:\/\/wordpress.nibis.de\/hmo\/?page_id=221"},"modified":"2021-03-24T09:05:11","modified_gmt":"2021-03-24T08:05:11","slug":"unsere-schule","status":"publish","type":"page","link":"https:\/\/wordpress.nibis.de\/hmo\/unsere-schule\/","title":{"rendered":"Namensgebung"},"content":{"rendered":"<div class=\"n module-type-header diyfeLiveArea \"><strong>Pater Heinrich Middendorf<\/strong><\/div>\n<div>\u00a0<\/div>\n<div>\u00a0<\/div>\n<div class=\"n module-type-textWithImage diyfeLiveArea \">\n<div id=\"textWithImage-5796317170\" class=\"clearover \">\n<div class=\"align-container imgleft\"><img loading=\"lazy\" decoding=\"async\" class=\"aligncenter size-full wp-image-418\" src=\"http:\/\/wordpress.nibis.de\/hmo\/files\/2018\/12\/Middendorf.jpg\" alt=\"\" width=\"289\" height=\"418\" \/><\/div>\n<div class=\"textwrapper\">\n<p>Pater Heinrich Middendorf, Namensgeber unserer Schule, hat sich in einer unmenschlichen Zeit trotz gro\u00dfer pers\u00f6nlicher Risiken f\u00fcr Menschlichkeit und Toleranz eingesetzt. Diese humane Orientierung pr\u00e4gt unser Schulklima.<\/p>\n<\/div>\n<\/div>\n<\/div>\n<div class=\"n module-type-textWithImage diyfeLiveArea \">\n<div id=\"textWithImage-5796283845\" class=\"clearover \">\u00a0<\/div>\n<\/div>\n<div class=\"n module-type-textWithImage diyfeLiveArea \">\n<div id=\"textWithImage-5803832891\" class=\"clearover \">\n<div class=\"textwrapper\">\n<p><strong>Pater Heinrich Middendorf &#8211; Leben und Wirken (von Paul Thoben)<\/strong><\/p>\n<\/div>\n<\/div>\n<\/div>\n\n\n<div class=\"wp-block-file\"><a href=\"https:\/\/wordpress.nibis.de\/hmo\/files\/2020\/11\/Middendorf-2019.pdf\">Middendorf-2019<\/a><a href=\"https:\/\/wordpress.nibis.de\/hmo\/files\/2020\/11\/Middendorf-2019.pdf\" class=\"wp-block-file__button\" download>Herunterladen<\/a><\/div>\n\n\n\n<p><strong>Pr\u00e4sentation zum Zeitzeugengespr\u00e4ch mit Ursula Giessler von 2017 (Paul Thoben)<\/strong><\/p>\n\n\n\n<div class=\"wp-block-file\"><a href=\"https:\/\/wordpress.nibis.de\/hmo\/files\/2021\/03\/2017-Giessler.pdf\">2017-Giessler<\/a><a href=\"https:\/\/wordpress.nibis.de\/hmo\/files\/2021\/03\/2017-Giessler.pdf\" class=\"wp-block-file__button\" download>Herunterladen<\/a><\/div>\n\n\n\n<figure class=\"wp-block-embed-wordpress wp-block-embed is-type-wp-embed is-provider-gymnasium-leoninum-handrup-2021\"><div class=\"wp-block-embed__wrapper\">\n<blockquote class=\"wp-embedded-content\" data-secret=\"Qiov0myVZU\"><a href=\"https:\/\/leoninum.org\/2017\/06\/besuch-am-grab-von-p-heinrich-middendorf\/\">Besuch am Grab von P. Heinrich Middendorf<\/a><\/blockquote><iframe loading=\"lazy\" class=\"wp-embedded-content\" sandbox=\"allow-scripts\" security=\"restricted\" style=\"position: absolute; clip: rect(1px, 1px, 1px, 1px);\" title=\"&#8222;Besuch am Grab von P. Heinrich Middendorf&#8220; &#8212; Gymnasium Leoninum Handrup 2021\" src=\"https:\/\/leoninum.org\/2017\/06\/besuch-am-grab-von-p-heinrich-middendorf\/embed\/#?secret=Qiov0myVZU\" data-secret=\"Qiov0myVZU\" width=\"600\" height=\"338\" frameborder=\"0\" marginwidth=\"0\" marginheight=\"0\" scrolling=\"no\"><\/iframe>\n<\/div><\/figure>\n\n\n\n<p><strong>Chronologische Liste der Gerechten unter den V\u00f6lkern (von Paul Thoben)<\/strong><\/p>\n\n\n\n<div class=\"wp-block-file\"><a href=\"https:\/\/wordpress.nibis.de\/hmo\/files\/2021\/03\/Gerechte-unter-den-V\u00f6lkern.pdf\">Gerechte-unter-den-V\u00f6lkern<\/a><a href=\"https:\/\/wordpress.nibis.de\/hmo\/files\/2021\/03\/Gerechte-unter-den-V\u00f6lkern.pdf\" class=\"wp-block-file__button\" download>Herunterladen<\/a><\/div>\n\n\n\n<p><\/p>\n","protected":false},"excerpt":{"rendered":"<p>Pater Heinrich Middendorf \u00a0 \u00a0 Pater Heinrich Middendorf, Namensgeber unserer Schule, hat sich in einer unmenschlichen Zeit trotz gro\u00dfer pers\u00f6nlicher Risiken f\u00fcr Menschlichkeit und Toleranz eingesetzt. Diese humane Orientierung pr\u00e4gt <a class=\"more-link\" href=\"https:\/\/wordpress.nibis.de\/hmo\/unsere-schule\/\">Continue Reading &rarr;<\/a><\/p>\n","protected":false},"author":930,"featured_media":0,"parent":0,"menu_order":0,"comment_status":"closed","ping_status":"closed","template":"","meta":{"footnotes":""},"class_list":["post-221","page","type-page","status-publish","hentry"],"_links":{"self":[{"href":"https:\/\/wordpress.nibis.de\/hmo\/wp-json\/wp\/v2\/pages\/221","targetHints":{"allow":["GET"]}}],"collection":[{"href":"https:\/\/wordpress.nibis.de\/hmo\/wp-json\/wp\/v2\/pages"}],"about":[{"href":"https:\/\/wordpress.nibis.de\/hmo\/wp-json\/wp\/v2\/types\/page"}],"author":[{"embeddable":true,"href":"https:\/\/wordpress.nibis.de\/hmo\/wp-json\/wp\/v2\/users\/930"}],"replies":[{"embeddable":true,"href":"https:\/\/wordpress.nibis.de\/hmo\/wp-json\/wp\/v2\/comments?post=221"}],"version-history":[{"count":12,"href":"https:\/\/wordpress.nibis.de\/hmo\/wp-json\/wp\/v2\/pages\/221\/revisions"}],"predecessor-version":[{"id":1969,"href":"https:\/\/wordpress.nibis.de\/hmo\/wp-json\/wp\/v2\/pages\/221\/revisions\/1969"}],"wp:attachment":[{"href":"https:\/\/wordpress.nibis.de\/hmo\/wp-json\/wp\/v2\/media?parent=221"}],"curies":[{"name":"wp","href":"https:\/\/api.w.org\/{rel}","templated":true}]}}