{"id":286,"date":"2018-10-04T12:40:46","date_gmt":"2018-10-04T10:40:46","guid":{"rendered":"http:\/\/wordpress.nibis.de\/hmo\/?page_id=286"},"modified":"2021-03-28T13:19:34","modified_gmt":"2021-03-28T11:19:34","slug":"zeitmodell","status":"publish","type":"page","link":"https:\/\/wordpress.nibis.de\/hmo\/zeitmodell\/","title":{"rendered":"Zeitmodell"},"content":{"rendered":"<div class=\"n module-type-text diyfeLiveArea \">\n<p>Die HMO hat sich von einem traditionellen Zeitmodell mit 45-Minuten-Bl\u00f6cken getrennt, um innovatives und zielgerichtetes Lernen zu erm\u00f6glichen.<\/p>\n<p>Die erste und zweite, sowie die\u00a0vierte und f\u00fcnfte Stunde bzw. siebte und achte Stunde werden deshalb in einem 80-Minuten-Block unterrichtet. Alle anderen Stunden unterliegen dem 45-Minuten-Rhythmus. Insbesondere in den &#8222;Doppelstunden&#8220;\u00a0 lassen sich im Unterricht besser Projekte, Gruppenarbeiten oder Experimente durchf\u00fchren, ohne die Sch\u00fcler mit dem zeitlichen Rahmen zu \u00fcberfordern.<\/p>\n<p>Da f\u00fcr die Oberschule der Ganztagsbetrieb vorgesehen ist, wird dienstags und donnerstags nach der f\u00fcnften\u00a0Stunde Zeit f\u00fcr ein Mittagessen in der Mensa einger\u00e4umt. In der anschlie\u00dfenden EVA-Zeit werden die Sch\u00fcler individuell betreut und k\u00f6nnen auch ihre Hausaufgaben machen.<\/p>\n<\/div>\n<div class=\"n module-type-table diyfeLiveArea \">\n<div id=\"table_5807098436\">\n<div id=\"table_5807098436_container\" class=\"tableContainer\"><\/div>\n<div><\/div>\n<\/div>\n<\/div>\n","protected":false},"excerpt":{"rendered":"<p>Die HMO hat sich von einem traditionellen Zeitmodell mit 45-Minuten-Bl\u00f6cken getrennt, um innovatives und zielgerichtetes Lernen zu erm\u00f6glichen. Die erste und zweite, sowie die\u00a0vierte und f\u00fcnfte Stunde bzw. siebte und <a class=\"more-link\" href=\"https:\/\/wordpress.nibis.de\/hmo\/zeitmodell\/\">Continue Reading &rarr;<\/a><\/p>\n","protected":false},"author":930,"featured_media":0,"parent":0,"menu_order":0,"comment_status":"closed","ping_status":"closed","template":"","meta":{"footnotes":""},"class_list":["post-286","page","type-page","status-publish","hentry"],"_links":{"self":[{"href":"https:\/\/wordpress.nibis.de\/hmo\/wp-json\/wp\/v2\/pages\/286","targetHints":{"allow":["GET"]}}],"collection":[{"href":"https:\/\/wordpress.nibis.de\/hmo\/wp-json\/wp\/v2\/pages"}],"about":[{"href":"https:\/\/wordpress.nibis.de\/hmo\/wp-json\/wp\/v2\/types\/page"}],"author":[{"embeddable":true,"href":"https:\/\/wordpress.nibis.de\/hmo\/wp-json\/wp\/v2\/users\/930"}],"replies":[{"embeddable":true,"href":"https:\/\/wordpress.nibis.de\/hmo\/wp-json\/wp\/v2\/comments?post=286"}],"version-history":[{"count":6,"href":"https:\/\/wordpress.nibis.de\/hmo\/wp-json\/wp\/v2\/pages\/286\/revisions"}],"predecessor-version":[{"id":1994,"href":"https:\/\/wordpress.nibis.de\/hmo\/wp-json\/wp\/v2\/pages\/286\/revisions\/1994"}],"wp:attachment":[{"href":"https:\/\/wordpress.nibis.de\/hmo\/wp-json\/wp\/v2\/media?parent=286"}],"curies":[{"name":"wp","href":"https:\/\/api.w.org\/{rel}","templated":true}]}}