{"id":288,"date":"2018-10-04T12:40:46","date_gmt":"2018-10-04T10:40:46","guid":{"rendered":"http:\/\/wordpress.nibis.de\/hmo\/?page_id=288"},"modified":"2021-03-28T13:18:15","modified_gmt":"2021-03-28T11:18:15","slug":"schuelervertretung","status":"publish","type":"page","link":"https:\/\/wordpress.nibis.de\/hmo\/schuelervertretung\/","title":{"rendered":"Sch\u00fclervertretung"},"content":{"rendered":"<div class=\"n module-type-header diyfeLiveArea \">\n<h1><span class=\"diyfeDecoration\">Sch\u00fclervertretung<\/span><\/h1>\n<\/div>\n<div class=\"n module-type-text diyfeLiveArea \">\n<p>Die Sch\u00fclervertreter stehen den Mitsch\u00fclern als Ansprechpartner zur Verf\u00fcgung f\u00fcr Probleme, Ideen und s\u00e4mtliche Anliegen der Sch\u00fclerschaft.<\/p>\n<p><img loading=\"lazy\" decoding=\"async\" class=\"aligncenter size-large wp-image-1467\" src=\"https:\/\/wordpress.nibis.de\/hmo\/files\/2020\/09\/signal-2020-09-18-094245-1200x675.jpeg\" alt=\"\" width=\"688\" height=\"387\" \/><\/p>\n<\/div>\n<div><strong>Namen<\/strong><\/div>\n<div>Damian Stebner 5a, Milena Fraiter 5b, Miguel Brinkmann 6a, Luisa Busch 7a, Lea Schr\u00f6der 8b, Adelina Werner 9a, V<strong>anessa Klein 9b, Marco Wemken 10a, Ina Kampling 10b = Sch\u00fclersprecherteam<\/strong><\/div>\n<div><\/div>\n<div class=\"n module-type-text diyfeLiveArea \">\n<\/div>\n<div class=\"n module-type-text diyfeLiveArea \">\n<p><img loading=\"lazy\" decoding=\"async\" class=\"aligncenter size-full wp-image-556\" src=\"http:\/\/wordpress.nibis.de\/hmo\/files\/2018\/12\/6420418.jpg\" alt=\"\" width=\"400\" height=\"600\" \/><\/p>\n<p>SV-Beraterin ist Frau Dittchrist, Vertretung: Herr\u00a0Hoffmann<\/p>\n<\/div>\n","protected":false},"excerpt":{"rendered":"<p>Sch\u00fclervertretung Die Sch\u00fclervertreter stehen den Mitsch\u00fclern als Ansprechpartner zur Verf\u00fcgung f\u00fcr Probleme, Ideen und s\u00e4mtliche Anliegen der Sch\u00fclerschaft. Namen Damian Stebner 5a, Milena Fraiter 5b, Miguel Brinkmann 6a, Luisa Busch <a class=\"more-link\" href=\"https:\/\/wordpress.nibis.de\/hmo\/schuelervertretung\/\">Continue Reading &rarr;<\/a><\/p>\n","protected":false},"author":930,"featured_media":0,"parent":0,"menu_order":0,"comment_status":"closed","ping_status":"closed","template":"","meta":{"footnotes":""},"class_list":["post-288","page","type-page","status-publish","hentry"],"_links":{"self":[{"href":"https:\/\/wordpress.nibis.de\/hmo\/wp-json\/wp\/v2\/pages\/288","targetHints":{"allow":["GET"]}}],"collection":[{"href":"https:\/\/wordpress.nibis.de\/hmo\/wp-json\/wp\/v2\/pages"}],"about":[{"href":"https:\/\/wordpress.nibis.de\/hmo\/wp-json\/wp\/v2\/types\/page"}],"author":[{"embeddable":true,"href":"https:\/\/wordpress.nibis.de\/hmo\/wp-json\/wp\/v2\/users\/930"}],"replies":[{"embeddable":true,"href":"https:\/\/wordpress.nibis.de\/hmo\/wp-json\/wp\/v2\/comments?post=288"}],"version-history":[{"count":9,"href":"https:\/\/wordpress.nibis.de\/hmo\/wp-json\/wp\/v2\/pages\/288\/revisions"}],"predecessor-version":[{"id":1993,"href":"https:\/\/wordpress.nibis.de\/hmo\/wp-json\/wp\/v2\/pages\/288\/revisions\/1993"}],"wp:attachment":[{"href":"https:\/\/wordpress.nibis.de\/hmo\/wp-json\/wp\/v2\/media?parent=288"}],"curies":[{"name":"wp","href":"https:\/\/api.w.org\/{rel}","templated":true}]}}