{"id":3250,"date":"2024-01-08T11:40:36","date_gmt":"2024-01-08T10:40:36","guid":{"rendered":"https:\/\/wordpress.nibis.de\/hmo\/?page_id=3250"},"modified":"2025-07-04T15:46:28","modified_gmt":"2025-07-04T13:46:28","slug":"schulische-sozialarbeit-2","status":"publish","type":"page","link":"https:\/\/wordpress.nibis.de\/hmo\/schulische-sozialarbeit-2\/","title":{"rendered":"Schulische Sozialarbeit"},"content":{"rendered":"\n<p><strong>F\u00fcr wen ist die Schulsozialarbeit da?<\/strong><\/p>\n\n\n\n<ul class=\"wp-block-list\"><li>F\u00fcr Sch\u00fclerInnen bei privaten oder schulischen Fragen und Problemen<\/li><li>F\u00fcr ganze Klassen oder Gruppen bei Themen, die ihnen wichtig sind, zur Umsetzung von Ideen oder bei Konflikten<\/li><li>F\u00fcr LehrerInnen und die Schulleitung bei schulischen und p\u00e4dagogischen Fragen<\/li><li>F\u00fcr Eltern bei Erziehungsfragen, bei Kontakten zur Schule und bei der Mitgestaltung des Lebensraums Schule<\/li><\/ul>\n\n\n\n<p><strong>Welche Angebote machen wir?<\/strong><\/p>\n\n\n\n<ul class=\"wp-block-list\"><li>Einzelfallhilfe, Beratung und Krisenintervention<\/li><li>Sozialp\u00e4dagogische Gruppenarbeit<\/li><li>Sport- und Werk AGs<\/li><li>Projekte zu verschiedenen Themen, je nach Bedarf<\/li><li>Elternarbeit und F\u00f6rderung der Elternmitwirkung<\/li><li>Mitarbeit bei der Schulentwicklung<\/li><li>Vernetzung der Schule mit dem Stadtteil<\/li><li>Kooperation mit au\u00dferschulischen PartnerInnen<\/li><\/ul>\n\n\n\n<p><strong>Welche Grunds\u00e4tze gelten?<\/strong><\/p>\n\n\n\n<ul class=\"wp-block-list\"><li>Vertraulichkeit. Wir unterliegen der Schweigepflicht.<\/li><li>Freiwilligkeit, jeder kann, keiner muss mit uns reden.<\/li><li>Wir arbeiten pr\u00e4ventiv.<\/li><li>Wir arbeiten lieber ressourcen- und l\u00f6sungsorientiert, anstatt defizit- und problemorientiert.<\/li><li>Wir beziehen die Sch\u00fclerInnen in Entscheidungsprozesse ein und best\u00e4rken sie darin, ihr Anliegen einzubringen.<\/li><li>Wir bewerten und beurteilen niemanden.<\/li><li>Wir arbeiten auf gleicher Augenh\u00f6he.<\/li><\/ul>\n\n\n\n<p><strong>Was machen Schulsozialarbeiter?<\/strong><\/p>\n\n\n\n<p><em>Benoten Schulsozialarbeiter die Sch\u00fclerInnen?<\/em><\/p>\n\n\n\n<p>Nein. Schulsozialarbeiter sind keine Lehrer und geben keine Noten.<\/p>\n\n\n\n<p><em>Sind die Schulsozialarbeiter immer auf der Seite der Lehrer?<\/em><\/p>\n\n\n\n<p>Nein. Schulsozialarbeiter sind allparteilich, d.h. sie setzen sich f\u00fcr beide Seiten gleicherma\u00dfen ein, um eine gute L\u00f6sung zu erarbeiten.<\/p>\n\n\n\n<p><em>Unterrichten Schulsozialarbeiter?<\/em><\/p>\n\n\n\n<p>Nein. Sie betreuen den Freizeitbereich in der Schule und arbeiten manchmal mit Klassen und f\u00fchren z.B. ein Training der Sozialkompetenzen durch oder bieten Schul-AGs an.<\/p>\n\n\n\n<p class=\"has-text-align-left\"><strong>Kontakt<\/strong>:<\/p>\n\n\n\n<p><strong>Anna Krull<\/strong><\/p>\n\n\n\n<p>Montag 7:45 &#8211; 11:30 Uhr<\/p>\n\n\n\n<p>Dienstag, Donnerstag 7.30 &#8211; 15:30 Uhr<\/p>\n\n\n\n<p>Mittwoch 11:00 \u2013 14:00 Uhr<\/p>\n\n\n\n<p>Freitag 11:00 &#8211; 13:15 Uhr<br \/><br \/>Telefon: 04962\/90686-28<br \/>B\u00fcro im Hauptgeb\u00e4ude (Freizeitbereich)<br \/>a&#110;&#110;&#97;&#x2e;&#x6b;&#x72;ul&#108;&#64;&#x68;&#x65;&#x69;&#x6e;ri&#99;&#104;&#x2d;&#x6d;&#x69;&#x64;d&#101;&#110;&#100;&#x6f;&#x72;&#x66;-o&#98;&#101;&#114;&#x73;&#x63;&#x68;ul&#101;&#46;&#x65;&#x75;<\/p>\n\n\n\n<div class=\"wp-block-image\"><figure class=\"alignleft size-full is-resized\"><img loading=\"lazy\" decoding=\"async\" src=\"https:\/\/wordpress.nibis.de\/hmo\/files\/2024\/01\/Andre_Merz-1.png\" alt=\"\" class=\"wp-image-3266\" width=\"205\" height=\"253\" \/><\/figure><\/div>\n\n\n\n<p><strong>Andre Merz<\/strong><\/p>\n\n\n\n<p class=\"has-text-align-left\">Montag bis Freitag 7.45h -13.45h<\/p>\n\n\n\n<p class=\"has-text-align-left\">und am Donnerstag von 13.45h -15.45h<\/p>\n\n\n\n<p class=\"has-text-align-left\">und nach telefonischer Vereinbarung auch au\u00dferhalb der Dienstzeiten unter<\/p>\n\n\n\n<p class=\"has-text-align-left\">04962\/90686-29<\/p>\n\n\n\n<p class=\"has-text-align-left\">&#x61;&#110;d&#x72;&#101;&#46;&#x6d;&#101;r&#x7a;&#64;h&#x65;&#105;n&#x72;&#105;c&#x68;&#45;m&#x69;&#100;d&#x65;&#110;d&#x6f;&#114;f&#x2d;&#111;b&#x65;&#114;s&#x63;&#104;u&#x6c;&#101;&#46;&#x65;&#117;<\/p>\n\n\n\n<p><strong>Weitere Angebote:<\/strong><\/p>\n\n\n\n<p>Du kannst dich in <a href=\"https:\/\/wordpress.nibis.de\/hmo\/files\/2024\/01\/Liste_Hilfeangebote_2022_U25.pdf\" data-type=\"URL\" data-id=\"https:\/\/wordpress.nibis.de\/hmo\/files\/2024\/01\/Liste_Hilfeangebote_2022_U25.pdf\">dieser Datei<\/a> informieren, welche weiteren Unterst\u00fctzungsangebote es gibt.<\/p>\n\n\n","protected":false},"excerpt":{"rendered":"<p>F\u00fcr wen ist die Schulsozialarbeit da? F\u00fcr Sch\u00fclerInnen bei privaten oder schulischen Fragen und Problemen F\u00fcr ganze Klassen oder Gruppen bei Themen, die ihnen wichtig sind, zur Umsetzung von Ideen <a class=\"more-link\" href=\"https:\/\/wordpress.nibis.de\/hmo\/schulische-sozialarbeit-2\/\">Continue Reading &rarr;<\/a><\/p>\n","protected":false},"author":9193876,"featured_media":0,"parent":0,"menu_order":0,"comment_status":"closed","ping_status":"closed","template":"","meta":{"footnotes":""},"class_list":["post-3250","page","type-page","status-publish","hentry"],"_links":{"self":[{"href":"https:\/\/wordpress.nibis.de\/hmo\/wp-json\/wp\/v2\/pages\/3250","targetHints":{"allow":["GET"]}}],"collection":[{"href":"https:\/\/wordpress.nibis.de\/hmo\/wp-json\/wp\/v2\/pages"}],"about":[{"href":"https:\/\/wordpress.nibis.de\/hmo\/wp-json\/wp\/v2\/types\/page"}],"author":[{"embeddable":true,"href":"https:\/\/wordpress.nibis.de\/hmo\/wp-json\/wp\/v2\/users\/9193876"}],"replies":[{"embeddable":true,"href":"https:\/\/wordpress.nibis.de\/hmo\/wp-json\/wp\/v2\/comments?post=3250"}],"version-history":[{"count":8,"href":"https:\/\/wordpress.nibis.de\/hmo\/wp-json\/wp\/v2\/pages\/3250\/revisions"}],"predecessor-version":[{"id":3893,"href":"https:\/\/wordpress.nibis.de\/hmo\/wp-json\/wp\/v2\/pages\/3250\/revisions\/3893"}],"wp:attachment":[{"href":"https:\/\/wordpress.nibis.de\/hmo\/wp-json\/wp\/v2\/media?parent=3250"}],"curies":[{"name":"wp","href":"https:\/\/api.w.org\/{rel}","templated":true}]}}